{"id":1593,"date":"2017-03-22T11:37:23","date_gmt":"2017-03-22T11:37:23","guid":{"rendered":"http:\/\/monbarcino.com\/producto\/ruta-las-ramblas\/"},"modified":"2026-03-06T08:58:37","modified_gmt":"2026-03-06T08:58:37","slug":"ruta-las-ramblas","status":"publish","type":"product","link":"http:\/\/monbarcino.com\/ca\/producto\/ruta-las-ramblas\/","title":{"rendered":"Ruta Las Rambles"},"content":{"rendered":"<p>Una via \u00fanica i excepcional de la ciutat que \u00e9s colorista,diversa,espectacular i molt m\u00e9s.Recorre-la des de la pla\u00e7a Catalunya fins al port i descobreix els seus or\u00edgens com a torrent fins a convertir-se en la via m\u00e9s transitada de la ciutat.Passeja per les diferents rambles la de canaletes,la dels estudis,la de les flors,la dels caputxins o la de santa M\u00f2nica. Coneix la seva hist\u00f2ria i la dels edificis que la flanquegen.<\/p>","protected":false},"excerpt":{"rendered":"<p>Una via \u00fanica i excepcional de la ciutat que \u00e9s colorista, diversa, espectacular i molt m\u00e9s. Recorre-la des de la pla\u00e7a Catalunya fins al port i descobreix els seus or\u00edgens com a torrent fins a convertir-se en la via m\u00e9s transitada de la ciutat.Passeja per les diferents rambles la de canaletes, la dels estudis, la de les flors o Sant Josep, la dels caputxins o la de Santa M\u00f2nica. Coneix la seva hist\u00f2ria, descubreix els edificis que la flanquegen i moltes curiositats del carrer m\u00e9s conegut de Barcelona.<\/p>\n","protected":false},"featured_media":1865,"comment_status":"open","ping_status":"closed","template":"","meta":[],"product_cat":[275],"product_tag":[],"yoast_head":"<!-- This site is optimized with the Yoast SEO plugin v19.2 - https:\/\/yoast.com\/wordpress\/plugins\/seo\/ -->\n<title>Ruta Las Rambles - M\u00f3n Barcino<\/title>\n<meta name=\"robots\" content=\"index, follow, max-snippet:-1, max-image-preview:large, max-video-preview:-1\" \/>\n<link rel=\"canonical\" href=\"https:\/\/monbarcino.com\/ca\/producto\/ruta-las-ramblas\/\" \/>\n<meta property=\"og:locale\" content=\"ca_ES\" \/>\n<meta property=\"og:type\" content=\"article\" \/>\n<meta property=\"og:title\" content=\"[:es]Ruta Las Ramblas[:ca]Ruta Las Rambles[:] - M\u00f3n Barcino\" \/>\n<meta property=\"og:description\" content=\"[:es]Una v\u00eda \u00fanica y excepcional de la ciudad que es colorista, diversa, espectacular y mucho m\u00e1s. Rec\u00f3rrela desde la plaza Catalu\u00f1a hasta el puerto y descubre sus or\u00edgenes como torrente hasta convertirse en la v\u00eda m\u00e1s transitada de la ciudad. Pasea por las diferentes ramblas la de canaletas, la de los estudios, la de las flores o Sant Jos\u00e9, la de los capuchinos o la de Santa M\u00f3nica. Conoce su historia, descubre los edificios que la flanquean y muchas curiosidades de la calle m\u00e1s conocida de Barcelona.[:ca]Una via \u00fanica i excepcional de la ciutat que \u00e9s colorista, diversa, espectacular i molt m\u00e9s. Recorre-la des de la pla\u00e7a Catalunya fins al port i descobreix els seus or\u00edgens com a torrent fins a convertir-se en la via m\u00e9s transitada de la ciutat.Passeja per les diferents rambles la de canaletes, la dels estudis, la de les flors o Sant Josep, la dels caputxins o la de Santa M\u00f2nica. Coneix la seva hist\u00f2ria, descubreix els edificis que la flanquegen i moltes curiositats del carrer m\u00e9s conegut de Barcelona.[:]\" \/>\n<meta property=\"og:url\" content=\"https:\/\/monbarcino.com\/ca\/producto\/ruta-las-ramblas\/\" \/>\n<meta property=\"og:site_name\" content=\"M\u00f3n Barcino\" \/>\n<meta property=\"article:publisher\" content=\"https:\/\/www.facebook.com\/Monbarcino\/\" \/>\n<meta property=\"article:modified_time\" content=\"2026-03-06T08:58:37+00:00\" \/>\n<meta property=\"og:image\" content=\"https:\/\/monbarcino.com\/wp-content\/uploads\/2017\/03\/La_Rambla_2009-06-10.jpg\" \/>\n\t<meta property=\"og:image:width\" content=\"2314\" \/>\n\t<meta property=\"og:image:height\" content=\"2556\" \/>\n\t<meta property=\"og:image:type\" content=\"image\/jpeg\" \/>\n<meta name=\"author\" content=\"Juanjo Martinez\" \/>\n<meta name=\"twitter:card\" content=\"summary_large_image\" \/>\n<meta name=\"twitter:site\" content=\"@monbarcino\" \/>\n<meta name=\"twitter:label1\" content=\"Temps estimat de lectura\" \/>\n\t<meta name=\"twitter:data1\" content=\"1 minut\" \/>\n<script type=\"application\/ld+json\" class=\"yoast-schema-graph\">{\"@context\":\"https:\/\/schema.org\",\"@graph\":[{\"@type\":\"Organization\",\"@id\":\"https:\/\/monbarcino.com\/#organization\",\"name\":\"MonBarcino\",\"url\":\"https:\/\/monbarcino.com\/\",\"sameAs\":[\"https:\/\/www.instagram.com\/monbarcino\/\",\"https:\/\/www.facebook.com\/Monbarcino\/\",\"https:\/\/twitter.com\/monbarcino\"],\"logo\":{\"@type\":\"ImageObject\",\"inLanguage\":\"ca\",\"@id\":\"https:\/\/monbarcino.com\/#\/schema\/logo\/image\/\",\"url\":\"https:\/\/monbarcino.com\/wp-content\/uploads\/2019\/04\/logo.jpg\",\"contentUrl\":\"https:\/\/monbarcino.com\/wp-content\/uploads\/2019\/04\/logo.jpg\",\"width\":750,\"height\":703,\"caption\":\"MonBarcino\"},\"image\":{\"@id\":\"https:\/\/monbarcino.com\/#\/schema\/logo\/image\/\"}},{\"@type\":\"WebSite\",\"@id\":\"https:\/\/monbarcino.com\/#website\",\"url\":\"https:\/\/monbarcino.com\/\",\"name\":\"M\u00f3n Barcino\",\"description\":\"Rutes i visites guiades per Barcelona\",\"publisher\":{\"@id\":\"https:\/\/monbarcino.com\/#organization\"},\"potentialAction\":[{\"@type\":\"SearchAction\",\"target\":{\"@type\":\"EntryPoint\",\"urlTemplate\":\"https:\/\/monbarcino.com\/?s={search_term_string}\"},\"query-input\":\"required name=search_term_string\"}],\"inLanguage\":\"ca\"},{\"@type\":\"ImageObject\",\"inLanguage\":\"ca\",\"@id\":\"https:\/\/monbarcino.com\/ca\/producto\/ruta-las-ramblas\/#primaryimage\",\"url\":\"http:\/\/monbarcino.com\/wp-content\/uploads\/2017\/03\/La_Rambla_2009-06-10.jpg\",\"contentUrl\":\"http:\/\/monbarcino.com\/wp-content\/uploads\/2017\/03\/La_Rambla_2009-06-10.jpg\",\"width\":2314,\"height\":2556},{\"@type\":\"WebPage\",\"@id\":\"https:\/\/monbarcino.com\/ca\/producto\/ruta-las-ramblas\/#webpage\",\"url\":\"https:\/\/monbarcino.com\/ca\/producto\/ruta-las-ramblas\/\",\"name\":\"[:es]Ruta Las Ramblas[:ca]Ruta Las Rambles[:] - M\u00f3n Barcino\",\"isPartOf\":{\"@id\":\"https:\/\/monbarcino.com\/#website\"},\"primaryImageOfPage\":{\"@id\":\"https:\/\/monbarcino.com\/ca\/producto\/ruta-las-ramblas\/#primaryimage\"},\"datePublished\":\"2017-03-22T11:37:23+00:00\",\"dateModified\":\"2026-03-06T08:58:37+00:00\",\"breadcrumb\":{\"@id\":\"https:\/\/monbarcino.com\/ca\/producto\/ruta-las-ramblas\/#breadcrumb\"},\"inLanguage\":\"ca\",\"potentialAction\":[{\"@type\":\"ReadAction\",\"target\":[\"https:\/\/monbarcino.com\/ca\/producto\/ruta-las-ramblas\/\"]}]},{\"@type\":\"BreadcrumbList\",\"@id\":\"https:\/\/monbarcino.com\/ca\/producto\/ruta-las-ramblas\/#breadcrumb\",\"itemListElement\":[{\"@type\":\"ListItem\",\"position\":1,\"name\":\"Portada\",\"item\":\"https:\/\/monbarcino.com\/\"},{\"@type\":\"ListItem\",\"position\":2,\"name\":\"Rutes\",\"item\":\"https:\/\/monbarcino.com\/ca\/rutas\/\"},{\"@type\":\"ListItem\",\"position\":3,\"name\":\"Ruta Las Rambles\"}]}]}<\/script>\n<!-- \/ Yoast SEO plugin. -->","yoast_head_json":{"title":"[:es]Ruta Las Ramblas[:ca]Ruta Las Rambles[:] - M\u00f3n Barcino","robots":{"index":"index","follow":"follow","max-snippet":"max-snippet:-1","max-image-preview":"max-image-preview:large","max-video-preview":"max-video-preview:-1"},"canonical":"https:\/\/monbarcino.com\/ca\/producto\/ruta-las-ramblas\/","og_locale":"ca_ES","og_type":"article","og_title":"[:es]Ruta Las Ramblas[:ca]Ruta Las Rambles[:] - M\u00f3n Barcino","og_description":"[:es]Una v\u00eda \u00fanica y excepcional de la ciudad que es colorista, diversa, espectacular y mucho m\u00e1s. Rec\u00f3rrela desde la plaza Catalu\u00f1a hasta el puerto y descubre sus or\u00edgenes como torrente hasta convertirse en la v\u00eda m\u00e1s transitada de la ciudad. Pasea por las diferentes ramblas la de canaletas, la de los estudios, la de las flores o Sant Jos\u00e9, la de los capuchinos o la de Santa M\u00f3nica. Conoce su historia, descubre los edificios que la flanquean y muchas curiosidades de la calle m\u00e1s conocida de Barcelona.[:ca]Una via \u00fanica i excepcional de la ciutat que \u00e9s colorista, diversa, espectacular i molt m\u00e9s. Recorre-la des de la pla\u00e7a Catalunya fins al port i descobreix els seus or\u00edgens com a torrent fins a convertir-se en la via m\u00e9s transitada de la ciutat.Passeja per les diferents rambles la de canaletes, la dels estudis, la de les flors o Sant Josep, la dels caputxins o la de Santa M\u00f2nica. Coneix la seva hist\u00f2ria, descubreix els edificis que la flanquegen i moltes curiositats del carrer m\u00e9s conegut de Barcelona.[:]","og_url":"https:\/\/monbarcino.com\/ca\/producto\/ruta-las-ramblas\/","og_site_name":"M\u00f3n Barcino","article_publisher":"https:\/\/www.facebook.com\/Monbarcino\/","article_modified_time":"2026-03-06T08:58:37+00:00","og_image":[{"width":2314,"height":2556,"url":"https:\/\/monbarcino.com\/wp-content\/uploads\/2017\/03\/La_Rambla_2009-06-10.jpg","type":"image\/jpeg"}],"author":"Juanjo Martinez","twitter_card":"summary_large_image","twitter_site":"@monbarcino","twitter_misc":{"Temps estimat de lectura":"1 minut"},"schema":{"@context":"https:\/\/schema.org","@graph":[{"@type":"Organization","@id":"https:\/\/monbarcino.com\/#organization","name":"MonBarcino","url":"https:\/\/monbarcino.com\/","sameAs":["https:\/\/www.instagram.com\/monbarcino\/","https:\/\/www.facebook.com\/Monbarcino\/","https:\/\/twitter.com\/monbarcino"],"logo":{"@type":"ImageObject","inLanguage":"ca","@id":"https:\/\/monbarcino.com\/#\/schema\/logo\/image\/","url":"https:\/\/monbarcino.com\/wp-content\/uploads\/2019\/04\/logo.jpg","contentUrl":"https:\/\/monbarcino.com\/wp-content\/uploads\/2019\/04\/logo.jpg","width":750,"height":703,"caption":"MonBarcino"},"image":{"@id":"https:\/\/monbarcino.com\/#\/schema\/logo\/image\/"}},{"@type":"WebSite","@id":"https:\/\/monbarcino.com\/#website","url":"https:\/\/monbarcino.com\/","name":"M\u00f3n Barcino","description":"Rutes i visites guiades per Barcelona","publisher":{"@id":"https:\/\/monbarcino.com\/#organization"},"potentialAction":[{"@type":"SearchAction","target":{"@type":"EntryPoint","urlTemplate":"https:\/\/monbarcino.com\/?s={search_term_string}"},"query-input":"required name=search_term_string"}],"inLanguage":"ca"},{"@type":"ImageObject","inLanguage":"ca","@id":"https:\/\/monbarcino.com\/ca\/producto\/ruta-las-ramblas\/#primaryimage","url":"http:\/\/monbarcino.com\/wp-content\/uploads\/2017\/03\/La_Rambla_2009-06-10.jpg","contentUrl":"http:\/\/monbarcino.com\/wp-content\/uploads\/2017\/03\/La_Rambla_2009-06-10.jpg","width":2314,"height":2556},{"@type":"WebPage","@id":"https:\/\/monbarcino.com\/ca\/producto\/ruta-las-ramblas\/#webpage","url":"https:\/\/monbarcino.com\/ca\/producto\/ruta-las-ramblas\/","name":"[:es]Ruta Las Ramblas[:ca]Ruta Las Rambles[:] - M\u00f3n Barcino","isPartOf":{"@id":"https:\/\/monbarcino.com\/#website"},"primaryImageOfPage":{"@id":"https:\/\/monbarcino.com\/ca\/producto\/ruta-las-ramblas\/#primaryimage"},"datePublished":"2017-03-22T11:37:23+00:00","dateModified":"2026-03-06T08:58:37+00:00","breadcrumb":{"@id":"https:\/\/monbarcino.com\/ca\/producto\/ruta-las-ramblas\/#breadcrumb"},"inLanguage":"ca","potentialAction":[{"@type":"ReadAction","target":["https:\/\/monbarcino.com\/ca\/producto\/ruta-las-ramblas\/"]}]},{"@type":"BreadcrumbList","@id":"https:\/\/monbarcino.com\/ca\/producto\/ruta-las-ramblas\/#breadcrumb","itemListElement":[{"@type":"ListItem","position":1,"name":"Portada","item":"https:\/\/monbarcino.com\/"},{"@type":"ListItem","position":2,"name":"Rutes","item":"https:\/\/monbarcino.com\/ca\/rutas\/"},{"@type":"ListItem","position":3,"name":"Ruta Las Rambles"}]}]}},"_links":{"self":[{"href":"http:\/\/monbarcino.com\/ca\/wp-json\/wp\/v2\/product\/1593"}],"collection":[{"href":"http:\/\/monbarcino.com\/ca\/wp-json\/wp\/v2\/product"}],"about":[{"href":"http:\/\/monbarcino.com\/ca\/wp-json\/wp\/v2\/types\/product"}],"replies":[{"embeddable":true,"href":"http:\/\/monbarcino.com\/ca\/wp-json\/wp\/v2\/comments?post=1593"}],"wp:featuredmedia":[{"embeddable":true,"href":"http:\/\/monbarcino.com\/ca\/wp-json\/wp\/v2\/media\/1865"}],"wp:attachment":[{"href":"http:\/\/monbarcino.com\/ca\/wp-json\/wp\/v2\/media?parent=1593"}],"wp:term":[{"taxonomy":"product_cat","embeddable":true,"href":"http:\/\/monbarcino.com\/ca\/wp-json\/wp\/v2\/product_cat?post=1593"},{"taxonomy":"product_tag","embeddable":true,"href":"http:\/\/monbarcino.com\/ca\/wp-json\/wp\/v2\/product_tag?post=1593"}],"curies":[{"name":"wp","href":"https:\/\/api.w.org\/{rel}","templated":true}]}}