{"id":2203,"date":"2019-07-29T09:21:59","date_gmt":"2019-07-29T09:21:59","guid":{"rendered":"http:\/\/monbarcino.com\/?post_type=product&#038;p=2203"},"modified":"2025-10-24T07:20:03","modified_gmt":"2025-10-24T07:20:03","slug":"ruta-horta","status":"publish","type":"product","link":"http:\/\/monbarcino.com\/ca\/producto\/ruta-horta\/","title":{"rendered":"Ruta per Horta"},"content":{"rendered":"<p>L&#8217;actual barri d&#8217;Horta era fins\u00a0 el 1904 el municipi independent de Sant Joan d&#8217;Horta<\/p>\n<p>Horta sempre ha estat sempre rica en aigua i per aix\u00f2 era un nucli rural ja desde \u00e8poca romana.Com que el conreu de a terra ha estat l&#8217;activitat prinicipal, d&#8217;aqui la gran proliferaci\u00f3 de masies<\/p>\n<p>Tamb\u00e9, Horta ha estat un lloc d&#8217;estiueig per la gent de Barcelona, aixi moltes masies i cases de pag\u00e8s es van transformar en cases senyorials.<\/p>\n<p>El fet de tenir una gran abund\u00e0ncia d&#8217;aigua va propiciar que es desenvolupessin industries que la necessitaven com les f\u00e0briques d&#8217;adobs de pells, la bugaderia o les b\u00f2biles que fabricaven totxos.<\/p>\n<p id=\"tw-target-text\" class=\"tw-data-text tw-text-large tw-ta\" dir=\"ltr\" data-placeholder=\"Traducci\u00f3n\" data-ved=\"2ahUKEwjm1v-WhdaEAxWEVfEDHVPyAZgQ3ewLegQIDRAU\"><span class=\"Y2IQFc\" lang=\"ca\">Acompanyeu-nos en aquesta ruta on veurem edificis que irradien la hist\u00f2ria del territori com l&#8217;esgl\u00e9sia de Sant d&#8217;Horta i la masia de Can Mariner ambdues d&#8217;origen medieval, i on descobrirem entitats culturals centen\u00e0ries com el Foment Hortenc, els Llu\u00efsos d&#8217;Horta i l&#8217;Ateneu Hortenc.<\/span><\/p>\n<p><\/p>","protected":false},"excerpt":{"rendered":"<p>L&#8217;actual barri d&#8217;Horta era fins\u00a0 el 1904 el municipi independent de Sant Joan d&#8217;Horta<\/p>\n<p>Horta sempre ha estat sempre rica en aigua i per aix\u00f2 era un nucli rural ja desde \u00e8poca romana.El conreu de la terra ha estat l&#8217;activitat principal, d&#8217;aqui la gran proliferaci\u00f3 de masies.<\/p>\n<p>Tamb\u00e9, Horta ha estat un lloc d&#8217;estiueig per la gent de Barcelona, aixi moltes masies i cases de pag\u00e8s es van transformar en cases senyorials.<\/p>\n<p>El fet de tenir una gran abund\u00e0ncia d&#8217;aigua va propiciar que es desenvolupessin industries que la necessitaven com les f\u00e0briques d&#8217;adobs de pells, la bugaderia o les b\u00f2biles que fabricaven totxos.<\/p>\n<p id=\"tw-target-text\" class=\"tw-data-text tw-text-large tw-ta\" dir=\"ltr\" data-placeholder=\"Traducci\u00f3n\" data-ved=\"2ahUKEwjm1v-WhdaEAxWEVfEDHVPyAZgQ3ewLegQIDRAU\"><span class=\"Y2IQFc\" lang=\"ca\">Acompanyeu-nos en aquesta ruta on veurem edificis que irradien la hist\u00f2ria del territori com l&#8217;esgl\u00e9sia de Sant d&#8217;Horta i la masia de Can Mariner ambdues d&#8217;origen medieval, i on descobrirem entitats culturals centen\u00e0ries com el Foment Hortenc, els Llu\u00efsos d&#8217;Horta i l&#8217;Ateneu Hortenc.<\/span><\/p>\n","protected":false},"featured_media":2689,"comment_status":"open","ping_status":"closed","template":"","meta":[],"product_cat":[275],"product_tag":[381,380,379,377,378],"yoast_head":"<!-- This site is optimized with the Yoast SEO plugin v19.2 - https:\/\/yoast.com\/wordpress\/plugins\/seo\/ -->\n<title>Ruta per Horta - M\u00f3n Barcino<\/title>\n<meta name=\"robots\" content=\"index, follow, max-snippet:-1, max-image-preview:large, max-video-preview:-1\" \/>\n<link rel=\"canonical\" href=\"https:\/\/monbarcino.com\/ca\/producto\/ruta-horta\/\" \/>\n<meta property=\"og:locale\" content=\"ca_ES\" \/>\n<meta property=\"og:type\" content=\"article\" \/>\n<meta property=\"og:title\" content=\"Ruta per Horta - M\u00f3n Barcino\" \/>\n<meta property=\"og:description\" content=\"[:es]El actual barrio de Horta era hasta en 1904 el municipio independiente de Sant Joan de Horta. Horta siempre ha sido siempre rica en agua y por eso era un n\u00facleo rural ya desde \u00e9poca romana. El cultivo de tierra ha sido la actividad principal, de ah\u00ed la gran proliferaci\u00f3n de mas\u00edas. Tambi\u00e9n, Horta se ha caracterizado por ser un lugar de veraneo para la gente de Barcelona, \u200b\u200bas\u00ed muchas mas\u00edas y casas de pay\u00e9s se transformaron en casas se\u00f1oriales.  El hecho de tener una gran abundancia de agua propici\u00f3 que se desarrollaran industrias que la necesitaban como las f\u00e1bricas de abonos de pieles, la lavander\u00eda o los tejares que fabricaban ladrillos. Acomp\u00e1\u00f1anos en esta ruta donde veremos edificios que irradian la historia del territorio como la iglesia de Sant de Horta y la mas\u00eda de Can Mariner ambas de origen medieval, y\u00a0 donde descubriremos entidades culturales centenarias como el Foment Hortenc, Els Llu\u00efsos de Horta y el Ateneu Hortenc.[:ca]L&#039;actual barri d&#039;Horta era fins\u00a0 el 1904 el municipi independent de Sant Joan d&#039;Horta  Horta sempre ha estat sempre rica en aigua i per aix\u00f2 era un nucli rural ja desde \u00e8poca romana.El conreu de la terra ha estat l&#039;activitat principal, d&#039;aqui la gran proliferaci\u00f3 de masies.  Tamb\u00e9, Horta ha estat un lloc d&#039;estiueig per la gent de Barcelona, aixi moltes masies i cases de pag\u00e8s es van transformar en cases senyorials.  El fet de tenir una gran abund\u00e0ncia d&#039;aigua va propiciar que es desenvolupessin industries que la necessitaven com les f\u00e0briques d&#039;adobs de pells, la bugaderia o les b\u00f2biles que fabricaven totxos. Acompanyeu-nos en aquesta ruta on veurem edificis que irradien la hist\u00f2ria del territori com l&#039;esgl\u00e9sia de Sant d&#039;Horta i la masia de Can Mariner ambdues d&#039;origen medieval, i on descobrirem entitats culturals centen\u00e0ries com el Foment Hortenc, els Llu\u00efsos d&#039;Horta i l&#039;Ateneu Hortenc.[:]\" \/>\n<meta property=\"og:url\" content=\"https:\/\/monbarcino.com\/ca\/producto\/ruta-horta\/\" \/>\n<meta property=\"og:site_name\" content=\"M\u00f3n Barcino\" \/>\n<meta property=\"article:publisher\" content=\"https:\/\/www.facebook.com\/Monbarcino\/\" \/>\n<meta property=\"article:modified_time\" content=\"2025-10-24T07:20:03+00:00\" \/>\n<meta property=\"og:image\" content=\"https:\/\/monbarcino.com\/wp-content\/uploads\/2019\/07\/Carrer-Horta-en-1.960..jpg\" \/>\n\t<meta property=\"og:image:width\" content=\"437\" \/>\n\t<meta property=\"og:image:height\" content=\"585\" \/>\n\t<meta property=\"og:image:type\" content=\"image\/jpeg\" \/>\n<meta name=\"author\" content=\"Juanjo Martinez\" \/>\n<meta name=\"twitter:card\" content=\"summary_large_image\" \/>\n<meta name=\"twitter:site\" content=\"@monbarcino\" \/>\n<meta name=\"twitter:label1\" content=\"Temps estimat de lectura\" \/>\n\t<meta name=\"twitter:data1\" content=\"1 minut\" \/>\n<script type=\"application\/ld+json\" class=\"yoast-schema-graph\">{\"@context\":\"https:\/\/schema.org\",\"@graph\":[{\"@type\":\"Organization\",\"@id\":\"https:\/\/monbarcino.com\/#organization\",\"name\":\"MonBarcino\",\"url\":\"https:\/\/monbarcino.com\/\",\"sameAs\":[\"https:\/\/www.instagram.com\/monbarcino\/\",\"https:\/\/www.facebook.com\/Monbarcino\/\",\"https:\/\/twitter.com\/monbarcino\"],\"logo\":{\"@type\":\"ImageObject\",\"inLanguage\":\"ca\",\"@id\":\"https:\/\/monbarcino.com\/#\/schema\/logo\/image\/\",\"url\":\"https:\/\/monbarcino.com\/wp-content\/uploads\/2019\/04\/logo.jpg\",\"contentUrl\":\"https:\/\/monbarcino.com\/wp-content\/uploads\/2019\/04\/logo.jpg\",\"width\":750,\"height\":703,\"caption\":\"MonBarcino\"},\"image\":{\"@id\":\"https:\/\/monbarcino.com\/#\/schema\/logo\/image\/\"}},{\"@type\":\"WebSite\",\"@id\":\"https:\/\/monbarcino.com\/#website\",\"url\":\"https:\/\/monbarcino.com\/\",\"name\":\"M\u00f3n Barcino\",\"description\":\"Rutes i visites guiades per Barcelona\",\"publisher\":{\"@id\":\"https:\/\/monbarcino.com\/#organization\"},\"potentialAction\":[{\"@type\":\"SearchAction\",\"target\":{\"@type\":\"EntryPoint\",\"urlTemplate\":\"https:\/\/monbarcino.com\/?s={search_term_string}\"},\"query-input\":\"required name=search_term_string\"}],\"inLanguage\":\"ca\"},{\"@type\":\"ImageObject\",\"inLanguage\":\"ca\",\"@id\":\"https:\/\/monbarcino.com\/ca\/producto\/ruta-horta\/#primaryimage\",\"url\":\"http:\/\/monbarcino.com\/wp-content\/uploads\/2019\/07\/Carrer-Horta-en-1.960..jpg\",\"contentUrl\":\"http:\/\/monbarcino.com\/wp-content\/uploads\/2019\/07\/Carrer-Horta-en-1.960..jpg\",\"width\":437,\"height\":585},{\"@type\":\"WebPage\",\"@id\":\"https:\/\/monbarcino.com\/ca\/producto\/ruta-horta\/#webpage\",\"url\":\"https:\/\/monbarcino.com\/ca\/producto\/ruta-horta\/\",\"name\":\"Ruta per Horta - M\u00f3n Barcino\",\"isPartOf\":{\"@id\":\"https:\/\/monbarcino.com\/#website\"},\"primaryImageOfPage\":{\"@id\":\"https:\/\/monbarcino.com\/ca\/producto\/ruta-horta\/#primaryimage\"},\"datePublished\":\"2019-07-29T09:21:59+00:00\",\"dateModified\":\"2025-10-24T07:20:03+00:00\",\"breadcrumb\":{\"@id\":\"https:\/\/monbarcino.com\/ca\/producto\/ruta-horta\/#breadcrumb\"},\"inLanguage\":\"ca\",\"potentialAction\":[{\"@type\":\"ReadAction\",\"target\":[\"https:\/\/monbarcino.com\/ca\/producto\/ruta-horta\/\"]}]},{\"@type\":\"BreadcrumbList\",\"@id\":\"https:\/\/monbarcino.com\/ca\/producto\/ruta-horta\/#breadcrumb\",\"itemListElement\":[{\"@type\":\"ListItem\",\"position\":1,\"name\":\"Portada\",\"item\":\"https:\/\/monbarcino.com\/\"},{\"@type\":\"ListItem\",\"position\":2,\"name\":\"Rutes\",\"item\":\"https:\/\/monbarcino.com\/ca\/rutas\/\"},{\"@type\":\"ListItem\",\"position\":3,\"name\":\"Ruta per Horta\"}]}]}<\/script>\n<!-- \/ Yoast SEO plugin. -->","yoast_head_json":{"title":"Ruta per Horta - M\u00f3n Barcino","robots":{"index":"index","follow":"follow","max-snippet":"max-snippet:-1","max-image-preview":"max-image-preview:large","max-video-preview":"max-video-preview:-1"},"canonical":"https:\/\/monbarcino.com\/ca\/producto\/ruta-horta\/","og_locale":"ca_ES","og_type":"article","og_title":"Ruta per Horta - M\u00f3n Barcino","og_description":"[:es]El actual barrio de Horta era hasta en 1904 el municipio independiente de Sant Joan de Horta. Horta siempre ha sido siempre rica en agua y por eso era un n\u00facleo rural ya desde \u00e9poca romana. El cultivo de tierra ha sido la actividad principal, de ah\u00ed la gran proliferaci\u00f3n de mas\u00edas. Tambi\u00e9n, Horta se ha caracterizado por ser un lugar de veraneo para la gente de Barcelona, \u200b\u200bas\u00ed muchas mas\u00edas y casas de pay\u00e9s se transformaron en casas se\u00f1oriales.  El hecho de tener una gran abundancia de agua propici\u00f3 que se desarrollaran industrias que la necesitaban como las f\u00e1bricas de abonos de pieles, la lavander\u00eda o los tejares que fabricaban ladrillos. Acomp\u00e1\u00f1anos en esta ruta donde veremos edificios que irradian la historia del territorio como la iglesia de Sant de Horta y la mas\u00eda de Can Mariner ambas de origen medieval, y\u00a0 donde descubriremos entidades culturales centenarias como el Foment Hortenc, Els Llu\u00efsos de Horta y el Ateneu Hortenc.[:ca]L'actual barri d'Horta era fins\u00a0 el 1904 el municipi independent de Sant Joan d'Horta  Horta sempre ha estat sempre rica en aigua i per aix\u00f2 era un nucli rural ja desde \u00e8poca romana.El conreu de la terra ha estat l'activitat principal, d'aqui la gran proliferaci\u00f3 de masies.  Tamb\u00e9, Horta ha estat un lloc d'estiueig per la gent de Barcelona, aixi moltes masies i cases de pag\u00e8s es van transformar en cases senyorials.  El fet de tenir una gran abund\u00e0ncia d'aigua va propiciar que es desenvolupessin industries que la necessitaven com les f\u00e0briques d'adobs de pells, la bugaderia o les b\u00f2biles que fabricaven totxos. Acompanyeu-nos en aquesta ruta on veurem edificis que irradien la hist\u00f2ria del territori com l'esgl\u00e9sia de Sant d'Horta i la masia de Can Mariner ambdues d'origen medieval, i on descobrirem entitats culturals centen\u00e0ries com el Foment Hortenc, els Llu\u00efsos d'Horta i l'Ateneu Hortenc.[:]","og_url":"https:\/\/monbarcino.com\/ca\/producto\/ruta-horta\/","og_site_name":"M\u00f3n Barcino","article_publisher":"https:\/\/www.facebook.com\/Monbarcino\/","article_modified_time":"2025-10-24T07:20:03+00:00","og_image":[{"width":437,"height":585,"url":"https:\/\/monbarcino.com\/wp-content\/uploads\/2019\/07\/Carrer-Horta-en-1.960..jpg","type":"image\/jpeg"}],"author":"Juanjo Martinez","twitter_card":"summary_large_image","twitter_site":"@monbarcino","twitter_misc":{"Temps estimat de lectura":"1 minut"},"schema":{"@context":"https:\/\/schema.org","@graph":[{"@type":"Organization","@id":"https:\/\/monbarcino.com\/#organization","name":"MonBarcino","url":"https:\/\/monbarcino.com\/","sameAs":["https:\/\/www.instagram.com\/monbarcino\/","https:\/\/www.facebook.com\/Monbarcino\/","https:\/\/twitter.com\/monbarcino"],"logo":{"@type":"ImageObject","inLanguage":"ca","@id":"https:\/\/monbarcino.com\/#\/schema\/logo\/image\/","url":"https:\/\/monbarcino.com\/wp-content\/uploads\/2019\/04\/logo.jpg","contentUrl":"https:\/\/monbarcino.com\/wp-content\/uploads\/2019\/04\/logo.jpg","width":750,"height":703,"caption":"MonBarcino"},"image":{"@id":"https:\/\/monbarcino.com\/#\/schema\/logo\/image\/"}},{"@type":"WebSite","@id":"https:\/\/monbarcino.com\/#website","url":"https:\/\/monbarcino.com\/","name":"M\u00f3n Barcino","description":"Rutes i visites guiades per Barcelona","publisher":{"@id":"https:\/\/monbarcino.com\/#organization"},"potentialAction":[{"@type":"SearchAction","target":{"@type":"EntryPoint","urlTemplate":"https:\/\/monbarcino.com\/?s={search_term_string}"},"query-input":"required name=search_term_string"}],"inLanguage":"ca"},{"@type":"ImageObject","inLanguage":"ca","@id":"https:\/\/monbarcino.com\/ca\/producto\/ruta-horta\/#primaryimage","url":"http:\/\/monbarcino.com\/wp-content\/uploads\/2019\/07\/Carrer-Horta-en-1.960..jpg","contentUrl":"http:\/\/monbarcino.com\/wp-content\/uploads\/2019\/07\/Carrer-Horta-en-1.960..jpg","width":437,"height":585},{"@type":"WebPage","@id":"https:\/\/monbarcino.com\/ca\/producto\/ruta-horta\/#webpage","url":"https:\/\/monbarcino.com\/ca\/producto\/ruta-horta\/","name":"Ruta per Horta - M\u00f3n Barcino","isPartOf":{"@id":"https:\/\/monbarcino.com\/#website"},"primaryImageOfPage":{"@id":"https:\/\/monbarcino.com\/ca\/producto\/ruta-horta\/#primaryimage"},"datePublished":"2019-07-29T09:21:59+00:00","dateModified":"2025-10-24T07:20:03+00:00","breadcrumb":{"@id":"https:\/\/monbarcino.com\/ca\/producto\/ruta-horta\/#breadcrumb"},"inLanguage":"ca","potentialAction":[{"@type":"ReadAction","target":["https:\/\/monbarcino.com\/ca\/producto\/ruta-horta\/"]}]},{"@type":"BreadcrumbList","@id":"https:\/\/monbarcino.com\/ca\/producto\/ruta-horta\/#breadcrumb","itemListElement":[{"@type":"ListItem","position":1,"name":"Portada","item":"https:\/\/monbarcino.com\/"},{"@type":"ListItem","position":2,"name":"Rutes","item":"https:\/\/monbarcino.com\/ca\/rutas\/"},{"@type":"ListItem","position":3,"name":"Ruta per Horta"}]}]}},"_links":{"self":[{"href":"http:\/\/monbarcino.com\/ca\/wp-json\/wp\/v2\/product\/2203"}],"collection":[{"href":"http:\/\/monbarcino.com\/ca\/wp-json\/wp\/v2\/product"}],"about":[{"href":"http:\/\/monbarcino.com\/ca\/wp-json\/wp\/v2\/types\/product"}],"replies":[{"embeddable":true,"href":"http:\/\/monbarcino.com\/ca\/wp-json\/wp\/v2\/comments?post=2203"}],"wp:featuredmedia":[{"embeddable":true,"href":"http:\/\/monbarcino.com\/ca\/wp-json\/wp\/v2\/media\/2689"}],"wp:attachment":[{"href":"http:\/\/monbarcino.com\/ca\/wp-json\/wp\/v2\/media?parent=2203"}],"wp:term":[{"taxonomy":"product_cat","embeddable":true,"href":"http:\/\/monbarcino.com\/ca\/wp-json\/wp\/v2\/product_cat?post=2203"},{"taxonomy":"product_tag","embeddable":true,"href":"http:\/\/monbarcino.com\/ca\/wp-json\/wp\/v2\/product_tag?post=2203"}],"curies":[{"name":"wp","href":"https:\/\/api.w.org\/{rel}","templated":true}]}}