{"id":2465,"date":"2020-12-21T11:01:44","date_gmt":"2020-12-21T11:01:44","guid":{"rendered":"http:\/\/monbarcino.com\/?post_type=product&#038;p=2465"},"modified":"2026-03-25T22:28:11","modified_gmt":"2026-03-25T22:28:11","slug":"historias-de-las-ciencia-en-barcelona","status":"publish","type":"product","link":"http:\/\/monbarcino.com\/ca\/producto\/historias-de-las-ciencia-en-barcelona\/","title":{"rendered":"Hist\u00f2ries de Ci\u00e8ncia a Barcelona"},"content":{"rendered":"<p>El desenvolupament cient\u00edfic no \u00fanicament es d\u00f3na en els espais tancats de laboratoris o despatxos dels cient\u00edfics, sin\u00f3 que t\u00e9 sempre molt a veure amb el context social en qu\u00e8 es produeixen, en aquest cas, la ciutat de Barcelona.<\/p>\n<p>Igualment la ci\u00e8ncia no s\u00f3n nom\u00e9s els noms dels grans cient\u00edfics, com Einstein o Ram\u00f3n i Cajal, que s\u00f3n molt importants, sin\u00f3 que tamb\u00e9 \u00e9s interessant destacar el paper de personatges m\u00e9s an\u00f2nims i quotidians que tamb\u00e9 han aportat el seu granet de sorra.<\/p>\n<p>Acompanya&#8217;ns en aquesta ruta pel centre de Barcelona per con\u00e8ixer grans cient\u00edfics, sorprenents descobriments, grans aven\u00e7os i moltes curiositats que es van donar com no a la nostra estimada ciutat de Barcelona.<\/p>","protected":false},"excerpt":{"rendered":"<p>El desenvolupament cient\u00edfic no \u00fanicament es d\u00f3na en els espais tancats de laboratoris o despatxos dels cient\u00edfics, sin\u00f3 que t\u00e9 sempre molt a veure amb el context social en qu\u00e8 es produeixen, en aquest cas, la ciutat de Barcelona.<\/p>\n<p>Igualment la ci\u00e8ncia no s\u00f3n nom\u00e9s els noms dels grans cient\u00edfics, com Einstein o Ram\u00f3n i Cajal, que s\u00f3n molt importants, sin\u00f3 que tamb\u00e9 \u00e9s interessant destacar el paper de personatges m\u00e9s an\u00f2nims i quotidians que tamb\u00e9 han aportat el seu granet de sorra.<\/p>\n<p>Acompanya&#8217;ns en aquesta ruta pel centre de Barcelona per con\u00e8ixer grans cient\u00edfics, sorprenents descobriments, grans aven\u00e7os i moltes curiositats que es van donar com no a la nostra estimada ciutat de Barcelona.<\/p>\n","protected":false},"featured_media":2466,"comment_status":"open","ping_status":"closed","template":"","meta":[],"product_cat":[275],"product_tag":[364,363,369,365,366,368,367],"yoast_head":"<!-- This site is optimized with the Yoast SEO plugin v19.2 - https:\/\/yoast.com\/wordpress\/plugins\/seo\/ -->\n<title>Hist\u00f2ries de Ci\u00e8ncia a Barcelona - M\u00f3n Barcino<\/title>\n<meta name=\"robots\" content=\"index, follow, max-snippet:-1, max-image-preview:large, max-video-preview:-1\" \/>\n<link rel=\"canonical\" href=\"https:\/\/monbarcino.com\/producto\/historias-de-las-ciencia-en-barcelona\/\" \/>\n<meta property=\"og:locale\" content=\"ca_ES\" \/>\n<meta property=\"og:type\" content=\"article\" \/>\n<meta property=\"og:title\" content=\"[:es]Historias de Ciencia en Barcelona[:ca]Hist\u00f2ries de Ci\u00e8ncia a Barcelona[:] - M\u00f3n Barcino\" \/>\n<meta property=\"og:description\" content=\"[:es]El desarrollo cient\u00edfico no \u00fanicamente se da en los espacios cerrados de laboratorios o despachos de los cient\u00edficos, sino que tiene siempre mucho que ver con el contexto social en que se producen, en este caso, la ciudad de Barcelona.  Igualmente la ciencia no son s\u00f3lo los nombres de los grandes cient\u00edficos, como Einstein o Ram\u00f3n y Cajal, que son muy importantes, sino que tambi\u00e9n es interesante destacar el papel de personajes m\u00e1s an\u00f3nimos y cotidianos que tambi\u00e9n han aportado su granito de arena. Acomp\u00e1\u00f1anos en esta ruta por el centro de Barcelona para conocer grandes cient\u00edficos, sorprendentes descubrimientos, grandes avances y muchas curiosidades que se dieron como no a nuestra querida ciudad de Barcelona.[:ca]El desenvolupament cient\u00edfic no \u00fanicament es d\u00f3na en els espais tancats de laboratoris o despatxos dels cient\u00edfics, sin\u00f3 que t\u00e9 sempre molt a veure amb el context social en qu\u00e8 es produeixen, en aquest cas, la ciutat de Barcelona.  Igualment la ci\u00e8ncia no s\u00f3n nom\u00e9s els noms dels grans cient\u00edfics, com Einstein o Ram\u00f3n i Cajal, que s\u00f3n molt importants, sin\u00f3 que tamb\u00e9 \u00e9s interessant destacar el paper de personatges m\u00e9s an\u00f2nims i quotidians que tamb\u00e9 han aportat el seu granet de sorra.  Acompanya&#039;ns en aquesta ruta pel centre de Barcelona per con\u00e8ixer grans cient\u00edfics, sorprenents descobriments, grans aven\u00e7os i moltes curiositats que es van donar com no a la nostra estimada ciutat de Barcelona.[:]\" \/>\n<meta property=\"og:url\" content=\"https:\/\/monbarcino.com\/producto\/historias-de-las-ciencia-en-barcelona\/\" \/>\n<meta property=\"og:site_name\" content=\"M\u00f3n Barcino\" \/>\n<meta property=\"article:publisher\" content=\"https:\/\/www.facebook.com\/Monbarcino\/\" \/>\n<meta property=\"article:modified_time\" content=\"2026-03-25T22:28:11+00:00\" \/>\n<meta property=\"og:image\" content=\"https:\/\/monbarcino.com\/wp-content\/uploads\/2020\/12\/Ram\u00f3n-y-Cajal-junto-a-un-microscopio-en-su-laboratorio..jpg\" \/>\n\t<meta property=\"og:image:width\" content=\"1706\" \/>\n\t<meta property=\"og:image:height\" content=\"1280\" \/>\n\t<meta property=\"og:image:type\" content=\"image\/jpeg\" \/>\n<meta name=\"author\" content=\"Juanjo Martinez\" \/>\n<meta name=\"twitter:card\" content=\"summary_large_image\" \/>\n<meta name=\"twitter:site\" content=\"@monbarcino\" \/>\n<meta name=\"twitter:label1\" content=\"Temps estimat de lectura\" \/>\n\t<meta name=\"twitter:data1\" content=\"1 minut\" \/>\n<script type=\"application\/ld+json\" class=\"yoast-schema-graph\">{\"@context\":\"https:\/\/schema.org\",\"@graph\":[{\"@type\":\"Organization\",\"@id\":\"http:\/\/monbarcino.com\/#organization\",\"name\":\"MonBarcino\",\"url\":\"http:\/\/monbarcino.com\/\",\"sameAs\":[\"https:\/\/www.instagram.com\/monbarcino\/\",\"https:\/\/www.facebook.com\/Monbarcino\/\",\"https:\/\/twitter.com\/monbarcino\"],\"logo\":{\"@type\":\"ImageObject\",\"inLanguage\":\"ca\",\"@id\":\"http:\/\/monbarcino.com\/#\/schema\/logo\/image\/\",\"url\":\"https:\/\/monbarcino.com\/wp-content\/uploads\/2019\/04\/logo.jpg\",\"contentUrl\":\"https:\/\/monbarcino.com\/wp-content\/uploads\/2019\/04\/logo.jpg\",\"width\":750,\"height\":703,\"caption\":\"MonBarcino\"},\"image\":{\"@id\":\"http:\/\/monbarcino.com\/#\/schema\/logo\/image\/\"}},{\"@type\":\"WebSite\",\"@id\":\"http:\/\/monbarcino.com\/#website\",\"url\":\"http:\/\/monbarcino.com\/\",\"name\":\"M\u00f3n Barcino\",\"description\":\"Rutes i visites guiades per Barcelona\",\"publisher\":{\"@id\":\"http:\/\/monbarcino.com\/#organization\"},\"potentialAction\":[{\"@type\":\"SearchAction\",\"target\":{\"@type\":\"EntryPoint\",\"urlTemplate\":\"http:\/\/monbarcino.com\/?s={search_term_string}\"},\"query-input\":\"required name=search_term_string\"}],\"inLanguage\":\"ca\"},{\"@type\":\"ImageObject\",\"inLanguage\":\"ca\",\"@id\":\"https:\/\/monbarcino.com\/producto\/historias-de-las-ciencia-en-barcelona\/#primaryimage\",\"url\":\"http:\/\/monbarcino.com\/wp-content\/uploads\/2020\/12\/Ram\u00f3n-y-Cajal-junto-a-un-microscopio-en-su-laboratorio..jpg\",\"contentUrl\":\"http:\/\/monbarcino.com\/wp-content\/uploads\/2020\/12\/Ram\u00f3n-y-Cajal-junto-a-un-microscopio-en-su-laboratorio..jpg\",\"width\":1706,\"height\":1280},{\"@type\":\"WebPage\",\"@id\":\"https:\/\/monbarcino.com\/producto\/historias-de-las-ciencia-en-barcelona\/#webpage\",\"url\":\"https:\/\/monbarcino.com\/producto\/historias-de-las-ciencia-en-barcelona\/\",\"name\":\"[:es]Historias de Ciencia en Barcelona[:ca]Hist\u00f2ries de Ci\u00e8ncia a Barcelona[:] - M\u00f3n Barcino\",\"isPartOf\":{\"@id\":\"http:\/\/monbarcino.com\/#website\"},\"primaryImageOfPage\":{\"@id\":\"https:\/\/monbarcino.com\/producto\/historias-de-las-ciencia-en-barcelona\/#primaryimage\"},\"datePublished\":\"2020-12-21T11:01:44+00:00\",\"dateModified\":\"2026-03-25T22:28:11+00:00\",\"breadcrumb\":{\"@id\":\"https:\/\/monbarcino.com\/producto\/historias-de-las-ciencia-en-barcelona\/#breadcrumb\"},\"inLanguage\":\"ca\",\"potentialAction\":[{\"@type\":\"ReadAction\",\"target\":[\"https:\/\/monbarcino.com\/producto\/historias-de-las-ciencia-en-barcelona\/\"]}]},{\"@type\":\"BreadcrumbList\",\"@id\":\"https:\/\/monbarcino.com\/producto\/historias-de-las-ciencia-en-barcelona\/#breadcrumb\",\"itemListElement\":[{\"@type\":\"ListItem\",\"position\":1,\"name\":\"Portada\",\"item\":\"http:\/\/monbarcino.com\/\"},{\"@type\":\"ListItem\",\"position\":2,\"name\":\"Rutes\",\"item\":\"http:\/\/monbarcino.com\/ca\/rutas\/\"},{\"@type\":\"ListItem\",\"position\":3,\"name\":\"Historias de Ciencia en Barcelona\"}]}]}<\/script>\n<!-- \/ Yoast SEO plugin. -->","yoast_head_json":{"title":"[:es]Historias de Ciencia en Barcelona[:ca]Hist\u00f2ries de Ci\u00e8ncia a Barcelona[:] - M\u00f3n Barcino","robots":{"index":"index","follow":"follow","max-snippet":"max-snippet:-1","max-image-preview":"max-image-preview:large","max-video-preview":"max-video-preview:-1"},"canonical":"https:\/\/monbarcino.com\/producto\/historias-de-las-ciencia-en-barcelona\/","og_locale":"ca_ES","og_type":"article","og_title":"[:es]Historias de Ciencia en Barcelona[:ca]Hist\u00f2ries de Ci\u00e8ncia a Barcelona[:] - M\u00f3n Barcino","og_description":"[:es]El desarrollo cient\u00edfico no \u00fanicamente se da en los espacios cerrados de laboratorios o despachos de los cient\u00edficos, sino que tiene siempre mucho que ver con el contexto social en que se producen, en este caso, la ciudad de Barcelona.  Igualmente la ciencia no son s\u00f3lo los nombres de los grandes cient\u00edficos, como Einstein o Ram\u00f3n y Cajal, que son muy importantes, sino que tambi\u00e9n es interesante destacar el papel de personajes m\u00e1s an\u00f3nimos y cotidianos que tambi\u00e9n han aportado su granito de arena. Acomp\u00e1\u00f1anos en esta ruta por el centro de Barcelona para conocer grandes cient\u00edficos, sorprendentes descubrimientos, grandes avances y muchas curiosidades que se dieron como no a nuestra querida ciudad de Barcelona.[:ca]El desenvolupament cient\u00edfic no \u00fanicament es d\u00f3na en els espais tancats de laboratoris o despatxos dels cient\u00edfics, sin\u00f3 que t\u00e9 sempre molt a veure amb el context social en qu\u00e8 es produeixen, en aquest cas, la ciutat de Barcelona.  Igualment la ci\u00e8ncia no s\u00f3n nom\u00e9s els noms dels grans cient\u00edfics, com Einstein o Ram\u00f3n i Cajal, que s\u00f3n molt importants, sin\u00f3 que tamb\u00e9 \u00e9s interessant destacar el paper de personatges m\u00e9s an\u00f2nims i quotidians que tamb\u00e9 han aportat el seu granet de sorra.  Acompanya'ns en aquesta ruta pel centre de Barcelona per con\u00e8ixer grans cient\u00edfics, sorprenents descobriments, grans aven\u00e7os i moltes curiositats que es van donar com no a la nostra estimada ciutat de Barcelona.[:]","og_url":"https:\/\/monbarcino.com\/producto\/historias-de-las-ciencia-en-barcelona\/","og_site_name":"M\u00f3n Barcino","article_publisher":"https:\/\/www.facebook.com\/Monbarcino\/","article_modified_time":"2026-03-25T22:28:11+00:00","og_image":[{"width":1706,"height":1280,"url":"https:\/\/monbarcino.com\/wp-content\/uploads\/2020\/12\/Ram\u00f3n-y-Cajal-junto-a-un-microscopio-en-su-laboratorio..jpg","type":"image\/jpeg"}],"author":"Juanjo Martinez","twitter_card":"summary_large_image","twitter_site":"@monbarcino","twitter_misc":{"Temps estimat de lectura":"1 minut"},"schema":{"@context":"https:\/\/schema.org","@graph":[{"@type":"Organization","@id":"http:\/\/monbarcino.com\/#organization","name":"MonBarcino","url":"http:\/\/monbarcino.com\/","sameAs":["https:\/\/www.instagram.com\/monbarcino\/","https:\/\/www.facebook.com\/Monbarcino\/","https:\/\/twitter.com\/monbarcino"],"logo":{"@type":"ImageObject","inLanguage":"ca","@id":"http:\/\/monbarcino.com\/#\/schema\/logo\/image\/","url":"https:\/\/monbarcino.com\/wp-content\/uploads\/2019\/04\/logo.jpg","contentUrl":"https:\/\/monbarcino.com\/wp-content\/uploads\/2019\/04\/logo.jpg","width":750,"height":703,"caption":"MonBarcino"},"image":{"@id":"http:\/\/monbarcino.com\/#\/schema\/logo\/image\/"}},{"@type":"WebSite","@id":"http:\/\/monbarcino.com\/#website","url":"http:\/\/monbarcino.com\/","name":"M\u00f3n Barcino","description":"Rutes i visites guiades per Barcelona","publisher":{"@id":"http:\/\/monbarcino.com\/#organization"},"potentialAction":[{"@type":"SearchAction","target":{"@type":"EntryPoint","urlTemplate":"http:\/\/monbarcino.com\/?s={search_term_string}"},"query-input":"required name=search_term_string"}],"inLanguage":"ca"},{"@type":"ImageObject","inLanguage":"ca","@id":"https:\/\/monbarcino.com\/producto\/historias-de-las-ciencia-en-barcelona\/#primaryimage","url":"http:\/\/monbarcino.com\/wp-content\/uploads\/2020\/12\/Ram\u00f3n-y-Cajal-junto-a-un-microscopio-en-su-laboratorio..jpg","contentUrl":"http:\/\/monbarcino.com\/wp-content\/uploads\/2020\/12\/Ram\u00f3n-y-Cajal-junto-a-un-microscopio-en-su-laboratorio..jpg","width":1706,"height":1280},{"@type":"WebPage","@id":"https:\/\/monbarcino.com\/producto\/historias-de-las-ciencia-en-barcelona\/#webpage","url":"https:\/\/monbarcino.com\/producto\/historias-de-las-ciencia-en-barcelona\/","name":"[:es]Historias de Ciencia en Barcelona[:ca]Hist\u00f2ries de Ci\u00e8ncia a Barcelona[:] - M\u00f3n Barcino","isPartOf":{"@id":"http:\/\/monbarcino.com\/#website"},"primaryImageOfPage":{"@id":"https:\/\/monbarcino.com\/producto\/historias-de-las-ciencia-en-barcelona\/#primaryimage"},"datePublished":"2020-12-21T11:01:44+00:00","dateModified":"2026-03-25T22:28:11+00:00","breadcrumb":{"@id":"https:\/\/monbarcino.com\/producto\/historias-de-las-ciencia-en-barcelona\/#breadcrumb"},"inLanguage":"ca","potentialAction":[{"@type":"ReadAction","target":["https:\/\/monbarcino.com\/producto\/historias-de-las-ciencia-en-barcelona\/"]}]},{"@type":"BreadcrumbList","@id":"https:\/\/monbarcino.com\/producto\/historias-de-las-ciencia-en-barcelona\/#breadcrumb","itemListElement":[{"@type":"ListItem","position":1,"name":"Portada","item":"http:\/\/monbarcino.com\/"},{"@type":"ListItem","position":2,"name":"Rutes","item":"http:\/\/monbarcino.com\/ca\/rutas\/"},{"@type":"ListItem","position":3,"name":"Historias de Ciencia en Barcelona"}]}]}},"_links":{"self":[{"href":"http:\/\/monbarcino.com\/ca\/wp-json\/wp\/v2\/product\/2465"}],"collection":[{"href":"http:\/\/monbarcino.com\/ca\/wp-json\/wp\/v2\/product"}],"about":[{"href":"http:\/\/monbarcino.com\/ca\/wp-json\/wp\/v2\/types\/product"}],"replies":[{"embeddable":true,"href":"http:\/\/monbarcino.com\/ca\/wp-json\/wp\/v2\/comments?post=2465"}],"wp:featuredmedia":[{"embeddable":true,"href":"http:\/\/monbarcino.com\/ca\/wp-json\/wp\/v2\/media\/2466"}],"wp:attachment":[{"href":"http:\/\/monbarcino.com\/ca\/wp-json\/wp\/v2\/media?parent=2465"}],"wp:term":[{"taxonomy":"product_cat","embeddable":true,"href":"http:\/\/monbarcino.com\/ca\/wp-json\/wp\/v2\/product_cat?post=2465"},{"taxonomy":"product_tag","embeddable":true,"href":"http:\/\/monbarcino.com\/ca\/wp-json\/wp\/v2\/product_tag?post=2465"}],"curies":[{"name":"wp","href":"https:\/\/api.w.org\/{rel}","templated":true}]}}