{"id":478,"date":"2013-12-16T08:38:21","date_gmt":"2013-12-16T08:38:21","guid":{"rendered":"http:\/\/monbarcino.wordpress.com\/?page_id=478"},"modified":"2020-09-21T13:59:42","modified_gmt":"2020-09-21T13:59:42","slug":"acerca-de-mon-barcino","status":"publish","type":"page","link":"https:\/\/monbarcino.com\/ca\/acerca-de-mon-barcino\/","title":{"rendered":"Qui som"},"content":{"rendered":"<p>[vc_row][vc_column width=&#8221;1\/6&#8243;][vc_column_text][\/vc_column_text][\/vc_column][vc_column width=&#8221;2\/3&#8243;][vc_column_text]<strong>M\u00f3n Barcino<\/strong> \u00e9s un projecte empresarial que surgeix arrel de la realitzaci\u00f3 d&#8217;un treball final de carrera, de l&#8217; \u00e0rea de gesti\u00f3 cultural i patrimonial\u00a0 de la llicenciatura de Humanitats.<\/p>\n<p>Inicialment <strong>M\u00f3n Barcino<\/strong> neix al 2011 com a\u00a0 bloc hist\u00f2ric-cultural centrat a la ciutat de Barcelona, i posteriorment\u00a0 junt a la tasca informativa del bloc, passa a desenvolupar serveis culturals amb un programa de rutes e itineraris a peu centrats a la ciutat de Barcelona.<\/p>\n<p>El projecte <strong>M\u00f3n Barcino<\/strong> t\u00e9 diversos col.laboradors amb perfils dels camps de les humanitats, la hist\u00f2ria i la hist\u00f2ria de l&#8217; art.<\/p>\n<p>Els nostres guies estan habilitats com <strong>guies oficials de turisme<\/strong> per la Generalitat de Catalunya.<\/p>\n<p>En tots\u00a0 els nostres itineraris donem un dossier informatiu al voltant de la ruta desenvolupada que ajuda a complementar les explicacions del guia acompanyant.<\/p>\n<p>Si vols rebre m\u00e9s informaci\u00f3 sobre les nostres rutas \u00a0o inscriure&#8217;t en algun dels nostres itineraris, pots omplir el seguent <a href=\"\/contacto\/\">formulari de contacte<\/a>[\/vc_column_text][vc_column_text][\/vc_column_text][\/vc_column][vc_column width=&#8221;1\/6&#8243;][\/vc_column][\/vc_row]<\/p>","protected":false},"excerpt":{"rendered":"<p>[vc_row][vc_column width=&#8221;1\/6&#8243;][vc_column_text][\/vc_column_text][\/vc_column][vc_column width=&#8221;2\/3&#8243;][vc_column_text]M\u00f3n Barcino \u00e9s un projecte empresarial que surgeix arrel de la realitzaci\u00f3 d&#8217;un treball final de carrera, de<\/p>\n","protected":false},"author":2,"featured_media":0,"parent":0,"menu_order":0,"comment_status":"closed","ping_status":"open","template":"","meta":[],"yoast_head":"<!-- This site is optimized with the Yoast SEO plugin v19.2 - https:\/\/yoast.com\/wordpress\/plugins\/seo\/ -->\n<title>Qui som - M\u00f3n Barcino<\/title>\n<meta name=\"robots\" content=\"index, follow, max-snippet:-1, max-image-preview:large, max-video-preview:-1\" \/>\n<link rel=\"canonical\" href=\"https:\/\/monbarcino.com\/acerca-de-mon-barcino\/\" \/>\n<meta property=\"og:locale\" content=\"ca_ES\" \/>\n<meta property=\"og:type\" content=\"article\" \/>\n<meta property=\"og:title\" content=\"[:es]Qui\u00e9nes somos[:ca]Qui som[:] - M\u00f3n Barcino\" \/>\n<meta property=\"og:description\" content=\"[vc_row][vc_column width=&#8221;1\/6&#8243;][vc_column_text][\/vc_column_text][\/vc_column][vc_column width=&#8221;2\/3&#8243;][vc_column_text]M\u00f3n Barcino \u00e9s un projecte empresarial que surgeix arrel de la realitzaci\u00f3 d&#8217;un treball final de carrera, de\" \/>\n<meta property=\"og:url\" content=\"https:\/\/monbarcino.com\/acerca-de-mon-barcino\/\" \/>\n<meta property=\"og:site_name\" content=\"M\u00f3n Barcino\" \/>\n<meta property=\"article:publisher\" content=\"https:\/\/www.facebook.com\/Monbarcino\/\" \/>\n<meta property=\"article:modified_time\" content=\"2020-09-21T13:59:42+00:00\" \/>\n<meta name=\"author\" content=\"herodoto75\" \/>\n<meta name=\"twitter:card\" content=\"summary_large_image\" \/>\n<meta name=\"twitter:site\" content=\"@monbarcino\" \/>\n<meta name=\"twitter:label1\" content=\"Temps estimat de lectura\" \/>\n\t<meta name=\"twitter:data1\" content=\"2 minuts\" \/>\n<script type=\"application\/ld+json\" class=\"yoast-schema-graph\">{\"@context\":\"https:\/\/schema.org\",\"@graph\":[{\"@type\":\"Organization\",\"@id\":\"http:\/\/monbarcino.com\/#organization\",\"name\":\"MonBarcino\",\"url\":\"http:\/\/monbarcino.com\/\",\"sameAs\":[\"https:\/\/www.instagram.com\/monbarcino\/\",\"https:\/\/www.facebook.com\/Monbarcino\/\",\"https:\/\/twitter.com\/monbarcino\"],\"logo\":{\"@type\":\"ImageObject\",\"inLanguage\":\"ca\",\"@id\":\"http:\/\/monbarcino.com\/#\/schema\/logo\/image\/\",\"url\":\"https:\/\/monbarcino.com\/wp-content\/uploads\/2019\/04\/logo.jpg\",\"contentUrl\":\"https:\/\/monbarcino.com\/wp-content\/uploads\/2019\/04\/logo.jpg\",\"width\":750,\"height\":703,\"caption\":\"MonBarcino\"},\"image\":{\"@id\":\"http:\/\/monbarcino.com\/#\/schema\/logo\/image\/\"}},{\"@type\":\"WebSite\",\"@id\":\"http:\/\/monbarcino.com\/#website\",\"url\":\"http:\/\/monbarcino.com\/\",\"name\":\"M\u00f3n Barcino\",\"description\":\"Rutes i visites guiades per Barcelona\",\"publisher\":{\"@id\":\"http:\/\/monbarcino.com\/#organization\"},\"potentialAction\":[{\"@type\":\"SearchAction\",\"target\":{\"@type\":\"EntryPoint\",\"urlTemplate\":\"http:\/\/monbarcino.com\/?s={search_term_string}\"},\"query-input\":\"required name=search_term_string\"}],\"inLanguage\":\"ca\"},{\"@type\":\"WebPage\",\"@id\":\"https:\/\/monbarcino.com\/acerca-de-mon-barcino\/#webpage\",\"url\":\"https:\/\/monbarcino.com\/acerca-de-mon-barcino\/\",\"name\":\"[:es]Qui\u00e9nes somos[:ca]Qui som[:] - M\u00f3n Barcino\",\"isPartOf\":{\"@id\":\"http:\/\/monbarcino.com\/#website\"},\"datePublished\":\"2013-12-16T08:38:21+00:00\",\"dateModified\":\"2020-09-21T13:59:42+00:00\",\"breadcrumb\":{\"@id\":\"https:\/\/monbarcino.com\/acerca-de-mon-barcino\/#breadcrumb\"},\"inLanguage\":\"ca\",\"potentialAction\":[{\"@type\":\"ReadAction\",\"target\":[\"https:\/\/monbarcino.com\/acerca-de-mon-barcino\/\"]}]},{\"@type\":\"BreadcrumbList\",\"@id\":\"https:\/\/monbarcino.com\/acerca-de-mon-barcino\/#breadcrumb\",\"itemListElement\":[{\"@type\":\"ListItem\",\"position\":1,\"name\":\"Portada\",\"item\":\"http:\/\/monbarcino.com\/\"},{\"@type\":\"ListItem\",\"position\":2,\"name\":\"Qui\u00e9nes somos\"}]}]}<\/script>\n<!-- \/ Yoast SEO plugin. -->","yoast_head_json":{"title":"[:es]Qui\u00e9nes somos[:ca]Qui som[:] - M\u00f3n Barcino","robots":{"index":"index","follow":"follow","max-snippet":"max-snippet:-1","max-image-preview":"max-image-preview:large","max-video-preview":"max-video-preview:-1"},"canonical":"https:\/\/monbarcino.com\/acerca-de-mon-barcino\/","og_locale":"ca_ES","og_type":"article","og_title":"[:es]Qui\u00e9nes somos[:ca]Qui som[:] - M\u00f3n Barcino","og_description":"[vc_row][vc_column width=&#8221;1\/6&#8243;][vc_column_text][\/vc_column_text][\/vc_column][vc_column width=&#8221;2\/3&#8243;][vc_column_text]M\u00f3n Barcino \u00e9s un projecte empresarial que surgeix arrel de la realitzaci\u00f3 d&#8217;un treball final de carrera, de","og_url":"https:\/\/monbarcino.com\/acerca-de-mon-barcino\/","og_site_name":"M\u00f3n Barcino","article_publisher":"https:\/\/www.facebook.com\/Monbarcino\/","article_modified_time":"2020-09-21T13:59:42+00:00","author":"herodoto75","twitter_card":"summary_large_image","twitter_site":"@monbarcino","twitter_misc":{"Temps estimat de lectura":"2 minuts"},"schema":{"@context":"https:\/\/schema.org","@graph":[{"@type":"Organization","@id":"http:\/\/monbarcino.com\/#organization","name":"MonBarcino","url":"http:\/\/monbarcino.com\/","sameAs":["https:\/\/www.instagram.com\/monbarcino\/","https:\/\/www.facebook.com\/Monbarcino\/","https:\/\/twitter.com\/monbarcino"],"logo":{"@type":"ImageObject","inLanguage":"ca","@id":"http:\/\/monbarcino.com\/#\/schema\/logo\/image\/","url":"https:\/\/monbarcino.com\/wp-content\/uploads\/2019\/04\/logo.jpg","contentUrl":"https:\/\/monbarcino.com\/wp-content\/uploads\/2019\/04\/logo.jpg","width":750,"height":703,"caption":"MonBarcino"},"image":{"@id":"http:\/\/monbarcino.com\/#\/schema\/logo\/image\/"}},{"@type":"WebSite","@id":"http:\/\/monbarcino.com\/#website","url":"http:\/\/monbarcino.com\/","name":"M\u00f3n Barcino","description":"Rutes i visites guiades per Barcelona","publisher":{"@id":"http:\/\/monbarcino.com\/#organization"},"potentialAction":[{"@type":"SearchAction","target":{"@type":"EntryPoint","urlTemplate":"http:\/\/monbarcino.com\/?s={search_term_string}"},"query-input":"required name=search_term_string"}],"inLanguage":"ca"},{"@type":"WebPage","@id":"https:\/\/monbarcino.com\/acerca-de-mon-barcino\/#webpage","url":"https:\/\/monbarcino.com\/acerca-de-mon-barcino\/","name":"[:es]Qui\u00e9nes somos[:ca]Qui som[:] - M\u00f3n Barcino","isPartOf":{"@id":"http:\/\/monbarcino.com\/#website"},"datePublished":"2013-12-16T08:38:21+00:00","dateModified":"2020-09-21T13:59:42+00:00","breadcrumb":{"@id":"https:\/\/monbarcino.com\/acerca-de-mon-barcino\/#breadcrumb"},"inLanguage":"ca","potentialAction":[{"@type":"ReadAction","target":["https:\/\/monbarcino.com\/acerca-de-mon-barcino\/"]}]},{"@type":"BreadcrumbList","@id":"https:\/\/monbarcino.com\/acerca-de-mon-barcino\/#breadcrumb","itemListElement":[{"@type":"ListItem","position":1,"name":"Portada","item":"http:\/\/monbarcino.com\/"},{"@type":"ListItem","position":2,"name":"Qui\u00e9nes somos"}]}]}},"_links":{"self":[{"href":"https:\/\/monbarcino.com\/ca\/wp-json\/wp\/v2\/pages\/478"}],"collection":[{"href":"https:\/\/monbarcino.com\/ca\/wp-json\/wp\/v2\/pages"}],"about":[{"href":"https:\/\/monbarcino.com\/ca\/wp-json\/wp\/v2\/types\/page"}],"author":[{"embeddable":true,"href":"https:\/\/monbarcino.com\/ca\/wp-json\/wp\/v2\/users\/2"}],"replies":[{"embeddable":true,"href":"https:\/\/monbarcino.com\/ca\/wp-json\/wp\/v2\/comments?post=478"}],"version-history":[{"count":22,"href":"https:\/\/monbarcino.com\/ca\/wp-json\/wp\/v2\/pages\/478\/revisions"}],"predecessor-version":[{"id":2405,"href":"https:\/\/monbarcino.com\/ca\/wp-json\/wp\/v2\/pages\/478\/revisions\/2405"}],"wp:attachment":[{"href":"https:\/\/monbarcino.com\/ca\/wp-json\/wp\/v2\/media?parent=478"}],"curies":[{"name":"wp","href":"https:\/\/api.w.org\/{rel}","templated":true}]}}