{"id":1589,"date":"2017-03-22T11:34:18","date_gmt":"2017-03-22T11:34:18","guid":{"rendered":"http:\/\/monbarcino.com\/producto\/ruta-born-la-ribera\/"},"modified":"2026-04-17T01:18:53","modified_gmt":"2026-04-17T01:18:53","slug":"ruta-born-la-ribera","status":"publish","type":"product","link":"https:\/\/monbarcino.com\/ca\/producto\/ruta-born-la-ribera\/","title":{"rendered":"Ruta El Born Medieval"},"content":{"rendered":"<p>Descobreix l\u2019 antiga Vilanova del Mar, el barri mariner de la Ribera, i el barri de B\u00f2ria. Trasllada\u2019t a la ciutat Medieval, la Barcelona dels gremis. Coneix a fons la gran bas\u00edlica g\u00f2tica de Santa Maria de Mar. Situa\u2019t a la Barcelona assetjada de 1714 i viu els esdeveniments de la guerra de successi\u00f3. Passeja pel carrer m\u00e9s noble de la Barcelona medieval descobrint cada detall dels seus palaus. I si aix\u00f2 et sembla poc: Justes medievals, el carrer m\u00e9s estret i el m\u00e9s curt de Barcelona, caps de pedra que senyalitzaven bordells, cases on s\u2019exercia l\u2019exorcisme, hostals on desapareixien hostes, llocs on es duia a terme l\u2019escarn p\u00fablic dels condemnats\u2026i molt m\u00e9s.<\/p>","protected":false},"excerpt":{"rendered":"<p>Descobreix l\u2019antiga Vilanova del Mar, el barri mariner de la Ribera, i el barri de B\u00f2ria. Trasllada\u2019t a la ciutat Medieval, la Barcelona dels gremis. Coneix a fons la gran bas\u00edlica g\u00f2tica de Santa Maria de Mar. Situa\u2019t a la Barcelona assetjada de 1714 i viu els esdeveniments de la guerra de successi\u00f3. Passeja pel carrer m\u00e9s noble de la Barcelona medieval descobrint cada detall dels seus palaus. I si aix\u00f2 et sembla poc: Justes medievals, el carrer m\u00e9s estret i el m\u00e9s curt de Barcelona, caps de pedra que senyalitzaven bordells, cases on s\u2019exercia l\u2019exorcisme, hostals on desapareixien hostes, llocs on es duia a terme l\u2019escarn p\u00fablic dels condemnats\u2026i molt m\u00e9s.<\/p>\n","protected":false},"featured_media":2608,"comment_status":"open","ping_status":"closed","template":"","meta":[],"product_cat":[275],"product_tag":[],"yoast_head":"<!-- This site is optimized with the Yoast SEO plugin v19.2 - https:\/\/yoast.com\/wordpress\/plugins\/seo\/ -->\n<title>Ruta El Born Medieval - M\u00f3n Barcino<\/title>\n<meta name=\"robots\" content=\"index, follow, max-snippet:-1, max-image-preview:large, max-video-preview:-1\" \/>\n<link rel=\"canonical\" href=\"https:\/\/monbarcino.com\/producto\/ruta-born-la-ribera\/\" \/>\n<meta property=\"og:locale\" content=\"ca_ES\" \/>\n<meta property=\"og:type\" content=\"article\" \/>\n<meta property=\"og:title\" content=\"Ruta El Born Medieval - M\u00f3n Barcino\" \/>\n<meta property=\"og:description\" content=\"[:es]Descubre la antigua Vilanova del Mar, el barrio marinero de la Ribera, y el barrio de Boria. Trasl\u00e1date a la ciudad Medieval, la Barcelona de los gremios. Conoce a fondo la gran bas\u00edlica g\u00f3tica de Santa Mar\u00eda de Mar. Sit\u00faate en la Barcelona asediada de 1714 y vive los acontecimientos de la guerra de sucesi\u00f3n. Pasea por la calle m\u00e1s noble de la Barcelona medieval descubriendo cada detalle de sus palacios. Y si esto t\u00e9 parece poco: Justas medievales, la calle m\u00e1s estrecha y la m\u00e1s corta de Barcelona, cabezas de piedra que se\u00f1alizaban burdeles, casas donde se ejerc\u00eda el exorcismo, hostales donde desaparec\u00edan hu\u00e9spedes, lugares donde se llevaba a cabo el escarnio p\u00fablico de los condenados\u2026y mucho m\u00e1s.[:ca]Descobreix l\u2019antiga Vilanova del Mar, el barri mariner de la Ribera, i el barri de B\u00f2ria. Trasllada\u2019t a la ciutat Medieval, la Barcelona dels gremis. Coneix a fons la gran bas\u00edlica g\u00f2tica de Santa Maria de Mar. Situa\u2019t a la Barcelona assetjada de 1714 i viu els esdeveniments de la guerra de successi\u00f3. Passeja pel carrer m\u00e9s noble de la Barcelona medieval descobrint cada detall dels seus palaus. I si aix\u00f2 et sembla poc: Justes medievals, el carrer m\u00e9s estret i el m\u00e9s curt de Barcelona, caps de pedra que senyalitzaven bordells, cases on s\u2019exercia l\u2019exorcisme, hostals on desapareixien hostes, llocs on es duia a terme l\u2019escarn p\u00fablic dels condemnats\u2026i molt m\u00e9s.[:]\" \/>\n<meta property=\"og:url\" content=\"https:\/\/monbarcino.com\/producto\/ruta-born-la-ribera\/\" \/>\n<meta property=\"og:site_name\" content=\"M\u00f3n Barcino\" \/>\n<meta property=\"article:publisher\" content=\"https:\/\/www.facebook.com\/Monbarcino\/\" \/>\n<meta property=\"article:modified_time\" content=\"2026-04-17T01:18:53+00:00\" \/>\n<meta property=\"og:image\" content=\"https:\/\/monbarcino.com\/wp-content\/uploads\/2017\/03\/Santa-Maria-del-Mar-02.jpg\" \/>\n\t<meta property=\"og:image:width\" content=\"2000\" \/>\n\t<meta property=\"og:image:height\" content=\"1527\" \/>\n\t<meta property=\"og:image:type\" content=\"image\/jpeg\" \/>\n<meta name=\"author\" content=\"Juanjo Martinez\" \/>\n<meta name=\"twitter:card\" content=\"summary_large_image\" \/>\n<meta name=\"twitter:site\" content=\"@monbarcino\" \/>\n<meta name=\"twitter:label1\" content=\"Temps estimat de lectura\" \/>\n\t<meta name=\"twitter:data1\" content=\"1 minut\" \/>\n<script type=\"application\/ld+json\" class=\"yoast-schema-graph\">{\"@context\":\"https:\/\/schema.org\",\"@graph\":[{\"@type\":\"Organization\",\"@id\":\"https:\/\/monbarcino.com\/ca\/#organization\",\"name\":\"MonBarcino\",\"url\":\"https:\/\/monbarcino.com\/ca\/\",\"sameAs\":[\"https:\/\/www.instagram.com\/monbarcino\/\",\"https:\/\/www.facebook.com\/Monbarcino\/\",\"https:\/\/twitter.com\/monbarcino\"],\"logo\":{\"@type\":\"ImageObject\",\"inLanguage\":\"ca\",\"@id\":\"https:\/\/monbarcino.com\/ca\/#\/schema\/logo\/image\/\",\"url\":\"https:\/\/monbarcino.com\/wp-content\/uploads\/2019\/04\/logo.jpg\",\"contentUrl\":\"https:\/\/monbarcino.com\/wp-content\/uploads\/2019\/04\/logo.jpg\",\"width\":750,\"height\":703,\"caption\":\"MonBarcino\"},\"image\":{\"@id\":\"https:\/\/monbarcino.com\/ca\/#\/schema\/logo\/image\/\"}},{\"@type\":\"WebSite\",\"@id\":\"https:\/\/monbarcino.com\/ca\/#website\",\"url\":\"https:\/\/monbarcino.com\/ca\/\",\"name\":\"M\u00f3n Barcino\",\"description\":\"Rutes i visites guiades per Barcelona\",\"publisher\":{\"@id\":\"https:\/\/monbarcino.com\/ca\/#organization\"},\"potentialAction\":[{\"@type\":\"SearchAction\",\"target\":{\"@type\":\"EntryPoint\",\"urlTemplate\":\"https:\/\/monbarcino.com\/ca\/?s={search_term_string}\"},\"query-input\":\"required name=search_term_string\"}],\"inLanguage\":\"ca\"},{\"@type\":\"ImageObject\",\"inLanguage\":\"ca\",\"@id\":\"https:\/\/monbarcino.com\/producto\/ruta-born-la-ribera\/#primaryimage\",\"url\":\"https:\/\/monbarcino.com\/wp-content\/uploads\/2017\/03\/Santa-Maria-del-Mar-02.jpg\",\"contentUrl\":\"https:\/\/monbarcino.com\/wp-content\/uploads\/2017\/03\/Santa-Maria-del-Mar-02.jpg\",\"width\":2000,\"height\":1527},{\"@type\":\"WebPage\",\"@id\":\"https:\/\/monbarcino.com\/producto\/ruta-born-la-ribera\/#webpage\",\"url\":\"https:\/\/monbarcino.com\/producto\/ruta-born-la-ribera\/\",\"name\":\"Ruta El Born Medieval - M\u00f3n Barcino\",\"isPartOf\":{\"@id\":\"https:\/\/monbarcino.com\/ca\/#website\"},\"primaryImageOfPage\":{\"@id\":\"https:\/\/monbarcino.com\/producto\/ruta-born-la-ribera\/#primaryimage\"},\"datePublished\":\"2017-03-22T11:34:18+00:00\",\"dateModified\":\"2026-04-17T01:18:53+00:00\",\"breadcrumb\":{\"@id\":\"https:\/\/monbarcino.com\/producto\/ruta-born-la-ribera\/#breadcrumb\"},\"inLanguage\":\"ca\",\"potentialAction\":[{\"@type\":\"ReadAction\",\"target\":[\"https:\/\/monbarcino.com\/producto\/ruta-born-la-ribera\/\"]}]},{\"@type\":\"BreadcrumbList\",\"@id\":\"https:\/\/monbarcino.com\/producto\/ruta-born-la-ribera\/#breadcrumb\",\"itemListElement\":[{\"@type\":\"ListItem\",\"position\":1,\"name\":\"Portada\",\"item\":\"https:\/\/monbarcino.com\/ca\/\"},{\"@type\":\"ListItem\",\"position\":2,\"name\":\"Rutes\",\"item\":\"http:\/\/monbarcino.com\/ca\/rutas\/\"},{\"@type\":\"ListItem\",\"position\":3,\"name\":\"Ruta El Born Medieval\"}]}]}<\/script>\n<!-- \/ Yoast SEO plugin. -->","yoast_head_json":{"title":"Ruta El Born Medieval - M\u00f3n Barcino","robots":{"index":"index","follow":"follow","max-snippet":"max-snippet:-1","max-image-preview":"max-image-preview:large","max-video-preview":"max-video-preview:-1"},"canonical":"https:\/\/monbarcino.com\/producto\/ruta-born-la-ribera\/","og_locale":"ca_ES","og_type":"article","og_title":"Ruta El Born Medieval - M\u00f3n Barcino","og_description":"[:es]Descubre la antigua Vilanova del Mar, el barrio marinero de la Ribera, y el barrio de Boria. Trasl\u00e1date a la ciudad Medieval, la Barcelona de los gremios. Conoce a fondo la gran bas\u00edlica g\u00f3tica de Santa Mar\u00eda de Mar. Sit\u00faate en la Barcelona asediada de 1714 y vive los acontecimientos de la guerra de sucesi\u00f3n. Pasea por la calle m\u00e1s noble de la Barcelona medieval descubriendo cada detalle de sus palacios. Y si esto t\u00e9 parece poco: Justas medievales, la calle m\u00e1s estrecha y la m\u00e1s corta de Barcelona, cabezas de piedra que se\u00f1alizaban burdeles, casas donde se ejerc\u00eda el exorcismo, hostales donde desaparec\u00edan hu\u00e9spedes, lugares donde se llevaba a cabo el escarnio p\u00fablico de los condenados\u2026y mucho m\u00e1s.[:ca]Descobreix l\u2019antiga Vilanova del Mar, el barri mariner de la Ribera, i el barri de B\u00f2ria. Trasllada\u2019t a la ciutat Medieval, la Barcelona dels gremis. Coneix a fons la gran bas\u00edlica g\u00f2tica de Santa Maria de Mar. Situa\u2019t a la Barcelona assetjada de 1714 i viu els esdeveniments de la guerra de successi\u00f3. Passeja pel carrer m\u00e9s noble de la Barcelona medieval descobrint cada detall dels seus palaus. I si aix\u00f2 et sembla poc: Justes medievals, el carrer m\u00e9s estret i el m\u00e9s curt de Barcelona, caps de pedra que senyalitzaven bordells, cases on s\u2019exercia l\u2019exorcisme, hostals on desapareixien hostes, llocs on es duia a terme l\u2019escarn p\u00fablic dels condemnats\u2026i molt m\u00e9s.[:]","og_url":"https:\/\/monbarcino.com\/producto\/ruta-born-la-ribera\/","og_site_name":"M\u00f3n Barcino","article_publisher":"https:\/\/www.facebook.com\/Monbarcino\/","article_modified_time":"2026-04-17T01:18:53+00:00","og_image":[{"width":2000,"height":1527,"url":"https:\/\/monbarcino.com\/wp-content\/uploads\/2017\/03\/Santa-Maria-del-Mar-02.jpg","type":"image\/jpeg"}],"author":"Juanjo Martinez","twitter_card":"summary_large_image","twitter_site":"@monbarcino","twitter_misc":{"Temps estimat de lectura":"1 minut"},"schema":{"@context":"https:\/\/schema.org","@graph":[{"@type":"Organization","@id":"https:\/\/monbarcino.com\/ca\/#organization","name":"MonBarcino","url":"https:\/\/monbarcino.com\/ca\/","sameAs":["https:\/\/www.instagram.com\/monbarcino\/","https:\/\/www.facebook.com\/Monbarcino\/","https:\/\/twitter.com\/monbarcino"],"logo":{"@type":"ImageObject","inLanguage":"ca","@id":"https:\/\/monbarcino.com\/ca\/#\/schema\/logo\/image\/","url":"https:\/\/monbarcino.com\/wp-content\/uploads\/2019\/04\/logo.jpg","contentUrl":"https:\/\/monbarcino.com\/wp-content\/uploads\/2019\/04\/logo.jpg","width":750,"height":703,"caption":"MonBarcino"},"image":{"@id":"https:\/\/monbarcino.com\/ca\/#\/schema\/logo\/image\/"}},{"@type":"WebSite","@id":"https:\/\/monbarcino.com\/ca\/#website","url":"https:\/\/monbarcino.com\/ca\/","name":"M\u00f3n Barcino","description":"Rutes i visites guiades per Barcelona","publisher":{"@id":"https:\/\/monbarcino.com\/ca\/#organization"},"potentialAction":[{"@type":"SearchAction","target":{"@type":"EntryPoint","urlTemplate":"https:\/\/monbarcino.com\/ca\/?s={search_term_string}"},"query-input":"required name=search_term_string"}],"inLanguage":"ca"},{"@type":"ImageObject","inLanguage":"ca","@id":"https:\/\/monbarcino.com\/producto\/ruta-born-la-ribera\/#primaryimage","url":"https:\/\/monbarcino.com\/wp-content\/uploads\/2017\/03\/Santa-Maria-del-Mar-02.jpg","contentUrl":"https:\/\/monbarcino.com\/wp-content\/uploads\/2017\/03\/Santa-Maria-del-Mar-02.jpg","width":2000,"height":1527},{"@type":"WebPage","@id":"https:\/\/monbarcino.com\/producto\/ruta-born-la-ribera\/#webpage","url":"https:\/\/monbarcino.com\/producto\/ruta-born-la-ribera\/","name":"Ruta El Born Medieval - M\u00f3n Barcino","isPartOf":{"@id":"https:\/\/monbarcino.com\/ca\/#website"},"primaryImageOfPage":{"@id":"https:\/\/monbarcino.com\/producto\/ruta-born-la-ribera\/#primaryimage"},"datePublished":"2017-03-22T11:34:18+00:00","dateModified":"2026-04-17T01:18:53+00:00","breadcrumb":{"@id":"https:\/\/monbarcino.com\/producto\/ruta-born-la-ribera\/#breadcrumb"},"inLanguage":"ca","potentialAction":[{"@type":"ReadAction","target":["https:\/\/monbarcino.com\/producto\/ruta-born-la-ribera\/"]}]},{"@type":"BreadcrumbList","@id":"https:\/\/monbarcino.com\/producto\/ruta-born-la-ribera\/#breadcrumb","itemListElement":[{"@type":"ListItem","position":1,"name":"Portada","item":"https:\/\/monbarcino.com\/ca\/"},{"@type":"ListItem","position":2,"name":"Rutes","item":"http:\/\/monbarcino.com\/ca\/rutas\/"},{"@type":"ListItem","position":3,"name":"Ruta El Born Medieval"}]}]}},"_links":{"self":[{"href":"https:\/\/monbarcino.com\/ca\/wp-json\/wp\/v2\/product\/1589"}],"collection":[{"href":"https:\/\/monbarcino.com\/ca\/wp-json\/wp\/v2\/product"}],"about":[{"href":"https:\/\/monbarcino.com\/ca\/wp-json\/wp\/v2\/types\/product"}],"replies":[{"embeddable":true,"href":"https:\/\/monbarcino.com\/ca\/wp-json\/wp\/v2\/comments?post=1589"}],"wp:featuredmedia":[{"embeddable":true,"href":"https:\/\/monbarcino.com\/ca\/wp-json\/wp\/v2\/media\/2608"}],"wp:attachment":[{"href":"https:\/\/monbarcino.com\/ca\/wp-json\/wp\/v2\/media?parent=1589"}],"wp:term":[{"taxonomy":"product_cat","embeddable":true,"href":"https:\/\/monbarcino.com\/ca\/wp-json\/wp\/v2\/product_cat?post=1589"},{"taxonomy":"product_tag","embeddable":true,"href":"https:\/\/monbarcino.com\/ca\/wp-json\/wp\/v2\/product_tag?post=1589"}],"curies":[{"name":"wp","href":"https:\/\/api.w.org\/{rel}","templated":true}]}}