{"id":1592,"date":"2017-03-22T11:36:51","date_gmt":"2017-03-22T11:36:51","guid":{"rendered":"http:\/\/monbarcino.com\/producto\/ruta-de-las-azoteas-barrio-sant-pere\/"},"modified":"2026-03-13T08:43:37","modified_gmt":"2026-03-13T08:43:37","slug":"ruta-de-la-vila-de-gracia-cat","status":"publish","type":"product","link":"https:\/\/monbarcino.com\/ca\/producto\/ruta-de-la-vila-de-gracia-cat\/","title":{"rendered":"Ruta de la vila de Gr\u00e0cia"},"content":{"rendered":"<p>Acompanya&#8217;ns en aquesta ruta pels carrers de Gr\u00e0cia, que va ser per dues vegades vila independent fins a la seva annexi\u00f3 definitiva a Barcelona en 1897.<br \/>\nDescobreix el seu origen rural que ens traslladar\u00e0 des de les masies agr\u00edcoles fins a la parcel\u00b7laci\u00f3 dels seus carrers i places.<br \/>\nD&#8217;una Gr\u00e0cia revolucion\u00e0ria amb les seves cooperatives obreres a una Gr\u00e0cia burgesa representada en els habitatges d&#8217;estil modernista<br \/>\nLa Gr\u00e0cia bressol de la rumba catalana, de la festa major d&#8217;estiu, de la festa de Sant Medir.<\/p>","protected":false},"excerpt":{"rendered":"<p>Acompanya&#8217;ns en aquesta ruta pels carrers de Gr\u00e0cia, que va ser per dues vegades vila independent fins a la seva annexi\u00f3 definitiva a Barcelona en 1897.<br \/>\nDescobreix el seu origen rural que ens traslladar\u00e0 des de les masies agr\u00edcoles fins a la parcel\u00b7laci\u00f3 dels seus carrers i places.<br \/>\nD&#8217;una Gr\u00e0cia revolucion\u00e0ria amb les seves cooperatives obreres a una Gr\u00e0cia burgesa representada en els habitatges d&#8217;estil modernista<br \/>\nLa Gr\u00e0cia bressol de la rumba catalana, de la festa major d&#8217;estiu, de la festa de Sant Medir.<\/p>\n","protected":false},"featured_media":1834,"comment_status":"open","ping_status":"closed","template":"","meta":[],"product_cat":[275],"product_tag":[],"yoast_head":"<!-- This site is optimized with the Yoast SEO plugin v19.2 - https:\/\/yoast.com\/wordpress\/plugins\/seo\/ -->\n<title>Ruta de la vila de Gr\u00e0cia - M\u00f3n Barcino<\/title>\n<meta name=\"robots\" content=\"index, follow, max-snippet:-1, max-image-preview:large, max-video-preview:-1\" \/>\n<link rel=\"canonical\" href=\"http:\/\/monbarcino.com\/ca\/producto\/ruta-de-la-vila-de-gracia-cat\/\" \/>\n<meta property=\"og:locale\" content=\"ca_ES\" \/>\n<meta property=\"og:type\" content=\"article\" \/>\n<meta property=\"og:title\" content=\"[:es]Ruta de la villa de Gracia[:ca]Ruta de la vila de Gr\u00e0cia[:] - M\u00f3n Barcino\" \/>\n<meta property=\"og:description\" content=\"[:es]Acomp\u00e1\u00f1anos en esta ruta por las calles de Gracia, que fue por dos veces villa independiente hasta su anexi\u00f3n definitiva a Barcelona en 1897. Descubre su origen rural que nos trasladar\u00e1 desde las mas\u00edas agr\u00edcolas hasta la parcelaci\u00f3n de sus calles y plazas. De una Gracia revolucionaria con sus cooperativas obreras a una Gracia burguesa representada en las viviendas de estilo modernista La Gracia cuna de la rumba catalana, de la fiesta mayor de verano, de la fiesta de San Med\u00edn.[:ca]Acompanya&#039;ns en aquesta ruta pels carrers de Gr\u00e0cia, que va ser per dues vegades vila independent fins a la seva annexi\u00f3 definitiva a Barcelona en 1897. Descobreix el seu origen rural que ens traslladar\u00e0 des de les masies agr\u00edcoles fins a la parcel\u00b7laci\u00f3 dels seus carrers i places. D&#039;una Gr\u00e0cia revolucion\u00e0ria amb les seves cooperatives obreres a una Gr\u00e0cia burgesa representada en els habitatges d&#039;estil modernista La Gr\u00e0cia bressol de la rumba catalana, de la festa major d&#039;estiu, de la festa de Sant Medir.[:]\" \/>\n<meta property=\"og:url\" content=\"http:\/\/monbarcino.com\/ca\/producto\/ruta-de-la-vila-de-gracia-cat\/\" \/>\n<meta property=\"og:site_name\" content=\"M\u00f3n Barcino\" \/>\n<meta property=\"article:publisher\" content=\"https:\/\/www.facebook.com\/Monbarcino\/\" \/>\n<meta property=\"article:modified_time\" content=\"2026-03-13T08:43:37+00:00\" \/>\n<meta property=\"og:image\" content=\"http:\/\/monbarcino.com\/wp-content\/uploads\/2017\/03\/torre-rellotge-Gracia.jpg\" \/>\n\t<meta property=\"og:image:width\" content=\"1200\" \/>\n\t<meta property=\"og:image:height\" content=\"1600\" \/>\n\t<meta property=\"og:image:type\" content=\"image\/jpeg\" \/>\n<meta name=\"author\" content=\"Juanjo Martinez\" \/>\n<meta name=\"twitter:card\" content=\"summary_large_image\" \/>\n<meta name=\"twitter:site\" content=\"@monbarcino\" \/>\n<meta name=\"twitter:label1\" content=\"Temps estimat de lectura\" \/>\n\t<meta name=\"twitter:data1\" content=\"1 minut\" \/>\n<script type=\"application\/ld+json\" class=\"yoast-schema-graph\">{\"@context\":\"https:\/\/schema.org\",\"@graph\":[{\"@type\":\"Organization\",\"@id\":\"https:\/\/monbarcino.com\/ca\/#organization\",\"name\":\"MonBarcino\",\"url\":\"https:\/\/monbarcino.com\/ca\/\",\"sameAs\":[\"https:\/\/www.instagram.com\/monbarcino\/\",\"https:\/\/www.facebook.com\/Monbarcino\/\",\"https:\/\/twitter.com\/monbarcino\"],\"logo\":{\"@type\":\"ImageObject\",\"inLanguage\":\"ca\",\"@id\":\"https:\/\/monbarcino.com\/ca\/#\/schema\/logo\/image\/\",\"url\":\"https:\/\/monbarcino.com\/wp-content\/uploads\/2019\/04\/logo.jpg\",\"contentUrl\":\"https:\/\/monbarcino.com\/wp-content\/uploads\/2019\/04\/logo.jpg\",\"width\":750,\"height\":703,\"caption\":\"MonBarcino\"},\"image\":{\"@id\":\"https:\/\/monbarcino.com\/ca\/#\/schema\/logo\/image\/\"}},{\"@type\":\"WebSite\",\"@id\":\"https:\/\/monbarcino.com\/ca\/#website\",\"url\":\"https:\/\/monbarcino.com\/ca\/\",\"name\":\"M\u00f3n Barcino\",\"description\":\"Rutes i visites guiades per Barcelona\",\"publisher\":{\"@id\":\"https:\/\/monbarcino.com\/ca\/#organization\"},\"potentialAction\":[{\"@type\":\"SearchAction\",\"target\":{\"@type\":\"EntryPoint\",\"urlTemplate\":\"https:\/\/monbarcino.com\/ca\/?s={search_term_string}\"},\"query-input\":\"required name=search_term_string\"}],\"inLanguage\":\"ca\"},{\"@type\":\"ImageObject\",\"inLanguage\":\"ca\",\"@id\":\"http:\/\/monbarcino.com\/ca\/producto\/ruta-de-la-vila-de-gracia-cat\/#primaryimage\",\"url\":\"https:\/\/monbarcino.com\/wp-content\/uploads\/2017\/03\/torre-rellotge-Gracia.jpg\",\"contentUrl\":\"https:\/\/monbarcino.com\/wp-content\/uploads\/2017\/03\/torre-rellotge-Gracia.jpg\",\"width\":1200,\"height\":1600},{\"@type\":\"WebPage\",\"@id\":\"http:\/\/monbarcino.com\/ca\/producto\/ruta-de-la-vila-de-gracia-cat\/#webpage\",\"url\":\"http:\/\/monbarcino.com\/ca\/producto\/ruta-de-la-vila-de-gracia-cat\/\",\"name\":\"[:es]Ruta de la villa de Gracia[:ca]Ruta de la vila de Gr\u00e0cia[:] - M\u00f3n Barcino\",\"isPartOf\":{\"@id\":\"https:\/\/monbarcino.com\/ca\/#website\"},\"primaryImageOfPage\":{\"@id\":\"http:\/\/monbarcino.com\/ca\/producto\/ruta-de-la-vila-de-gracia-cat\/#primaryimage\"},\"datePublished\":\"2017-03-22T11:36:51+00:00\",\"dateModified\":\"2026-03-13T08:43:37+00:00\",\"breadcrumb\":{\"@id\":\"http:\/\/monbarcino.com\/ca\/producto\/ruta-de-la-vila-de-gracia-cat\/#breadcrumb\"},\"inLanguage\":\"ca\",\"potentialAction\":[{\"@type\":\"ReadAction\",\"target\":[\"http:\/\/monbarcino.com\/ca\/producto\/ruta-de-la-vila-de-gracia-cat\/\"]}]},{\"@type\":\"BreadcrumbList\",\"@id\":\"http:\/\/monbarcino.com\/ca\/producto\/ruta-de-la-vila-de-gracia-cat\/#breadcrumb\",\"itemListElement\":[{\"@type\":\"ListItem\",\"position\":1,\"name\":\"Portada\",\"item\":\"https:\/\/monbarcino.com\/ca\/\"},{\"@type\":\"ListItem\",\"position\":2,\"name\":\"Rutes\",\"item\":\"http:\/\/monbarcino.com\/ca\/rutas\/\"},{\"@type\":\"ListItem\",\"position\":3,\"name\":\"Ruta de la vila de Gr\u00e0cia\"}]}]}<\/script>\n<!-- \/ Yoast SEO plugin. -->","yoast_head_json":{"title":"[:es]Ruta de la villa de Gracia[:ca]Ruta de la vila de Gr\u00e0cia[:] - M\u00f3n Barcino","robots":{"index":"index","follow":"follow","max-snippet":"max-snippet:-1","max-image-preview":"max-image-preview:large","max-video-preview":"max-video-preview:-1"},"canonical":"http:\/\/monbarcino.com\/ca\/producto\/ruta-de-la-vila-de-gracia-cat\/","og_locale":"ca_ES","og_type":"article","og_title":"[:es]Ruta de la villa de Gracia[:ca]Ruta de la vila de Gr\u00e0cia[:] - M\u00f3n Barcino","og_description":"[:es]Acomp\u00e1\u00f1anos en esta ruta por las calles de Gracia, que fue por dos veces villa independiente hasta su anexi\u00f3n definitiva a Barcelona en 1897. Descubre su origen rural que nos trasladar\u00e1 desde las mas\u00edas agr\u00edcolas hasta la parcelaci\u00f3n de sus calles y plazas. De una Gracia revolucionaria con sus cooperativas obreras a una Gracia burguesa representada en las viviendas de estilo modernista La Gracia cuna de la rumba catalana, de la fiesta mayor de verano, de la fiesta de San Med\u00edn.[:ca]Acompanya'ns en aquesta ruta pels carrers de Gr\u00e0cia, que va ser per dues vegades vila independent fins a la seva annexi\u00f3 definitiva a Barcelona en 1897. Descobreix el seu origen rural que ens traslladar\u00e0 des de les masies agr\u00edcoles fins a la parcel\u00b7laci\u00f3 dels seus carrers i places. D'una Gr\u00e0cia revolucion\u00e0ria amb les seves cooperatives obreres a una Gr\u00e0cia burgesa representada en els habitatges d'estil modernista La Gr\u00e0cia bressol de la rumba catalana, de la festa major d'estiu, de la festa de Sant Medir.[:]","og_url":"http:\/\/monbarcino.com\/ca\/producto\/ruta-de-la-vila-de-gracia-cat\/","og_site_name":"M\u00f3n Barcino","article_publisher":"https:\/\/www.facebook.com\/Monbarcino\/","article_modified_time":"2026-03-13T08:43:37+00:00","og_image":[{"width":1200,"height":1600,"url":"http:\/\/monbarcino.com\/wp-content\/uploads\/2017\/03\/torre-rellotge-Gracia.jpg","type":"image\/jpeg"}],"author":"Juanjo Martinez","twitter_card":"summary_large_image","twitter_site":"@monbarcino","twitter_misc":{"Temps estimat de lectura":"1 minut"},"schema":{"@context":"https:\/\/schema.org","@graph":[{"@type":"Organization","@id":"https:\/\/monbarcino.com\/ca\/#organization","name":"MonBarcino","url":"https:\/\/monbarcino.com\/ca\/","sameAs":["https:\/\/www.instagram.com\/monbarcino\/","https:\/\/www.facebook.com\/Monbarcino\/","https:\/\/twitter.com\/monbarcino"],"logo":{"@type":"ImageObject","inLanguage":"ca","@id":"https:\/\/monbarcino.com\/ca\/#\/schema\/logo\/image\/","url":"https:\/\/monbarcino.com\/wp-content\/uploads\/2019\/04\/logo.jpg","contentUrl":"https:\/\/monbarcino.com\/wp-content\/uploads\/2019\/04\/logo.jpg","width":750,"height":703,"caption":"MonBarcino"},"image":{"@id":"https:\/\/monbarcino.com\/ca\/#\/schema\/logo\/image\/"}},{"@type":"WebSite","@id":"https:\/\/monbarcino.com\/ca\/#website","url":"https:\/\/monbarcino.com\/ca\/","name":"M\u00f3n Barcino","description":"Rutes i visites guiades per Barcelona","publisher":{"@id":"https:\/\/monbarcino.com\/ca\/#organization"},"potentialAction":[{"@type":"SearchAction","target":{"@type":"EntryPoint","urlTemplate":"https:\/\/monbarcino.com\/ca\/?s={search_term_string}"},"query-input":"required name=search_term_string"}],"inLanguage":"ca"},{"@type":"ImageObject","inLanguage":"ca","@id":"http:\/\/monbarcino.com\/ca\/producto\/ruta-de-la-vila-de-gracia-cat\/#primaryimage","url":"https:\/\/monbarcino.com\/wp-content\/uploads\/2017\/03\/torre-rellotge-Gracia.jpg","contentUrl":"https:\/\/monbarcino.com\/wp-content\/uploads\/2017\/03\/torre-rellotge-Gracia.jpg","width":1200,"height":1600},{"@type":"WebPage","@id":"http:\/\/monbarcino.com\/ca\/producto\/ruta-de-la-vila-de-gracia-cat\/#webpage","url":"http:\/\/monbarcino.com\/ca\/producto\/ruta-de-la-vila-de-gracia-cat\/","name":"[:es]Ruta de la villa de Gracia[:ca]Ruta de la vila de Gr\u00e0cia[:] - M\u00f3n Barcino","isPartOf":{"@id":"https:\/\/monbarcino.com\/ca\/#website"},"primaryImageOfPage":{"@id":"http:\/\/monbarcino.com\/ca\/producto\/ruta-de-la-vila-de-gracia-cat\/#primaryimage"},"datePublished":"2017-03-22T11:36:51+00:00","dateModified":"2026-03-13T08:43:37+00:00","breadcrumb":{"@id":"http:\/\/monbarcino.com\/ca\/producto\/ruta-de-la-vila-de-gracia-cat\/#breadcrumb"},"inLanguage":"ca","potentialAction":[{"@type":"ReadAction","target":["http:\/\/monbarcino.com\/ca\/producto\/ruta-de-la-vila-de-gracia-cat\/"]}]},{"@type":"BreadcrumbList","@id":"http:\/\/monbarcino.com\/ca\/producto\/ruta-de-la-vila-de-gracia-cat\/#breadcrumb","itemListElement":[{"@type":"ListItem","position":1,"name":"Portada","item":"https:\/\/monbarcino.com\/ca\/"},{"@type":"ListItem","position":2,"name":"Rutes","item":"http:\/\/monbarcino.com\/ca\/rutas\/"},{"@type":"ListItem","position":3,"name":"Ruta de la vila de Gr\u00e0cia"}]}]}},"_links":{"self":[{"href":"https:\/\/monbarcino.com\/ca\/wp-json\/wp\/v2\/product\/1592"}],"collection":[{"href":"https:\/\/monbarcino.com\/ca\/wp-json\/wp\/v2\/product"}],"about":[{"href":"https:\/\/monbarcino.com\/ca\/wp-json\/wp\/v2\/types\/product"}],"replies":[{"embeddable":true,"href":"https:\/\/monbarcino.com\/ca\/wp-json\/wp\/v2\/comments?post=1592"}],"wp:featuredmedia":[{"embeddable":true,"href":"https:\/\/monbarcino.com\/ca\/wp-json\/wp\/v2\/media\/1834"}],"wp:attachment":[{"href":"https:\/\/monbarcino.com\/ca\/wp-json\/wp\/v2\/media?parent=1592"}],"wp:term":[{"taxonomy":"product_cat","embeddable":true,"href":"https:\/\/monbarcino.com\/ca\/wp-json\/wp\/v2\/product_cat?post=1592"},{"taxonomy":"product_tag","embeddable":true,"href":"https:\/\/monbarcino.com\/ca\/wp-json\/wp\/v2\/product_tag?post=1592"}],"curies":[{"name":"wp","href":"https:\/\/api.w.org\/{rel}","templated":true}]}}