{"id":1810,"date":"2017-03-22T23:08:29","date_gmt":"2017-03-22T23:08:29","guid":{"rendered":"http:\/\/monbarcino.com\/?post_type=product&#038;p=1810"},"modified":"2026-04-24T00:16:27","modified_gmt":"2026-04-24T00:16:27","slug":"cheque-regalo","status":"publish","type":"product","link":"https:\/\/monbarcino.com\/ca\/producto\/cheque-regalo\/","title":{"rendered":"Xec-Regal"},"content":{"rendered":"<p>Si vols encertar en el regal d\u2019aniversaris, Nadal,amic invisible i qualsevol altra celebraci\u00f3 regala cultura,sigues original amb els xecs-regal de <strong>M\u00f3n Barcino<\/strong>.<\/p>\n<p>Adquireix un xec -regal per <strong>11 \u20ac<\/strong> per a qualsevol de les rutes de <strong>M\u00f3n Barcino<\/strong> actuals i per a qualsevol de les noves rutes que s\u2019obrin en el futur, i amb una <strong>validesa d\u2019un any<\/strong>.<\/p>","protected":false},"excerpt":{"rendered":"<p>Si vols encertar en el regal d\u2019aniversaris, Nadal,amic invisible i qualsevol altra celebraci\u00f3 regala cultura,sigues original amb els xecs-regal de <strong>M\u00f3n Barcino<\/strong>.<\/p>\n<p>Adquireix un xec -regal per <strong>11 \u20ac<\/strong> per a qualsevol de les rutes de <strong>M\u00f3n Barcino<\/strong> actuals i per a qualsevol de les noves rutes que s\u2019obrin en el futur, i amb una <strong>validesa d\u2019un any<\/strong>.<\/p>\n","protected":false},"featured_media":2462,"comment_status":"open","ping_status":"closed","template":"","meta":[],"product_cat":[276],"product_tag":[],"yoast_head":"<!-- This site is optimized with the Yoast SEO plugin v19.2 - https:\/\/yoast.com\/wordpress\/plugins\/seo\/ -->\n<title>Xec-Regal - M\u00f3n Barcino<\/title>\n<meta name=\"robots\" content=\"index, follow, max-snippet:-1, max-image-preview:large, max-video-preview:-1\" \/>\n<link rel=\"canonical\" href=\"https:\/\/monbarcino.com\/producto\/cheque-regalo\/\" \/>\n<meta property=\"og:locale\" content=\"ca_ES\" \/>\n<meta property=\"og:type\" content=\"article\" \/>\n<meta property=\"og:title\" content=\"[:es]Cheque regalo[:ca]Xec-Regal[:] - M\u00f3n Barcino\" \/>\n<meta property=\"og:description\" content=\"[:es]      Si quieres acertar en el regalo de cumplea\u00f1os,aniversarios, Navidad,amigo invisible y cualquier otra celebraci\u00f3n regala cultura,se original con los cheques-regalo de M\u00f3n Barcino.  Adquiere un cheque -regalo por 11 \u20ac para cualquiera de las rutas de M\u00f3n Barcino actuales y para cualquiera de las nuevas rutas que se abran en el futuro, y con una validez de un a\u00f1o.      [:ca]Si vols encertar en el regal d\u2019aniversaris, Nadal,amic invisible i qualsevol altra celebraci\u00f3 regala cultura,sigues original amb els xecs-regal de M\u00f3n Barcino.  Adquireix un xec -regal per 11 \u20ac per a qualsevol de les rutes de M\u00f3n Barcino actuals i per a qualsevol de les noves rutes que s\u2019obrin en el futur, i amb una validesa d\u2019un any.[:]\" \/>\n<meta property=\"og:url\" content=\"https:\/\/monbarcino.com\/producto\/cheque-regalo\/\" \/>\n<meta property=\"og:site_name\" content=\"M\u00f3n Barcino\" \/>\n<meta property=\"article:publisher\" content=\"https:\/\/www.facebook.com\/Monbarcino\/\" \/>\n<meta property=\"article:modified_time\" content=\"2026-04-24T00:16:27+00:00\" \/>\n<meta property=\"og:image\" content=\"https:\/\/monbarcino.com\/wp-content\/uploads\/2017\/03\/Xec-Regal-Mon-Barcino_exemple.jpg\" \/>\n\t<meta property=\"og:image:width\" content=\"1747\" \/>\n\t<meta property=\"og:image:height\" content=\"1240\" \/>\n\t<meta property=\"og:image:type\" content=\"image\/jpeg\" \/>\n<meta name=\"author\" content=\"Juanjo Martinez\" \/>\n<meta name=\"twitter:card\" content=\"summary_large_image\" \/>\n<meta name=\"twitter:site\" content=\"@monbarcino\" \/>\n<meta name=\"twitter:label1\" content=\"Temps estimat de lectura\" \/>\n\t<meta name=\"twitter:data1\" content=\"1 minut\" \/>\n<script type=\"application\/ld+json\" class=\"yoast-schema-graph\">{\"@context\":\"https:\/\/schema.org\",\"@graph\":[{\"@type\":\"Organization\",\"@id\":\"http:\/\/monbarcino.com\/#organization\",\"name\":\"MonBarcino\",\"url\":\"http:\/\/monbarcino.com\/\",\"sameAs\":[\"https:\/\/www.instagram.com\/monbarcino\/\",\"https:\/\/www.facebook.com\/Monbarcino\/\",\"https:\/\/twitter.com\/monbarcino\"],\"logo\":{\"@type\":\"ImageObject\",\"inLanguage\":\"ca\",\"@id\":\"http:\/\/monbarcino.com\/#\/schema\/logo\/image\/\",\"url\":\"https:\/\/monbarcino.com\/wp-content\/uploads\/2019\/04\/logo.jpg\",\"contentUrl\":\"https:\/\/monbarcino.com\/wp-content\/uploads\/2019\/04\/logo.jpg\",\"width\":750,\"height\":703,\"caption\":\"MonBarcino\"},\"image\":{\"@id\":\"http:\/\/monbarcino.com\/#\/schema\/logo\/image\/\"}},{\"@type\":\"WebSite\",\"@id\":\"http:\/\/monbarcino.com\/#website\",\"url\":\"http:\/\/monbarcino.com\/\",\"name\":\"M\u00f3n Barcino\",\"description\":\"Rutes i visites guiades per Barcelona\",\"publisher\":{\"@id\":\"http:\/\/monbarcino.com\/#organization\"},\"potentialAction\":[{\"@type\":\"SearchAction\",\"target\":{\"@type\":\"EntryPoint\",\"urlTemplate\":\"http:\/\/monbarcino.com\/?s={search_term_string}\"},\"query-input\":\"required name=search_term_string\"}],\"inLanguage\":\"ca\"},{\"@type\":\"ImageObject\",\"inLanguage\":\"ca\",\"@id\":\"https:\/\/monbarcino.com\/producto\/cheque-regalo\/#primaryimage\",\"url\":\"https:\/\/monbarcino.com\/wp-content\/uploads\/2017\/03\/Xec-Regal-Mon-Barcino_exemple.jpg\",\"contentUrl\":\"https:\/\/monbarcino.com\/wp-content\/uploads\/2017\/03\/Xec-Regal-Mon-Barcino_exemple.jpg\",\"width\":1747,\"height\":1240},{\"@type\":\"WebPage\",\"@id\":\"https:\/\/monbarcino.com\/producto\/cheque-regalo\/#webpage\",\"url\":\"https:\/\/monbarcino.com\/producto\/cheque-regalo\/\",\"name\":\"[:es]Cheque regalo[:ca]Xec-Regal[:] - M\u00f3n Barcino\",\"isPartOf\":{\"@id\":\"http:\/\/monbarcino.com\/#website\"},\"primaryImageOfPage\":{\"@id\":\"https:\/\/monbarcino.com\/producto\/cheque-regalo\/#primaryimage\"},\"datePublished\":\"2017-03-22T23:08:29+00:00\",\"dateModified\":\"2026-04-24T00:16:27+00:00\",\"breadcrumb\":{\"@id\":\"https:\/\/monbarcino.com\/producto\/cheque-regalo\/#breadcrumb\"},\"inLanguage\":\"ca\",\"potentialAction\":[{\"@type\":\"ReadAction\",\"target\":[\"https:\/\/monbarcino.com\/producto\/cheque-regalo\/\"]}]},{\"@type\":\"BreadcrumbList\",\"@id\":\"https:\/\/monbarcino.com\/producto\/cheque-regalo\/#breadcrumb\",\"itemListElement\":[{\"@type\":\"ListItem\",\"position\":1,\"name\":\"Portada\",\"item\":\"http:\/\/monbarcino.com\/\"},{\"@type\":\"ListItem\",\"position\":2,\"name\":\"Rutas\",\"item\":\"http:\/\/monbarcino.com\/rutas\/\"},{\"@type\":\"ListItem\",\"position\":3,\"name\":\"Cheque regalo\"}]}]}<\/script>\n<!-- \/ Yoast SEO plugin. -->","yoast_head_json":{"title":"[:es]Cheque regalo[:ca]Xec-Regal[:] - M\u00f3n Barcino","robots":{"index":"index","follow":"follow","max-snippet":"max-snippet:-1","max-image-preview":"max-image-preview:large","max-video-preview":"max-video-preview:-1"},"canonical":"https:\/\/monbarcino.com\/producto\/cheque-regalo\/","og_locale":"ca_ES","og_type":"article","og_title":"[:es]Cheque regalo[:ca]Xec-Regal[:] - M\u00f3n Barcino","og_description":"[:es]      Si quieres acertar en el regalo de cumplea\u00f1os,aniversarios, Navidad,amigo invisible y cualquier otra celebraci\u00f3n regala cultura,se original con los cheques-regalo de M\u00f3n Barcino.  Adquiere un cheque -regalo por 11 \u20ac para cualquiera de las rutas de M\u00f3n Barcino actuales y para cualquiera de las nuevas rutas que se abran en el futuro, y con una validez de un a\u00f1o.      [:ca]Si vols encertar en el regal d\u2019aniversaris, Nadal,amic invisible i qualsevol altra celebraci\u00f3 regala cultura,sigues original amb els xecs-regal de M\u00f3n Barcino.  Adquireix un xec -regal per 11 \u20ac per a qualsevol de les rutes de M\u00f3n Barcino actuals i per a qualsevol de les noves rutes que s\u2019obrin en el futur, i amb una validesa d\u2019un any.[:]","og_url":"https:\/\/monbarcino.com\/producto\/cheque-regalo\/","og_site_name":"M\u00f3n Barcino","article_publisher":"https:\/\/www.facebook.com\/Monbarcino\/","article_modified_time":"2026-04-24T00:16:27+00:00","og_image":[{"width":1747,"height":1240,"url":"https:\/\/monbarcino.com\/wp-content\/uploads\/2017\/03\/Xec-Regal-Mon-Barcino_exemple.jpg","type":"image\/jpeg"}],"author":"Juanjo Martinez","twitter_card":"summary_large_image","twitter_site":"@monbarcino","twitter_misc":{"Temps estimat de lectura":"1 minut"},"schema":{"@context":"https:\/\/schema.org","@graph":[{"@type":"Organization","@id":"http:\/\/monbarcino.com\/#organization","name":"MonBarcino","url":"http:\/\/monbarcino.com\/","sameAs":["https:\/\/www.instagram.com\/monbarcino\/","https:\/\/www.facebook.com\/Monbarcino\/","https:\/\/twitter.com\/monbarcino"],"logo":{"@type":"ImageObject","inLanguage":"ca","@id":"http:\/\/monbarcino.com\/#\/schema\/logo\/image\/","url":"https:\/\/monbarcino.com\/wp-content\/uploads\/2019\/04\/logo.jpg","contentUrl":"https:\/\/monbarcino.com\/wp-content\/uploads\/2019\/04\/logo.jpg","width":750,"height":703,"caption":"MonBarcino"},"image":{"@id":"http:\/\/monbarcino.com\/#\/schema\/logo\/image\/"}},{"@type":"WebSite","@id":"http:\/\/monbarcino.com\/#website","url":"http:\/\/monbarcino.com\/","name":"M\u00f3n Barcino","description":"Rutes i visites guiades per Barcelona","publisher":{"@id":"http:\/\/monbarcino.com\/#organization"},"potentialAction":[{"@type":"SearchAction","target":{"@type":"EntryPoint","urlTemplate":"http:\/\/monbarcino.com\/?s={search_term_string}"},"query-input":"required name=search_term_string"}],"inLanguage":"ca"},{"@type":"ImageObject","inLanguage":"ca","@id":"https:\/\/monbarcino.com\/producto\/cheque-regalo\/#primaryimage","url":"https:\/\/monbarcino.com\/wp-content\/uploads\/2017\/03\/Xec-Regal-Mon-Barcino_exemple.jpg","contentUrl":"https:\/\/monbarcino.com\/wp-content\/uploads\/2017\/03\/Xec-Regal-Mon-Barcino_exemple.jpg","width":1747,"height":1240},{"@type":"WebPage","@id":"https:\/\/monbarcino.com\/producto\/cheque-regalo\/#webpage","url":"https:\/\/monbarcino.com\/producto\/cheque-regalo\/","name":"[:es]Cheque regalo[:ca]Xec-Regal[:] - M\u00f3n Barcino","isPartOf":{"@id":"http:\/\/monbarcino.com\/#website"},"primaryImageOfPage":{"@id":"https:\/\/monbarcino.com\/producto\/cheque-regalo\/#primaryimage"},"datePublished":"2017-03-22T23:08:29+00:00","dateModified":"2026-04-24T00:16:27+00:00","breadcrumb":{"@id":"https:\/\/monbarcino.com\/producto\/cheque-regalo\/#breadcrumb"},"inLanguage":"ca","potentialAction":[{"@type":"ReadAction","target":["https:\/\/monbarcino.com\/producto\/cheque-regalo\/"]}]},{"@type":"BreadcrumbList","@id":"https:\/\/monbarcino.com\/producto\/cheque-regalo\/#breadcrumb","itemListElement":[{"@type":"ListItem","position":1,"name":"Portada","item":"http:\/\/monbarcino.com\/"},{"@type":"ListItem","position":2,"name":"Rutas","item":"http:\/\/monbarcino.com\/rutas\/"},{"@type":"ListItem","position":3,"name":"Cheque regalo"}]}]}},"_links":{"self":[{"href":"https:\/\/monbarcino.com\/ca\/wp-json\/wp\/v2\/product\/1810"}],"collection":[{"href":"https:\/\/monbarcino.com\/ca\/wp-json\/wp\/v2\/product"}],"about":[{"href":"https:\/\/monbarcino.com\/ca\/wp-json\/wp\/v2\/types\/product"}],"replies":[{"embeddable":true,"href":"https:\/\/monbarcino.com\/ca\/wp-json\/wp\/v2\/comments?post=1810"}],"wp:featuredmedia":[{"embeddable":true,"href":"https:\/\/monbarcino.com\/ca\/wp-json\/wp\/v2\/media\/2462"}],"wp:attachment":[{"href":"https:\/\/monbarcino.com\/ca\/wp-json\/wp\/v2\/media?parent=1810"}],"wp:term":[{"taxonomy":"product_cat","embeddable":true,"href":"https:\/\/monbarcino.com\/ca\/wp-json\/wp\/v2\/product_cat?post=1810"},{"taxonomy":"product_tag","embeddable":true,"href":"https:\/\/monbarcino.com\/ca\/wp-json\/wp\/v2\/product_tag?post=1810"}],"curies":[{"name":"wp","href":"https:\/\/api.w.org\/{rel}","templated":true}]}}