{"id":1835,"date":"2017-03-23T18:06:55","date_gmt":"2017-03-23T18:06:55","guid":{"rendered":"http:\/\/monbarcino.com\/?post_type=product&#038;p=1835"},"modified":"2026-05-12T20:31:43","modified_gmt":"2026-05-12T20:31:43","slug":"ruta-la-barcelona-romana-y-gotica","status":"publish","type":"product","link":"https:\/\/monbarcino.com\/ca\/producto\/ruta-la-barcelona-romana-y-gotica\/","title":{"rendered":"Ruta la Barcelona Romana i G\u00f2tica"},"content":{"rendered":"<p>Descobreix la hist\u00f2ria de la fundaci\u00f3 de la col\u00f2nia de Barcino. Les muralles de la ciutat romana creada fa 2025 anys, l&#8217;aq\u00fceducte que prove\u00efa aigua a la ciutat de Barcino, la necr\u00f2poli on s&#8217;enterraven els morts de classe mitjana, les domus on vivien les fam\u00edlies m\u00e9s adinerades.<\/p>\n<p>Passeja pel barri g\u00f2tic i observant els seus edificis m\u00e9s emblem\u00e0tics, descobreix com el barri no \u00e9s tan g\u00f2tic com sembla i coneix tots els secrets i an\u00e8cdotes que amaga.<\/p>","protected":false},"excerpt":{"rendered":"<p>&nbsp;<\/p>\n<p>Descobreix la hist\u00f2ria de la fundaci\u00f3 romana de la col\u00f2nia de Barcino (l&#8217;actual Barcelona). Les muralles de la ciutat romana creada fa 2025 anys, l&#8217;aq\u00fceducte que prove\u00efa aigua a la ciutat de Barcino, la necr\u00f2poli on s&#8217;enterraven els morts de classe mitjana, les <em>domus<\/em> on vivien les fam\u00edlies m\u00e9s riques.<br \/>\nPasseja pel barri g\u00f2tic i observant els seus edificis m\u00e9s emblem\u00e0tics descobreix com el barri no \u00e9s tan g\u00f2tic com sembla i coneix tots els secrets i an\u00e8cdotes que amaga.<\/p>\n","protected":false},"featured_media":1836,"comment_status":"open","ping_status":"closed","template":"","meta":[],"product_cat":[275],"product_tag":[],"yoast_head":"<!-- This site is optimized with the Yoast SEO plugin v19.2 - https:\/\/yoast.com\/wordpress\/plugins\/seo\/ -->\n<title>Ruta la Barcelona Romana i G\u00f2tica - M\u00f3n Barcino<\/title>\n<meta name=\"robots\" content=\"index, follow, max-snippet:-1, max-image-preview:large, max-video-preview:-1\" \/>\n<link rel=\"canonical\" href=\"https:\/\/monbarcino.com\/producto\/ruta-la-barcelona-romana-y-gotica\/\" \/>\n<meta property=\"og:locale\" content=\"ca_ES\" \/>\n<meta property=\"og:type\" content=\"article\" \/>\n<meta property=\"og:title\" content=\"[:es]Ruta la Barcelona Romana y G\u00f3tica[:ca]Ruta la Barcelona Romana i G\u00f2tica[:] - M\u00f3n Barcino\" \/>\n<meta property=\"og:description\" content=\"[:es]&nbsp;  Descubre la historia de la fundaci\u00f3n romana de la colonia de Barcino (la actual Barcelona). Las murallas de la ciudad romana creada hace 2025 a\u00f1os, el acueducto que abastec\u00eda de agua a la ciudad de Barcino, la necr\u00f3polis donde se enterraban los muertos de clase media, las domus donde viv\u00edan las familias pudientes. Pasea por el barrio g\u00f3tico y observando sus edificios m\u00e1s emblem\u00e1ticos descubre como el barrio no es tan g\u00f3tico como parece y conoce todos los secretos y an\u00e9cdotas que esconde.[:ca]&nbsp;  Descobreix la hist\u00f2ria de la fundaci\u00f3 romana de la col\u00f2nia de Barcino (l&#039;actual Barcelona). Les muralles de la ciutat romana creada fa 2025 anys, l&#039;aq\u00fceducte que prove\u00efa aigua a la ciutat de Barcino, la necr\u00f2poli on s&#039;enterraven els morts de classe mitjana, les domus on vivien les fam\u00edlies m\u00e9s riques. Passeja pel barri g\u00f2tic i observant els seus edificis m\u00e9s emblem\u00e0tics descobreix com el barri no \u00e9s tan g\u00f2tic com sembla i coneix tots els secrets i an\u00e8cdotes que amaga.[:]\" \/>\n<meta property=\"og:url\" content=\"https:\/\/monbarcino.com\/producto\/ruta-la-barcelona-romana-y-gotica\/\" \/>\n<meta property=\"og:site_name\" content=\"M\u00f3n Barcino\" \/>\n<meta property=\"article:publisher\" content=\"https:\/\/www.facebook.com\/Monbarcino\/\" \/>\n<meta property=\"article:modified_time\" content=\"2026-05-12T20:31:43+00:00\" \/>\n<meta property=\"og:image\" content=\"https:\/\/monbarcino.com\/wp-content\/uploads\/2017\/03\/plaza-rey.jpeg\" \/>\n\t<meta property=\"og:image:width\" content=\"900\" \/>\n\t<meta property=\"og:image:height\" content=\"600\" \/>\n\t<meta property=\"og:image:type\" content=\"image\/jpeg\" \/>\n<meta name=\"author\" content=\"Juanjo Martinez\" \/>\n<meta name=\"twitter:card\" content=\"summary_large_image\" \/>\n<meta name=\"twitter:site\" content=\"@monbarcino\" \/>\n<meta name=\"twitter:label1\" content=\"Temps estimat de lectura\" \/>\n\t<meta name=\"twitter:data1\" content=\"1 minut\" \/>\n<script type=\"application\/ld+json\" class=\"yoast-schema-graph\">{\"@context\":\"https:\/\/schema.org\",\"@graph\":[{\"@type\":\"Organization\",\"@id\":\"https:\/\/monbarcino.com\/ca\/#organization\",\"name\":\"MonBarcino\",\"url\":\"https:\/\/monbarcino.com\/ca\/\",\"sameAs\":[\"https:\/\/www.instagram.com\/monbarcino\/\",\"https:\/\/www.facebook.com\/Monbarcino\/\",\"https:\/\/twitter.com\/monbarcino\"],\"logo\":{\"@type\":\"ImageObject\",\"inLanguage\":\"ca\",\"@id\":\"https:\/\/monbarcino.com\/ca\/#\/schema\/logo\/image\/\",\"url\":\"https:\/\/monbarcino.com\/wp-content\/uploads\/2019\/04\/logo.jpg\",\"contentUrl\":\"https:\/\/monbarcino.com\/wp-content\/uploads\/2019\/04\/logo.jpg\",\"width\":750,\"height\":703,\"caption\":\"MonBarcino\"},\"image\":{\"@id\":\"https:\/\/monbarcino.com\/ca\/#\/schema\/logo\/image\/\"}},{\"@type\":\"WebSite\",\"@id\":\"https:\/\/monbarcino.com\/ca\/#website\",\"url\":\"https:\/\/monbarcino.com\/ca\/\",\"name\":\"M\u00f3n Barcino\",\"description\":\"Rutes i visites guiades per Barcelona\",\"publisher\":{\"@id\":\"https:\/\/monbarcino.com\/ca\/#organization\"},\"potentialAction\":[{\"@type\":\"SearchAction\",\"target\":{\"@type\":\"EntryPoint\",\"urlTemplate\":\"https:\/\/monbarcino.com\/ca\/?s={search_term_string}\"},\"query-input\":\"required name=search_term_string\"}],\"inLanguage\":\"ca\"},{\"@type\":\"ImageObject\",\"inLanguage\":\"ca\",\"@id\":\"https:\/\/monbarcino.com\/producto\/ruta-la-barcelona-romana-y-gotica\/#primaryimage\",\"url\":\"https:\/\/monbarcino.com\/wp-content\/uploads\/2017\/03\/plaza-rey.jpeg\",\"contentUrl\":\"https:\/\/monbarcino.com\/wp-content\/uploads\/2017\/03\/plaza-rey.jpeg\",\"width\":900,\"height\":600},{\"@type\":\"WebPage\",\"@id\":\"https:\/\/monbarcino.com\/producto\/ruta-la-barcelona-romana-y-gotica\/#webpage\",\"url\":\"https:\/\/monbarcino.com\/producto\/ruta-la-barcelona-romana-y-gotica\/\",\"name\":\"[:es]Ruta la Barcelona Romana y G\u00f3tica[:ca]Ruta la Barcelona Romana i G\u00f2tica[:] - M\u00f3n Barcino\",\"isPartOf\":{\"@id\":\"https:\/\/monbarcino.com\/ca\/#website\"},\"primaryImageOfPage\":{\"@id\":\"https:\/\/monbarcino.com\/producto\/ruta-la-barcelona-romana-y-gotica\/#primaryimage\"},\"datePublished\":\"2017-03-23T18:06:55+00:00\",\"dateModified\":\"2026-05-12T20:31:43+00:00\",\"breadcrumb\":{\"@id\":\"https:\/\/monbarcino.com\/producto\/ruta-la-barcelona-romana-y-gotica\/#breadcrumb\"},\"inLanguage\":\"ca\",\"potentialAction\":[{\"@type\":\"ReadAction\",\"target\":[\"https:\/\/monbarcino.com\/producto\/ruta-la-barcelona-romana-y-gotica\/\"]}]},{\"@type\":\"BreadcrumbList\",\"@id\":\"https:\/\/monbarcino.com\/producto\/ruta-la-barcelona-romana-y-gotica\/#breadcrumb\",\"itemListElement\":[{\"@type\":\"ListItem\",\"position\":1,\"name\":\"Portada\",\"item\":\"https:\/\/monbarcino.com\/ca\/\"},{\"@type\":\"ListItem\",\"position\":2,\"name\":\"Rutas\",\"item\":\"https:\/\/monbarcino.com\/rutas\/\"},{\"@type\":\"ListItem\",\"position\":3,\"name\":\"Ruta la Barcelona Romana y G\u00f3tica\"}]}]}<\/script>\n<!-- \/ Yoast SEO plugin. -->","yoast_head_json":{"title":"[:es]Ruta la Barcelona Romana y G\u00f3tica[:ca]Ruta la Barcelona Romana i G\u00f2tica[:] - M\u00f3n Barcino","robots":{"index":"index","follow":"follow","max-snippet":"max-snippet:-1","max-image-preview":"max-image-preview:large","max-video-preview":"max-video-preview:-1"},"canonical":"https:\/\/monbarcino.com\/producto\/ruta-la-barcelona-romana-y-gotica\/","og_locale":"ca_ES","og_type":"article","og_title":"[:es]Ruta la Barcelona Romana y G\u00f3tica[:ca]Ruta la Barcelona Romana i G\u00f2tica[:] - M\u00f3n Barcino","og_description":"[:es]&nbsp;  Descubre la historia de la fundaci\u00f3n romana de la colonia de Barcino (la actual Barcelona). Las murallas de la ciudad romana creada hace 2025 a\u00f1os, el acueducto que abastec\u00eda de agua a la ciudad de Barcino, la necr\u00f3polis donde se enterraban los muertos de clase media, las domus donde viv\u00edan las familias pudientes. Pasea por el barrio g\u00f3tico y observando sus edificios m\u00e1s emblem\u00e1ticos descubre como el barrio no es tan g\u00f3tico como parece y conoce todos los secretos y an\u00e9cdotas que esconde.[:ca]&nbsp;  Descobreix la hist\u00f2ria de la fundaci\u00f3 romana de la col\u00f2nia de Barcino (l'actual Barcelona). Les muralles de la ciutat romana creada fa 2025 anys, l'aq\u00fceducte que prove\u00efa aigua a la ciutat de Barcino, la necr\u00f2poli on s'enterraven els morts de classe mitjana, les domus on vivien les fam\u00edlies m\u00e9s riques. Passeja pel barri g\u00f2tic i observant els seus edificis m\u00e9s emblem\u00e0tics descobreix com el barri no \u00e9s tan g\u00f2tic com sembla i coneix tots els secrets i an\u00e8cdotes que amaga.[:]","og_url":"https:\/\/monbarcino.com\/producto\/ruta-la-barcelona-romana-y-gotica\/","og_site_name":"M\u00f3n Barcino","article_publisher":"https:\/\/www.facebook.com\/Monbarcino\/","article_modified_time":"2026-05-12T20:31:43+00:00","og_image":[{"width":900,"height":600,"url":"https:\/\/monbarcino.com\/wp-content\/uploads\/2017\/03\/plaza-rey.jpeg","type":"image\/jpeg"}],"author":"Juanjo Martinez","twitter_card":"summary_large_image","twitter_site":"@monbarcino","twitter_misc":{"Temps estimat de lectura":"1 minut"},"schema":{"@context":"https:\/\/schema.org","@graph":[{"@type":"Organization","@id":"https:\/\/monbarcino.com\/ca\/#organization","name":"MonBarcino","url":"https:\/\/monbarcino.com\/ca\/","sameAs":["https:\/\/www.instagram.com\/monbarcino\/","https:\/\/www.facebook.com\/Monbarcino\/","https:\/\/twitter.com\/monbarcino"],"logo":{"@type":"ImageObject","inLanguage":"ca","@id":"https:\/\/monbarcino.com\/ca\/#\/schema\/logo\/image\/","url":"https:\/\/monbarcino.com\/wp-content\/uploads\/2019\/04\/logo.jpg","contentUrl":"https:\/\/monbarcino.com\/wp-content\/uploads\/2019\/04\/logo.jpg","width":750,"height":703,"caption":"MonBarcino"},"image":{"@id":"https:\/\/monbarcino.com\/ca\/#\/schema\/logo\/image\/"}},{"@type":"WebSite","@id":"https:\/\/monbarcino.com\/ca\/#website","url":"https:\/\/monbarcino.com\/ca\/","name":"M\u00f3n Barcino","description":"Rutes i visites guiades per Barcelona","publisher":{"@id":"https:\/\/monbarcino.com\/ca\/#organization"},"potentialAction":[{"@type":"SearchAction","target":{"@type":"EntryPoint","urlTemplate":"https:\/\/monbarcino.com\/ca\/?s={search_term_string}"},"query-input":"required name=search_term_string"}],"inLanguage":"ca"},{"@type":"ImageObject","inLanguage":"ca","@id":"https:\/\/monbarcino.com\/producto\/ruta-la-barcelona-romana-y-gotica\/#primaryimage","url":"https:\/\/monbarcino.com\/wp-content\/uploads\/2017\/03\/plaza-rey.jpeg","contentUrl":"https:\/\/monbarcino.com\/wp-content\/uploads\/2017\/03\/plaza-rey.jpeg","width":900,"height":600},{"@type":"WebPage","@id":"https:\/\/monbarcino.com\/producto\/ruta-la-barcelona-romana-y-gotica\/#webpage","url":"https:\/\/monbarcino.com\/producto\/ruta-la-barcelona-romana-y-gotica\/","name":"[:es]Ruta la Barcelona Romana y G\u00f3tica[:ca]Ruta la Barcelona Romana i G\u00f2tica[:] - M\u00f3n Barcino","isPartOf":{"@id":"https:\/\/monbarcino.com\/ca\/#website"},"primaryImageOfPage":{"@id":"https:\/\/monbarcino.com\/producto\/ruta-la-barcelona-romana-y-gotica\/#primaryimage"},"datePublished":"2017-03-23T18:06:55+00:00","dateModified":"2026-05-12T20:31:43+00:00","breadcrumb":{"@id":"https:\/\/monbarcino.com\/producto\/ruta-la-barcelona-romana-y-gotica\/#breadcrumb"},"inLanguage":"ca","potentialAction":[{"@type":"ReadAction","target":["https:\/\/monbarcino.com\/producto\/ruta-la-barcelona-romana-y-gotica\/"]}]},{"@type":"BreadcrumbList","@id":"https:\/\/monbarcino.com\/producto\/ruta-la-barcelona-romana-y-gotica\/#breadcrumb","itemListElement":[{"@type":"ListItem","position":1,"name":"Portada","item":"https:\/\/monbarcino.com\/ca\/"},{"@type":"ListItem","position":2,"name":"Rutas","item":"https:\/\/monbarcino.com\/rutas\/"},{"@type":"ListItem","position":3,"name":"Ruta la Barcelona Romana y G\u00f3tica"}]}]}},"_links":{"self":[{"href":"https:\/\/monbarcino.com\/ca\/wp-json\/wp\/v2\/product\/1835"}],"collection":[{"href":"https:\/\/monbarcino.com\/ca\/wp-json\/wp\/v2\/product"}],"about":[{"href":"https:\/\/monbarcino.com\/ca\/wp-json\/wp\/v2\/types\/product"}],"replies":[{"embeddable":true,"href":"https:\/\/monbarcino.com\/ca\/wp-json\/wp\/v2\/comments?post=1835"}],"wp:featuredmedia":[{"embeddable":true,"href":"https:\/\/monbarcino.com\/ca\/wp-json\/wp\/v2\/media\/1836"}],"wp:attachment":[{"href":"https:\/\/monbarcino.com\/ca\/wp-json\/wp\/v2\/media?parent=1835"}],"wp:term":[{"taxonomy":"product_cat","embeddable":true,"href":"https:\/\/monbarcino.com\/ca\/wp-json\/wp\/v2\/product_cat?post=1835"},{"taxonomy":"product_tag","embeddable":true,"href":"https:\/\/monbarcino.com\/ca\/wp-json\/wp\/v2\/product_tag?post=1835"}],"curies":[{"name":"wp","href":"https:\/\/api.w.org\/{rel}","templated":true}]}}