{"id":1913,"date":"2018-07-30T15:30:49","date_gmt":"2018-07-30T15:30:49","guid":{"rendered":"http:\/\/monbarcino.com\/?post_type=product&#038;p=1913"},"modified":"2026-03-25T00:47:35","modified_gmt":"2026-03-25T00:47:35","slug":"ruta-el-ensanche-modernista-y-burgues","status":"publish","type":"product","link":"https:\/\/monbarcino.com\/ca\/producto\/ruta-el-ensanche-modernista-y-burgues\/","title":{"rendered":"Ruta L&#8217;Eixample Modernista i Burguesa"},"content":{"rendered":"<p>A principis del Segle XX la quadricula que Ildefons Cerd\u00e0 va idear per l&#8217;Eixample barcelon\u00e9s va se poblada per\u00a0 unes edificacions d&#8217;una gran bellesa.Era el modernisme i arquitectes com Puig i Cadafalch,Dom\u00e8nech i Montaner o Antoni Gaud\u00ed van entendre l&#8217;arquitectura no nom\u00e9s com un ofici sino com una forma d&#8217;art que com a tal tenia que innovar i sumar-si a les corrents de l&#8217;\u00e8poca.<\/p>\n<p>La burgesia com a classe econ\u00f2mica i socialment poderosa,\u00a0 disposava del capital per aixecar nous edificis en la nova aventura que suposava el nou barri de l&#8217;Eixample.Van comen\u00e7ar escollint arquitectes rellevants per a la construcci\u00f3 del seus habitatges i aix\u00ed a poc a poc va comen\u00e7ar a establir-se una compet\u00e8ncia social per dilucidar quina casa acabada d&#8217;aixecar era la millor.<\/p>","protected":false},"excerpt":{"rendered":"<p>A principis del Segle XX la quadricula que Ildefons Cerd\u00e0 va idear per l&#8217;Eixample barcelon\u00e8s va se poblada per\u00a0 unes edificacions d&#8217;una gran bellesa.Era el modernisme i arquitectes com Puig i Cadafalch, Dom\u00e8nech i Montaner o Antoni Gaud\u00ed van entendre l&#8217;arquitectura no nom\u00e9s com un ofici si no com una forma d&#8217;art que com a tal tenia que innovar i sumar-si a les corrents de l&#8217;\u00e8poca.<\/p>\n<p>La burgesia com a classe econ\u00f2mica i socialment poderosa,\u00a0 disposava del capital per aixecar nous edificis en la nova aventura que suposava el nou barri de l&#8217;Eixample. Van comen\u00e7ar escollint arquitectes rellevants per a la construcci\u00f3 del seus habitatges i aix\u00ed a poc a poc va comen\u00e7ar a establir-se una compet\u00e8ncia social per dilucidar quina casa acabada d&#8217;aixecar era la millor.<\/p>\n","protected":false},"featured_media":193,"comment_status":"open","ping_status":"closed","template":"","meta":[],"product_cat":[275],"product_tag":[],"yoast_head":"<!-- This site is optimized with the Yoast SEO plugin v19.2 - https:\/\/yoast.com\/wordpress\/plugins\/seo\/ -->\n<title>Ruta L&#039;Eixample Modernista i Burguesa - M\u00f3n Barcino<\/title>\n<meta name=\"robots\" content=\"index, follow, max-snippet:-1, max-image-preview:large, max-video-preview:-1\" \/>\n<link rel=\"canonical\" href=\"https:\/\/monbarcino.com\/producto\/ruta-el-ensanche-modernista-y-burgues\/\" \/>\n<meta property=\"og:locale\" content=\"ca_ES\" \/>\n<meta property=\"og:type\" content=\"article\" \/>\n<meta property=\"og:title\" content=\"[:es]Ruta El Ensanche Modernista y Burgu\u00e9s[:ca]Ruta L&#039;Eixample Modernista i Burguesa[:] - M\u00f3n Barcino\" \/>\n<meta property=\"og:description\" content=\"[:es]principios del Siglo XX la cuadricula que Ildefonso Cerda ide\u00f3 por el Ensanche barcelon\u00e9s fue poblada por\u00a0 unas edificaciones de una gran belleza. Era el modernismo y arquitectos como Puig y Cadafalch, Domenech y Montaner o Antoni Gaud\u00ed entendieron la arquitectura no s\u00f3lo como un oficio sino como una forma de arte que como tal ten\u00eda que innovar y sumarse a las corrientes de la \u00e9poca.  La burgues\u00eda como clase econ\u00f3mica y socialmente poderosa,\u00a0 dispon\u00eda del capital para levantar nuevos edificios en la nueva aventura que supon\u00eda el nuevo barrio del Ensanche.Empezaron escogiendo arquitectos relevantes para la construcci\u00f3n de sus viviendas y as\u00ed poco a poco empez\u00f3 a establecerse una competencia social para dilucidar que casa acabada de levantar era la mejor.[:ca]A principis del Segle XX la quadricula que Ildefons Cerd\u00e0 va idear per l&#039;Eixample barcelon\u00e8s va se poblada per\u00a0 unes edificacions d&#039;una gran bellesa.Era el modernisme i arquitectes com Puig i Cadafalch, Dom\u00e8nech i Montaner o Antoni Gaud\u00ed van entendre l&#039;arquitectura no nom\u00e9s com un ofici si no com una forma d&#039;art que com a tal tenia que innovar i sumar-si a les corrents de l&#039;\u00e8poca.  La burgesia com a classe econ\u00f2mica i socialment poderosa,\u00a0 disposava del capital per aixecar nous edificis en la nova aventura que suposava el nou barri de l&#039;Eixample. Van comen\u00e7ar escollint arquitectes rellevants per a la construcci\u00f3 del seus habitatges i aix\u00ed a poc a poc va comen\u00e7ar a establir-se una compet\u00e8ncia social per dilucidar quina casa acabada d&#039;aixecar era la millor.[:]\" \/>\n<meta property=\"og:url\" content=\"https:\/\/monbarcino.com\/producto\/ruta-el-ensanche-modernista-y-burgues\/\" \/>\n<meta property=\"og:site_name\" content=\"M\u00f3n Barcino\" \/>\n<meta property=\"article:publisher\" content=\"https:\/\/www.facebook.com\/Monbarcino\/\" \/>\n<meta property=\"article:modified_time\" content=\"2026-03-25T00:47:35+00:00\" \/>\n<meta property=\"og:image\" content=\"https:\/\/monbarcino.com\/wp-content\/uploads\/2012\/07\/06perefalquc3a9surpibancs-fanals.jpg\" \/>\n\t<meta property=\"og:image:width\" content=\"400\" \/>\n\t<meta property=\"og:image:height\" content=\"300\" \/>\n\t<meta property=\"og:image:type\" content=\"image\/jpeg\" \/>\n<meta name=\"author\" content=\"Juanjo Martinez\" \/>\n<meta name=\"twitter:card\" content=\"summary_large_image\" \/>\n<meta name=\"twitter:site\" content=\"@monbarcino\" \/>\n<meta name=\"twitter:label1\" content=\"Temps estimat de lectura\" \/>\n\t<meta name=\"twitter:data1\" content=\"1 minut\" \/>\n<script type=\"application\/ld+json\" class=\"yoast-schema-graph\">{\"@context\":\"https:\/\/schema.org\",\"@graph\":[{\"@type\":\"Organization\",\"@id\":\"https:\/\/monbarcino.com\/#organization\",\"name\":\"MonBarcino\",\"url\":\"https:\/\/monbarcino.com\/\",\"sameAs\":[\"https:\/\/www.instagram.com\/monbarcino\/\",\"https:\/\/www.facebook.com\/Monbarcino\/\",\"https:\/\/twitter.com\/monbarcino\"],\"logo\":{\"@type\":\"ImageObject\",\"inLanguage\":\"ca\",\"@id\":\"https:\/\/monbarcino.com\/#\/schema\/logo\/image\/\",\"url\":\"https:\/\/monbarcino.com\/wp-content\/uploads\/2019\/04\/logo.jpg\",\"contentUrl\":\"https:\/\/monbarcino.com\/wp-content\/uploads\/2019\/04\/logo.jpg\",\"width\":750,\"height\":703,\"caption\":\"MonBarcino\"},\"image\":{\"@id\":\"https:\/\/monbarcino.com\/#\/schema\/logo\/image\/\"}},{\"@type\":\"WebSite\",\"@id\":\"https:\/\/monbarcino.com\/#website\",\"url\":\"https:\/\/monbarcino.com\/\",\"name\":\"M\u00f3n Barcino\",\"description\":\"Rutes i visites guiades per Barcelona\",\"publisher\":{\"@id\":\"https:\/\/monbarcino.com\/#organization\"},\"potentialAction\":[{\"@type\":\"SearchAction\",\"target\":{\"@type\":\"EntryPoint\",\"urlTemplate\":\"https:\/\/monbarcino.com\/?s={search_term_string}\"},\"query-input\":\"required name=search_term_string\"}],\"inLanguage\":\"ca\"},{\"@type\":\"ImageObject\",\"inLanguage\":\"ca\",\"@id\":\"https:\/\/monbarcino.com\/producto\/ruta-el-ensanche-modernista-y-burgues\/#primaryimage\",\"url\":\"https:\/\/monbarcino.com\/wp-content\/uploads\/2012\/07\/06perefalquc3a9surpibancs-fanals.jpg\",\"contentUrl\":\"https:\/\/monbarcino.com\/wp-content\/uploads\/2012\/07\/06perefalquc3a9surpibancs-fanals.jpg\",\"width\":400,\"height\":300},{\"@type\":\"WebPage\",\"@id\":\"https:\/\/monbarcino.com\/producto\/ruta-el-ensanche-modernista-y-burgues\/#webpage\",\"url\":\"https:\/\/monbarcino.com\/producto\/ruta-el-ensanche-modernista-y-burgues\/\",\"name\":\"[:es]Ruta El Ensanche Modernista y Burgu\u00e9s[:ca]Ruta L'Eixample Modernista i Burguesa[:] - M\u00f3n Barcino\",\"isPartOf\":{\"@id\":\"https:\/\/monbarcino.com\/#website\"},\"primaryImageOfPage\":{\"@id\":\"https:\/\/monbarcino.com\/producto\/ruta-el-ensanche-modernista-y-burgues\/#primaryimage\"},\"datePublished\":\"2018-07-30T15:30:49+00:00\",\"dateModified\":\"2026-03-25T00:47:35+00:00\",\"breadcrumb\":{\"@id\":\"https:\/\/monbarcino.com\/producto\/ruta-el-ensanche-modernista-y-burgues\/#breadcrumb\"},\"inLanguage\":\"ca\",\"potentialAction\":[{\"@type\":\"ReadAction\",\"target\":[\"https:\/\/monbarcino.com\/producto\/ruta-el-ensanche-modernista-y-burgues\/\"]}]},{\"@type\":\"BreadcrumbList\",\"@id\":\"https:\/\/monbarcino.com\/producto\/ruta-el-ensanche-modernista-y-burgues\/#breadcrumb\",\"itemListElement\":[{\"@type\":\"ListItem\",\"position\":1,\"name\":\"Portada\",\"item\":\"https:\/\/monbarcino.com\/\"},{\"@type\":\"ListItem\",\"position\":2,\"name\":\"Rutes\",\"item\":\"http:\/\/monbarcino.com\/ca\/rutas\/\"},{\"@type\":\"ListItem\",\"position\":3,\"name\":\"Ruta El Ensanche Modernista y Burgu\u00e9s\"}]}]}<\/script>\n<!-- \/ Yoast SEO plugin. -->","yoast_head_json":{"title":"[:es]Ruta El Ensanche Modernista y Burgu\u00e9s[:ca]Ruta L'Eixample Modernista i Burguesa[:] - M\u00f3n Barcino","robots":{"index":"index","follow":"follow","max-snippet":"max-snippet:-1","max-image-preview":"max-image-preview:large","max-video-preview":"max-video-preview:-1"},"canonical":"https:\/\/monbarcino.com\/producto\/ruta-el-ensanche-modernista-y-burgues\/","og_locale":"ca_ES","og_type":"article","og_title":"[:es]Ruta El Ensanche Modernista y Burgu\u00e9s[:ca]Ruta L'Eixample Modernista i Burguesa[:] - M\u00f3n Barcino","og_description":"[:es]principios del Siglo XX la cuadricula que Ildefonso Cerda ide\u00f3 por el Ensanche barcelon\u00e9s fue poblada por\u00a0 unas edificaciones de una gran belleza. Era el modernismo y arquitectos como Puig y Cadafalch, Domenech y Montaner o Antoni Gaud\u00ed entendieron la arquitectura no s\u00f3lo como un oficio sino como una forma de arte que como tal ten\u00eda que innovar y sumarse a las corrientes de la \u00e9poca.  La burgues\u00eda como clase econ\u00f3mica y socialmente poderosa,\u00a0 dispon\u00eda del capital para levantar nuevos edificios en la nueva aventura que supon\u00eda el nuevo barrio del Ensanche.Empezaron escogiendo arquitectos relevantes para la construcci\u00f3n de sus viviendas y as\u00ed poco a poco empez\u00f3 a establecerse una competencia social para dilucidar que casa acabada de levantar era la mejor.[:ca]A principis del Segle XX la quadricula que Ildefons Cerd\u00e0 va idear per l'Eixample barcelon\u00e8s va se poblada per\u00a0 unes edificacions d'una gran bellesa.Era el modernisme i arquitectes com Puig i Cadafalch, Dom\u00e8nech i Montaner o Antoni Gaud\u00ed van entendre l'arquitectura no nom\u00e9s com un ofici si no com una forma d'art que com a tal tenia que innovar i sumar-si a les corrents de l'\u00e8poca.  La burgesia com a classe econ\u00f2mica i socialment poderosa,\u00a0 disposava del capital per aixecar nous edificis en la nova aventura que suposava el nou barri de l'Eixample. Van comen\u00e7ar escollint arquitectes rellevants per a la construcci\u00f3 del seus habitatges i aix\u00ed a poc a poc va comen\u00e7ar a establir-se una compet\u00e8ncia social per dilucidar quina casa acabada d'aixecar era la millor.[:]","og_url":"https:\/\/monbarcino.com\/producto\/ruta-el-ensanche-modernista-y-burgues\/","og_site_name":"M\u00f3n Barcino","article_publisher":"https:\/\/www.facebook.com\/Monbarcino\/","article_modified_time":"2026-03-25T00:47:35+00:00","og_image":[{"width":400,"height":300,"url":"https:\/\/monbarcino.com\/wp-content\/uploads\/2012\/07\/06perefalquc3a9surpibancs-fanals.jpg","type":"image\/jpeg"}],"author":"Juanjo Martinez","twitter_card":"summary_large_image","twitter_site":"@monbarcino","twitter_misc":{"Temps estimat de lectura":"1 minut"},"schema":{"@context":"https:\/\/schema.org","@graph":[{"@type":"Organization","@id":"https:\/\/monbarcino.com\/#organization","name":"MonBarcino","url":"https:\/\/monbarcino.com\/","sameAs":["https:\/\/www.instagram.com\/monbarcino\/","https:\/\/www.facebook.com\/Monbarcino\/","https:\/\/twitter.com\/monbarcino"],"logo":{"@type":"ImageObject","inLanguage":"ca","@id":"https:\/\/monbarcino.com\/#\/schema\/logo\/image\/","url":"https:\/\/monbarcino.com\/wp-content\/uploads\/2019\/04\/logo.jpg","contentUrl":"https:\/\/monbarcino.com\/wp-content\/uploads\/2019\/04\/logo.jpg","width":750,"height":703,"caption":"MonBarcino"},"image":{"@id":"https:\/\/monbarcino.com\/#\/schema\/logo\/image\/"}},{"@type":"WebSite","@id":"https:\/\/monbarcino.com\/#website","url":"https:\/\/monbarcino.com\/","name":"M\u00f3n Barcino","description":"Rutes i visites guiades per Barcelona","publisher":{"@id":"https:\/\/monbarcino.com\/#organization"},"potentialAction":[{"@type":"SearchAction","target":{"@type":"EntryPoint","urlTemplate":"https:\/\/monbarcino.com\/?s={search_term_string}"},"query-input":"required name=search_term_string"}],"inLanguage":"ca"},{"@type":"ImageObject","inLanguage":"ca","@id":"https:\/\/monbarcino.com\/producto\/ruta-el-ensanche-modernista-y-burgues\/#primaryimage","url":"https:\/\/monbarcino.com\/wp-content\/uploads\/2012\/07\/06perefalquc3a9surpibancs-fanals.jpg","contentUrl":"https:\/\/monbarcino.com\/wp-content\/uploads\/2012\/07\/06perefalquc3a9surpibancs-fanals.jpg","width":400,"height":300},{"@type":"WebPage","@id":"https:\/\/monbarcino.com\/producto\/ruta-el-ensanche-modernista-y-burgues\/#webpage","url":"https:\/\/monbarcino.com\/producto\/ruta-el-ensanche-modernista-y-burgues\/","name":"[:es]Ruta El Ensanche Modernista y Burgu\u00e9s[:ca]Ruta L'Eixample Modernista i Burguesa[:] - M\u00f3n Barcino","isPartOf":{"@id":"https:\/\/monbarcino.com\/#website"},"primaryImageOfPage":{"@id":"https:\/\/monbarcino.com\/producto\/ruta-el-ensanche-modernista-y-burgues\/#primaryimage"},"datePublished":"2018-07-30T15:30:49+00:00","dateModified":"2026-03-25T00:47:35+00:00","breadcrumb":{"@id":"https:\/\/monbarcino.com\/producto\/ruta-el-ensanche-modernista-y-burgues\/#breadcrumb"},"inLanguage":"ca","potentialAction":[{"@type":"ReadAction","target":["https:\/\/monbarcino.com\/producto\/ruta-el-ensanche-modernista-y-burgues\/"]}]},{"@type":"BreadcrumbList","@id":"https:\/\/monbarcino.com\/producto\/ruta-el-ensanche-modernista-y-burgues\/#breadcrumb","itemListElement":[{"@type":"ListItem","position":1,"name":"Portada","item":"https:\/\/monbarcino.com\/"},{"@type":"ListItem","position":2,"name":"Rutes","item":"http:\/\/monbarcino.com\/ca\/rutas\/"},{"@type":"ListItem","position":3,"name":"Ruta El Ensanche Modernista y Burgu\u00e9s"}]}]}},"_links":{"self":[{"href":"https:\/\/monbarcino.com\/ca\/wp-json\/wp\/v2\/product\/1913"}],"collection":[{"href":"https:\/\/monbarcino.com\/ca\/wp-json\/wp\/v2\/product"}],"about":[{"href":"https:\/\/monbarcino.com\/ca\/wp-json\/wp\/v2\/types\/product"}],"replies":[{"embeddable":true,"href":"https:\/\/monbarcino.com\/ca\/wp-json\/wp\/v2\/comments?post=1913"}],"wp:featuredmedia":[{"embeddable":true,"href":"https:\/\/monbarcino.com\/ca\/wp-json\/wp\/v2\/media\/193"}],"wp:attachment":[{"href":"https:\/\/monbarcino.com\/ca\/wp-json\/wp\/v2\/media?parent=1913"}],"wp:term":[{"taxonomy":"product_cat","embeddable":true,"href":"https:\/\/monbarcino.com\/ca\/wp-json\/wp\/v2\/product_cat?post=1913"},{"taxonomy":"product_tag","embeddable":true,"href":"https:\/\/monbarcino.com\/ca\/wp-json\/wp\/v2\/product_tag?post=1913"}],"curies":[{"name":"wp","href":"https:\/\/api.w.org\/{rel}","templated":true}]}}