{"id":2172,"date":"2019-06-03T09:27:27","date_gmt":"2019-06-03T09:27:27","guid":{"rendered":"http:\/\/monbarcino.com\/?post_type=product&#038;p=2172"},"modified":"2026-04-24T23:08:06","modified_gmt":"2026-04-24T23:08:06","slug":"ruta-poblenou-del-manchester-catalan-al-districto-tecnologico","status":"publish","type":"product","link":"https:\/\/monbarcino.com\/ca\/producto\/ruta-poblenou-del-manchester-catalan-al-districto-tecnologico\/","title":{"rendered":"Ruta Poblenou: Del Manchester catal\u00e0 al districte tecnologic 22@"},"content":{"rendered":"<p>El Poblenou \u00e9s sens dubte un dels barris de Barcelona que ha experimentat una\u00a0 profunda transformaci\u00f3 en els darrers anys. De ser un barri industrial dels afores de Barcelona, amb la major concentraci\u00f3 de f\u00e0briques de la ciutat, \u00e9s per aix\u00f2 que va ser conegut\u00a0 com el Manchester catal\u00e0, a ser un barri amb el major nombre d&#8217;empreses tecnol\u00f2giques de la ciutat.<\/p>\n<p>En aquesta ruta recorrerem part del seu passat industrial, descobrirem les restes dels antics edificis fabrils, molts d&#8217; ells van ser abandonats i posteriorment recuperats per a diferents usos, com lofts,centre c\u00edvics, poliesportius, universitats, museus\u00a0 i com a seus de diferents entitats.<\/p>\n<p>Un barri en constant canvi, on el passat i el futur s&#8217;entrellacen.<\/p>","protected":false},"excerpt":{"rendered":"<p>El Poblenou \u00e9s, sens dubte, un dels barris de Barcelona que ha experimentat una\u00a0 profunda transformaci\u00f3 en els darrers anys. De ser un barri industrial dels afores de Barcelona, amb la major concentraci\u00f3 de f\u00e0briques de la ciutat, \u00e9s per aix\u00f2 que va ser conegut\u00a0 com el Manchester catal\u00e0, a ser un barri amb el major nombre d&#8217;empreses tecnol\u00f2giques de la ciutat.<\/p>\n<p>En aquesta ruta recorrerem part del seu passat industrial, descobrirem les restes dels antics edificis fabrils, molts d&#8217; ells van ser abandonats i posteriorment recuperats per a diferents usos, com lofts,centre c\u00edvics, poliesportius, universitats, museus\u00a0 i com a seus de diferents entitats.<\/p>\n<p>Un barri en constant canvi, on el passat i el futur s&#8217;entrellacen.<\/p>\n","protected":false},"featured_media":2173,"comment_status":"open","ping_status":"closed","template":"","meta":[],"product_cat":[275],"product_tag":[307,304,302,306,301,305,303],"yoast_head":"<!-- This site is optimized with the Yoast SEO plugin v19.2 - https:\/\/yoast.com\/wordpress\/plugins\/seo\/ -->\n<title>Ruta Poblenou: Del Manchester catal\u00e0 al districte tecnologic 22@ - M\u00f3n Barcino<\/title>\n<meta name=\"robots\" content=\"index, follow, max-snippet:-1, max-image-preview:large, max-video-preview:-1\" \/>\n<link rel=\"canonical\" href=\"https:\/\/monbarcino.com\/producto\/ruta-poblenou-del-manchester-catalan-al-districto-tecnologico\/\" \/>\n<meta property=\"og:locale\" content=\"ca_ES\" \/>\n<meta property=\"og:type\" content=\"article\" \/>\n<meta property=\"og:title\" content=\"[:es]Ruta Poblenou: Del Manchester catal\u00e1n al districto tecnol\u00f3gico 22@[:ca]Ruta Poblenou: Del Manchester catal\u00e0 al districte tecnologic 22@[:] - M\u00f3n Barcino\" \/>\n<meta property=\"og:description\" content=\"[:es]El Poblenou es sin duda uno de los barrios de Barcelona que ha experimentado una profunda transformaci\u00f3n en los \u00faltimos a\u00f1os. De ser un barrio industrial de las afueras de Barcelona, con la mayor concentraci\u00f3n de f\u00e1bricas de la ciudad, de ah\u00ed que ser conociera como el Manchester catal\u00e1n, a ser un barrio con el mayor n\u00famero\u00a0 de empresas tecnol\u00f3gicas de la ciudad.  En esta ruta recorreremos parte de su pasado industrial, descubriremos\u00a0 los restos de los antiguos edificios fabriles, muchos de ellos fueron abandonados y posteriormente recuperados para diferentes usos, como lofts,centros c\u00edvicos, polideportivos, universidades, museos\u00a0 y como sedes de diferentes entidades.  Un barrio en constante cambio, donde el pasado y el futuro se entrelazan.[:ca]El Poblenou \u00e9s, sens dubte, un dels barris de Barcelona que ha experimentat una\u00a0 profunda transformaci\u00f3 en els darrers anys. De ser un barri industrial dels afores de Barcelona, amb la major concentraci\u00f3 de f\u00e0briques de la ciutat, \u00e9s per aix\u00f2 que va ser conegut\u00a0 com el Manchester catal\u00e0, a ser un barri amb el major nombre d&#039;empreses tecnol\u00f2giques de la ciutat.  En aquesta ruta recorrerem part del seu passat industrial, descobrirem les restes dels antics edificis fabrils, molts d&#039; ells van ser abandonats i posteriorment recuperats per a diferents usos, com lofts,centre c\u00edvics, poliesportius, universitats, museus\u00a0 i com a seus de diferents entitats.  Un barri en constant canvi, on el passat i el futur s&#039;entrellacen.[:]\" \/>\n<meta property=\"og:url\" content=\"https:\/\/monbarcino.com\/producto\/ruta-poblenou-del-manchester-catalan-al-districto-tecnologico\/\" \/>\n<meta property=\"og:site_name\" content=\"M\u00f3n Barcino\" \/>\n<meta property=\"article:publisher\" content=\"https:\/\/www.facebook.com\/Monbarcino\/\" \/>\n<meta property=\"article:modified_time\" content=\"2026-04-24T23:08:06+00:00\" \/>\n<meta property=\"og:image\" content=\"https:\/\/monbarcino.com\/wp-content\/uploads\/2019\/06\/poblenou.jpg\" \/>\n\t<meta property=\"og:image:width\" content=\"900\" \/>\n\t<meta property=\"og:image:height\" content=\"600\" \/>\n\t<meta property=\"og:image:type\" content=\"image\/jpeg\" \/>\n<meta name=\"author\" content=\"Juanjo Martinez\" \/>\n<meta name=\"twitter:card\" content=\"summary_large_image\" \/>\n<meta name=\"twitter:site\" content=\"@monbarcino\" \/>\n<meta name=\"twitter:label1\" content=\"Temps estimat de lectura\" \/>\n\t<meta name=\"twitter:data1\" content=\"1 minut\" \/>\n<script type=\"application\/ld+json\" class=\"yoast-schema-graph\">{\"@context\":\"https:\/\/schema.org\",\"@graph\":[{\"@type\":\"Organization\",\"@id\":\"https:\/\/monbarcino.com\/ca\/#organization\",\"name\":\"MonBarcino\",\"url\":\"https:\/\/monbarcino.com\/ca\/\",\"sameAs\":[\"https:\/\/www.instagram.com\/monbarcino\/\",\"https:\/\/www.facebook.com\/Monbarcino\/\",\"https:\/\/twitter.com\/monbarcino\"],\"logo\":{\"@type\":\"ImageObject\",\"inLanguage\":\"ca\",\"@id\":\"https:\/\/monbarcino.com\/ca\/#\/schema\/logo\/image\/\",\"url\":\"https:\/\/monbarcino.com\/wp-content\/uploads\/2019\/04\/logo.jpg\",\"contentUrl\":\"https:\/\/monbarcino.com\/wp-content\/uploads\/2019\/04\/logo.jpg\",\"width\":750,\"height\":703,\"caption\":\"MonBarcino\"},\"image\":{\"@id\":\"https:\/\/monbarcino.com\/ca\/#\/schema\/logo\/image\/\"}},{\"@type\":\"WebSite\",\"@id\":\"https:\/\/monbarcino.com\/ca\/#website\",\"url\":\"https:\/\/monbarcino.com\/ca\/\",\"name\":\"M\u00f3n Barcino\",\"description\":\"Rutes i visites guiades per Barcelona\",\"publisher\":{\"@id\":\"https:\/\/monbarcino.com\/ca\/#organization\"},\"potentialAction\":[{\"@type\":\"SearchAction\",\"target\":{\"@type\":\"EntryPoint\",\"urlTemplate\":\"https:\/\/monbarcino.com\/ca\/?s={search_term_string}\"},\"query-input\":\"required name=search_term_string\"}],\"inLanguage\":\"ca\"},{\"@type\":\"ImageObject\",\"inLanguage\":\"ca\",\"@id\":\"https:\/\/monbarcino.com\/producto\/ruta-poblenou-del-manchester-catalan-al-districto-tecnologico\/#primaryimage\",\"url\":\"https:\/\/monbarcino.com\/wp-content\/uploads\/2019\/06\/poblenou.jpg\",\"contentUrl\":\"https:\/\/monbarcino.com\/wp-content\/uploads\/2019\/06\/poblenou.jpg\",\"width\":900,\"height\":600},{\"@type\":\"WebPage\",\"@id\":\"https:\/\/monbarcino.com\/producto\/ruta-poblenou-del-manchester-catalan-al-districto-tecnologico\/#webpage\",\"url\":\"https:\/\/monbarcino.com\/producto\/ruta-poblenou-del-manchester-catalan-al-districto-tecnologico\/\",\"name\":\"[:es]Ruta Poblenou: Del Manchester catal\u00e1n al districto tecnol\u00f3gico 22@[:ca]Ruta Poblenou: Del Manchester catal\u00e0 al districte tecnologic 22@[:] - M\u00f3n Barcino\",\"isPartOf\":{\"@id\":\"https:\/\/monbarcino.com\/ca\/#website\"},\"primaryImageOfPage\":{\"@id\":\"https:\/\/monbarcino.com\/producto\/ruta-poblenou-del-manchester-catalan-al-districto-tecnologico\/#primaryimage\"},\"datePublished\":\"2019-06-03T09:27:27+00:00\",\"dateModified\":\"2026-04-24T23:08:06+00:00\",\"breadcrumb\":{\"@id\":\"https:\/\/monbarcino.com\/producto\/ruta-poblenou-del-manchester-catalan-al-districto-tecnologico\/#breadcrumb\"},\"inLanguage\":\"ca\",\"potentialAction\":[{\"@type\":\"ReadAction\",\"target\":[\"https:\/\/monbarcino.com\/producto\/ruta-poblenou-del-manchester-catalan-al-districto-tecnologico\/\"]}]},{\"@type\":\"BreadcrumbList\",\"@id\":\"https:\/\/monbarcino.com\/producto\/ruta-poblenou-del-manchester-catalan-al-districto-tecnologico\/#breadcrumb\",\"itemListElement\":[{\"@type\":\"ListItem\",\"position\":1,\"name\":\"Portada\",\"item\":\"https:\/\/monbarcino.com\/ca\/\"},{\"@type\":\"ListItem\",\"position\":2,\"name\":\"Rutes\",\"item\":\"http:\/\/monbarcino.com\/ca\/rutas\/\"},{\"@type\":\"ListItem\",\"position\":3,\"name\":\"Ruta Poblenou: Del Manchester catal\u00e1n al districto tecnol\u00f3gico 22@\"}]}]}<\/script>\n<!-- \/ Yoast SEO plugin. -->","yoast_head_json":{"title":"[:es]Ruta Poblenou: Del Manchester catal\u00e1n al districto tecnol\u00f3gico 22@[:ca]Ruta Poblenou: Del Manchester catal\u00e0 al districte tecnologic 22@[:] - M\u00f3n Barcino","robots":{"index":"index","follow":"follow","max-snippet":"max-snippet:-1","max-image-preview":"max-image-preview:large","max-video-preview":"max-video-preview:-1"},"canonical":"https:\/\/monbarcino.com\/producto\/ruta-poblenou-del-manchester-catalan-al-districto-tecnologico\/","og_locale":"ca_ES","og_type":"article","og_title":"[:es]Ruta Poblenou: Del Manchester catal\u00e1n al districto tecnol\u00f3gico 22@[:ca]Ruta Poblenou: Del Manchester catal\u00e0 al districte tecnologic 22@[:] - M\u00f3n Barcino","og_description":"[:es]El Poblenou es sin duda uno de los barrios de Barcelona que ha experimentado una profunda transformaci\u00f3n en los \u00faltimos a\u00f1os. De ser un barrio industrial de las afueras de Barcelona, con la mayor concentraci\u00f3n de f\u00e1bricas de la ciudad, de ah\u00ed que ser conociera como el Manchester catal\u00e1n, a ser un barrio con el mayor n\u00famero\u00a0 de empresas tecnol\u00f3gicas de la ciudad.  En esta ruta recorreremos parte de su pasado industrial, descubriremos\u00a0 los restos de los antiguos edificios fabriles, muchos de ellos fueron abandonados y posteriormente recuperados para diferentes usos, como lofts,centros c\u00edvicos, polideportivos, universidades, museos\u00a0 y como sedes de diferentes entidades.  Un barrio en constante cambio, donde el pasado y el futuro se entrelazan.[:ca]El Poblenou \u00e9s, sens dubte, un dels barris de Barcelona que ha experimentat una\u00a0 profunda transformaci\u00f3 en els darrers anys. De ser un barri industrial dels afores de Barcelona, amb la major concentraci\u00f3 de f\u00e0briques de la ciutat, \u00e9s per aix\u00f2 que va ser conegut\u00a0 com el Manchester catal\u00e0, a ser un barri amb el major nombre d'empreses tecnol\u00f2giques de la ciutat.  En aquesta ruta recorrerem part del seu passat industrial, descobrirem les restes dels antics edificis fabrils, molts d' ells van ser abandonats i posteriorment recuperats per a diferents usos, com lofts,centre c\u00edvics, poliesportius, universitats, museus\u00a0 i com a seus de diferents entitats.  Un barri en constant canvi, on el passat i el futur s'entrellacen.[:]","og_url":"https:\/\/monbarcino.com\/producto\/ruta-poblenou-del-manchester-catalan-al-districto-tecnologico\/","og_site_name":"M\u00f3n Barcino","article_publisher":"https:\/\/www.facebook.com\/Monbarcino\/","article_modified_time":"2026-04-24T23:08:06+00:00","og_image":[{"width":900,"height":600,"url":"https:\/\/monbarcino.com\/wp-content\/uploads\/2019\/06\/poblenou.jpg","type":"image\/jpeg"}],"author":"Juanjo Martinez","twitter_card":"summary_large_image","twitter_site":"@monbarcino","twitter_misc":{"Temps estimat de lectura":"1 minut"},"schema":{"@context":"https:\/\/schema.org","@graph":[{"@type":"Organization","@id":"https:\/\/monbarcino.com\/ca\/#organization","name":"MonBarcino","url":"https:\/\/monbarcino.com\/ca\/","sameAs":["https:\/\/www.instagram.com\/monbarcino\/","https:\/\/www.facebook.com\/Monbarcino\/","https:\/\/twitter.com\/monbarcino"],"logo":{"@type":"ImageObject","inLanguage":"ca","@id":"https:\/\/monbarcino.com\/ca\/#\/schema\/logo\/image\/","url":"https:\/\/monbarcino.com\/wp-content\/uploads\/2019\/04\/logo.jpg","contentUrl":"https:\/\/monbarcino.com\/wp-content\/uploads\/2019\/04\/logo.jpg","width":750,"height":703,"caption":"MonBarcino"},"image":{"@id":"https:\/\/monbarcino.com\/ca\/#\/schema\/logo\/image\/"}},{"@type":"WebSite","@id":"https:\/\/monbarcino.com\/ca\/#website","url":"https:\/\/monbarcino.com\/ca\/","name":"M\u00f3n Barcino","description":"Rutes i visites guiades per Barcelona","publisher":{"@id":"https:\/\/monbarcino.com\/ca\/#organization"},"potentialAction":[{"@type":"SearchAction","target":{"@type":"EntryPoint","urlTemplate":"https:\/\/monbarcino.com\/ca\/?s={search_term_string}"},"query-input":"required name=search_term_string"}],"inLanguage":"ca"},{"@type":"ImageObject","inLanguage":"ca","@id":"https:\/\/monbarcino.com\/producto\/ruta-poblenou-del-manchester-catalan-al-districto-tecnologico\/#primaryimage","url":"https:\/\/monbarcino.com\/wp-content\/uploads\/2019\/06\/poblenou.jpg","contentUrl":"https:\/\/monbarcino.com\/wp-content\/uploads\/2019\/06\/poblenou.jpg","width":900,"height":600},{"@type":"WebPage","@id":"https:\/\/monbarcino.com\/producto\/ruta-poblenou-del-manchester-catalan-al-districto-tecnologico\/#webpage","url":"https:\/\/monbarcino.com\/producto\/ruta-poblenou-del-manchester-catalan-al-districto-tecnologico\/","name":"[:es]Ruta Poblenou: Del Manchester catal\u00e1n al districto tecnol\u00f3gico 22@[:ca]Ruta Poblenou: Del Manchester catal\u00e0 al districte tecnologic 22@[:] - M\u00f3n Barcino","isPartOf":{"@id":"https:\/\/monbarcino.com\/ca\/#website"},"primaryImageOfPage":{"@id":"https:\/\/monbarcino.com\/producto\/ruta-poblenou-del-manchester-catalan-al-districto-tecnologico\/#primaryimage"},"datePublished":"2019-06-03T09:27:27+00:00","dateModified":"2026-04-24T23:08:06+00:00","breadcrumb":{"@id":"https:\/\/monbarcino.com\/producto\/ruta-poblenou-del-manchester-catalan-al-districto-tecnologico\/#breadcrumb"},"inLanguage":"ca","potentialAction":[{"@type":"ReadAction","target":["https:\/\/monbarcino.com\/producto\/ruta-poblenou-del-manchester-catalan-al-districto-tecnologico\/"]}]},{"@type":"BreadcrumbList","@id":"https:\/\/monbarcino.com\/producto\/ruta-poblenou-del-manchester-catalan-al-districto-tecnologico\/#breadcrumb","itemListElement":[{"@type":"ListItem","position":1,"name":"Portada","item":"https:\/\/monbarcino.com\/ca\/"},{"@type":"ListItem","position":2,"name":"Rutes","item":"http:\/\/monbarcino.com\/ca\/rutas\/"},{"@type":"ListItem","position":3,"name":"Ruta Poblenou: Del Manchester catal\u00e1n al districto tecnol\u00f3gico 22@"}]}]}},"_links":{"self":[{"href":"https:\/\/monbarcino.com\/ca\/wp-json\/wp\/v2\/product\/2172"}],"collection":[{"href":"https:\/\/monbarcino.com\/ca\/wp-json\/wp\/v2\/product"}],"about":[{"href":"https:\/\/monbarcino.com\/ca\/wp-json\/wp\/v2\/types\/product"}],"replies":[{"embeddable":true,"href":"https:\/\/monbarcino.com\/ca\/wp-json\/wp\/v2\/comments?post=2172"}],"wp:featuredmedia":[{"embeddable":true,"href":"https:\/\/monbarcino.com\/ca\/wp-json\/wp\/v2\/media\/2173"}],"wp:attachment":[{"href":"https:\/\/monbarcino.com\/ca\/wp-json\/wp\/v2\/media?parent=2172"}],"wp:term":[{"taxonomy":"product_cat","embeddable":true,"href":"https:\/\/monbarcino.com\/ca\/wp-json\/wp\/v2\/product_cat?post=2172"},{"taxonomy":"product_tag","embeddable":true,"href":"https:\/\/monbarcino.com\/ca\/wp-json\/wp\/v2\/product_tag?post=2172"}],"curies":[{"name":"wp","href":"https:\/\/api.w.org\/{rel}","templated":true}]}}