{"id":2270,"date":"2020-04-28T14:28:10","date_gmt":"2020-04-28T14:28:10","guid":{"rendered":"http:\/\/monbarcino.com\/?post_type=product&#038;p=2270"},"modified":"2025-05-30T23:01:19","modified_gmt":"2025-05-30T23:01:19","slug":"ruta-sant-gervasi-galvany","status":"publish","type":"product","link":"https:\/\/monbarcino.com\/ca\/producto\/ruta-sant-gervasi-galvany\/","title":{"rendered":"Ruta Sant Gervasi-Galvany"},"content":{"rendered":"<p>Sant Gervasi-Galvany,\u00a0 tot un barri per descobrir. D&#8217;una banda el municipi independent de Sant Gervasi de Cassoles que s&#8217;annexion\u00e0 a Barcelona al 1897 i d&#8217;altra banda la part sud del barri, Galvany, zona de camps agr\u00edcoles que el seu propietari Josep Castell\u00f3 i Galvany va urbanitzar a partir de l&#8217;any 1866.<\/p>\n<p>Des de la pla\u00e7a Molina trobarem la font m\u00e9s antiga del barri i passejant descobrirem grans residencies burgueses com la casa arxiu del poeta Joan Maragall o la residencia d&#8217;estiueg de l&#8217;arquitecte Enric Sagnier.<\/p>\n<p>Si ens agrada l&#8217;arquitectura neo-mudejar ens sorprendr\u00e0 trobar-nos l&#8217;edifici Alhambra al barri amb la font dels lleons inclosa.<\/p>\n<p>I tamb\u00e9 descobrirem mentre, passegem per la natura, que igual que la ciutat de Roma, Barcelona \u00e9s la ciutat dels 7 turos i justament aqui barri en trobarem dos.<\/p>\n<p>Tot aix\u00f2 i molt m\u00e9s a Sant Gervasi-Galvany<\/p>\n<p>&nbsp;<\/p>\n<p>&nbsp;<\/p>","protected":false},"excerpt":{"rendered":"<p>Sant Gervasi-Galvany,\u00a0 tot un barri per descobrir. D&#8217;una banda el municipi independent de Sant Gervasi de Cassoles que s&#8217;annexion\u00e0 a<\/p>\n","protected":false},"featured_media":2271,"comment_status":"open","ping_status":"closed","template":"","meta":[],"product_cat":[275],"product_tag":[320,322,319,318,317,321],"yoast_head":"<!-- This site is optimized with the Yoast SEO plugin v19.2 - https:\/\/yoast.com\/wordpress\/plugins\/seo\/ -->\n<title>Ruta Sant Gervasi-Galvany - M\u00f3n Barcino<\/title>\n<meta name=\"robots\" content=\"index, follow, max-snippet:-1, max-image-preview:large, max-video-preview:-1\" \/>\n<link rel=\"canonical\" href=\"https:\/\/monbarcino.com\/producto\/ruta-sant-gervasi-galvany\/\" \/>\n<meta property=\"og:locale\" content=\"ca_ES\" \/>\n<meta property=\"og:type\" content=\"article\" \/>\n<meta property=\"og:title\" content=\"Ruta Sant Gervasi-Galvany - M\u00f3n Barcino\" \/>\n<meta property=\"og:description\" content=\"Sant Gervasi-Galvany,\u00a0 tot un barri per descobrir. D&#8217;una banda el municipi independent de Sant Gervasi de Cassoles que s&#8217;annexion\u00e0 a\" \/>\n<meta property=\"og:url\" content=\"https:\/\/monbarcino.com\/producto\/ruta-sant-gervasi-galvany\/\" \/>\n<meta property=\"og:site_name\" content=\"M\u00f3n Barcino\" \/>\n<meta property=\"article:publisher\" content=\"https:\/\/www.facebook.com\/Monbarcino\/\" \/>\n<meta property=\"article:modified_time\" content=\"2025-05-30T23:01:19+00:00\" \/>\n<meta property=\"og:image\" content=\"https:\/\/monbarcino.com\/wp-content\/uploads\/2020\/04\/Escut_de_Sant_Gervasi_a_la_font_de_la_pla\u00e7a_de_Molina.jpg\" \/>\n\t<meta property=\"og:image:width\" content=\"783\" \/>\n\t<meta property=\"og:image:height\" content=\"904\" \/>\n\t<meta property=\"og:image:type\" content=\"image\/jpeg\" \/>\n<meta name=\"author\" content=\"Juanjo Martinez\" \/>\n<meta name=\"twitter:card\" content=\"summary_large_image\" \/>\n<meta name=\"twitter:site\" content=\"@monbarcino\" \/>\n<meta name=\"twitter:label1\" content=\"Temps estimat de lectura\" \/>\n\t<meta name=\"twitter:data1\" content=\"1 minut\" \/>\n<script type=\"application\/ld+json\" class=\"yoast-schema-graph\">{\"@context\":\"https:\/\/schema.org\",\"@graph\":[{\"@type\":\"Organization\",\"@id\":\"https:\/\/monbarcino.com\/ca\/#organization\",\"name\":\"MonBarcino\",\"url\":\"https:\/\/monbarcino.com\/ca\/\",\"sameAs\":[\"https:\/\/www.instagram.com\/monbarcino\/\",\"https:\/\/www.facebook.com\/Monbarcino\/\",\"https:\/\/twitter.com\/monbarcino\"],\"logo\":{\"@type\":\"ImageObject\",\"inLanguage\":\"ca\",\"@id\":\"https:\/\/monbarcino.com\/ca\/#\/schema\/logo\/image\/\",\"url\":\"https:\/\/monbarcino.com\/wp-content\/uploads\/2019\/04\/logo.jpg\",\"contentUrl\":\"https:\/\/monbarcino.com\/wp-content\/uploads\/2019\/04\/logo.jpg\",\"width\":750,\"height\":703,\"caption\":\"MonBarcino\"},\"image\":{\"@id\":\"https:\/\/monbarcino.com\/ca\/#\/schema\/logo\/image\/\"}},{\"@type\":\"WebSite\",\"@id\":\"https:\/\/monbarcino.com\/ca\/#website\",\"url\":\"https:\/\/monbarcino.com\/ca\/\",\"name\":\"M\u00f3n Barcino\",\"description\":\"Rutes i visites guiades per Barcelona\",\"publisher\":{\"@id\":\"https:\/\/monbarcino.com\/ca\/#organization\"},\"potentialAction\":[{\"@type\":\"SearchAction\",\"target\":{\"@type\":\"EntryPoint\",\"urlTemplate\":\"https:\/\/monbarcino.com\/ca\/?s={search_term_string}\"},\"query-input\":\"required name=search_term_string\"}],\"inLanguage\":\"ca\"},{\"@type\":\"ImageObject\",\"inLanguage\":\"ca\",\"@id\":\"https:\/\/monbarcino.com\/producto\/ruta-sant-gervasi-galvany\/#primaryimage\",\"url\":\"https:\/\/monbarcino.com\/wp-content\/uploads\/2020\/04\/Escut_de_Sant_Gervasi_a_la_font_de_la_pla\u00e7a_de_Molina.jpg\",\"contentUrl\":\"https:\/\/monbarcino.com\/wp-content\/uploads\/2020\/04\/Escut_de_Sant_Gervasi_a_la_font_de_la_pla\u00e7a_de_Molina.jpg\",\"width\":783,\"height\":904},{\"@type\":\"WebPage\",\"@id\":\"https:\/\/monbarcino.com\/producto\/ruta-sant-gervasi-galvany\/#webpage\",\"url\":\"https:\/\/monbarcino.com\/producto\/ruta-sant-gervasi-galvany\/\",\"name\":\"Ruta Sant Gervasi-Galvany - M\u00f3n Barcino\",\"isPartOf\":{\"@id\":\"https:\/\/monbarcino.com\/ca\/#website\"},\"primaryImageOfPage\":{\"@id\":\"https:\/\/monbarcino.com\/producto\/ruta-sant-gervasi-galvany\/#primaryimage\"},\"datePublished\":\"2020-04-28T14:28:10+00:00\",\"dateModified\":\"2025-05-30T23:01:19+00:00\",\"breadcrumb\":{\"@id\":\"https:\/\/monbarcino.com\/producto\/ruta-sant-gervasi-galvany\/#breadcrumb\"},\"inLanguage\":\"ca\",\"potentialAction\":[{\"@type\":\"ReadAction\",\"target\":[\"https:\/\/monbarcino.com\/producto\/ruta-sant-gervasi-galvany\/\"]}]},{\"@type\":\"BreadcrumbList\",\"@id\":\"https:\/\/monbarcino.com\/producto\/ruta-sant-gervasi-galvany\/#breadcrumb\",\"itemListElement\":[{\"@type\":\"ListItem\",\"position\":1,\"name\":\"Portada\",\"item\":\"https:\/\/monbarcino.com\/ca\/\"},{\"@type\":\"ListItem\",\"position\":2,\"name\":\"Rutas\",\"item\":\"http:\/\/monbarcino.com\/rutas\/\"},{\"@type\":\"ListItem\",\"position\":3,\"name\":\"Ruta Sant Gervasi-Galvany\"}]}]}<\/script>\n<!-- \/ Yoast SEO plugin. -->","yoast_head_json":{"title":"Ruta Sant Gervasi-Galvany - M\u00f3n Barcino","robots":{"index":"index","follow":"follow","max-snippet":"max-snippet:-1","max-image-preview":"max-image-preview:large","max-video-preview":"max-video-preview:-1"},"canonical":"https:\/\/monbarcino.com\/producto\/ruta-sant-gervasi-galvany\/","og_locale":"ca_ES","og_type":"article","og_title":"Ruta Sant Gervasi-Galvany - M\u00f3n Barcino","og_description":"Sant Gervasi-Galvany,\u00a0 tot un barri per descobrir. D&#8217;una banda el municipi independent de Sant Gervasi de Cassoles que s&#8217;annexion\u00e0 a","og_url":"https:\/\/monbarcino.com\/producto\/ruta-sant-gervasi-galvany\/","og_site_name":"M\u00f3n Barcino","article_publisher":"https:\/\/www.facebook.com\/Monbarcino\/","article_modified_time":"2025-05-30T23:01:19+00:00","og_image":[{"width":783,"height":904,"url":"https:\/\/monbarcino.com\/wp-content\/uploads\/2020\/04\/Escut_de_Sant_Gervasi_a_la_font_de_la_pla\u00e7a_de_Molina.jpg","type":"image\/jpeg"}],"author":"Juanjo Martinez","twitter_card":"summary_large_image","twitter_site":"@monbarcino","twitter_misc":{"Temps estimat de lectura":"1 minut"},"schema":{"@context":"https:\/\/schema.org","@graph":[{"@type":"Organization","@id":"https:\/\/monbarcino.com\/ca\/#organization","name":"MonBarcino","url":"https:\/\/monbarcino.com\/ca\/","sameAs":["https:\/\/www.instagram.com\/monbarcino\/","https:\/\/www.facebook.com\/Monbarcino\/","https:\/\/twitter.com\/monbarcino"],"logo":{"@type":"ImageObject","inLanguage":"ca","@id":"https:\/\/monbarcino.com\/ca\/#\/schema\/logo\/image\/","url":"https:\/\/monbarcino.com\/wp-content\/uploads\/2019\/04\/logo.jpg","contentUrl":"https:\/\/monbarcino.com\/wp-content\/uploads\/2019\/04\/logo.jpg","width":750,"height":703,"caption":"MonBarcino"},"image":{"@id":"https:\/\/monbarcino.com\/ca\/#\/schema\/logo\/image\/"}},{"@type":"WebSite","@id":"https:\/\/monbarcino.com\/ca\/#website","url":"https:\/\/monbarcino.com\/ca\/","name":"M\u00f3n Barcino","description":"Rutes i visites guiades per Barcelona","publisher":{"@id":"https:\/\/monbarcino.com\/ca\/#organization"},"potentialAction":[{"@type":"SearchAction","target":{"@type":"EntryPoint","urlTemplate":"https:\/\/monbarcino.com\/ca\/?s={search_term_string}"},"query-input":"required name=search_term_string"}],"inLanguage":"ca"},{"@type":"ImageObject","inLanguage":"ca","@id":"https:\/\/monbarcino.com\/producto\/ruta-sant-gervasi-galvany\/#primaryimage","url":"https:\/\/monbarcino.com\/wp-content\/uploads\/2020\/04\/Escut_de_Sant_Gervasi_a_la_font_de_la_pla\u00e7a_de_Molina.jpg","contentUrl":"https:\/\/monbarcino.com\/wp-content\/uploads\/2020\/04\/Escut_de_Sant_Gervasi_a_la_font_de_la_pla\u00e7a_de_Molina.jpg","width":783,"height":904},{"@type":"WebPage","@id":"https:\/\/monbarcino.com\/producto\/ruta-sant-gervasi-galvany\/#webpage","url":"https:\/\/monbarcino.com\/producto\/ruta-sant-gervasi-galvany\/","name":"Ruta Sant Gervasi-Galvany - M\u00f3n Barcino","isPartOf":{"@id":"https:\/\/monbarcino.com\/ca\/#website"},"primaryImageOfPage":{"@id":"https:\/\/monbarcino.com\/producto\/ruta-sant-gervasi-galvany\/#primaryimage"},"datePublished":"2020-04-28T14:28:10+00:00","dateModified":"2025-05-30T23:01:19+00:00","breadcrumb":{"@id":"https:\/\/monbarcino.com\/producto\/ruta-sant-gervasi-galvany\/#breadcrumb"},"inLanguage":"ca","potentialAction":[{"@type":"ReadAction","target":["https:\/\/monbarcino.com\/producto\/ruta-sant-gervasi-galvany\/"]}]},{"@type":"BreadcrumbList","@id":"https:\/\/monbarcino.com\/producto\/ruta-sant-gervasi-galvany\/#breadcrumb","itemListElement":[{"@type":"ListItem","position":1,"name":"Portada","item":"https:\/\/monbarcino.com\/ca\/"},{"@type":"ListItem","position":2,"name":"Rutas","item":"http:\/\/monbarcino.com\/rutas\/"},{"@type":"ListItem","position":3,"name":"Ruta Sant Gervasi-Galvany"}]}]}},"_links":{"self":[{"href":"https:\/\/monbarcino.com\/ca\/wp-json\/wp\/v2\/product\/2270"}],"collection":[{"href":"https:\/\/monbarcino.com\/ca\/wp-json\/wp\/v2\/product"}],"about":[{"href":"https:\/\/monbarcino.com\/ca\/wp-json\/wp\/v2\/types\/product"}],"replies":[{"embeddable":true,"href":"https:\/\/monbarcino.com\/ca\/wp-json\/wp\/v2\/comments?post=2270"}],"wp:featuredmedia":[{"embeddable":true,"href":"https:\/\/monbarcino.com\/ca\/wp-json\/wp\/v2\/media\/2271"}],"wp:attachment":[{"href":"https:\/\/monbarcino.com\/ca\/wp-json\/wp\/v2\/media?parent=2270"}],"wp:term":[{"taxonomy":"product_cat","embeddable":true,"href":"https:\/\/monbarcino.com\/ca\/wp-json\/wp\/v2\/product_cat?post=2270"},{"taxonomy":"product_tag","embeddable":true,"href":"https:\/\/monbarcino.com\/ca\/wp-json\/wp\/v2\/product_tag?post=2270"}],"curies":[{"name":"wp","href":"https:\/\/api.w.org\/{rel}","templated":true}]}}