{"id":2661,"date":"2023-03-09T15:18:41","date_gmt":"2023-03-09T15:18:41","guid":{"rendered":"https:\/\/monbarcino.com\/?post_type=product&#038;p=2661"},"modified":"2026-04-25T09:41:53","modified_gmt":"2026-04-25T09:41:53","slug":"ruta-por-el-clot","status":"publish","type":"product","link":"https:\/\/monbarcino.com\/ca\/producto\/ruta-por-el-clot\/","title":{"rendered":"Ruta pel Clot"},"content":{"rendered":"<p>El Clot constitueix un dels barris m\u00e9s antics de Sant Mart\u00ed de Provensals.Gr\u00e0cies al pas de la s\u00e8quia comtal fou un territori molt ric, la pres\u00e8ncia d\u2019aigua comport\u00e0 la construcci\u00f3 de molins fariners, aix\u00ed com el cultiu de verdures, hortalisses, flors, etc., aix\u00f2, alhora, feu possible la instal-laci\u00f3 de ruscs d\u2019abelles, dels quals se n\u2019obtenia mel de gran qualitat i per aix\u00f2 que encara avui coneixem un part del barri com, el Clot de la mel.<\/p>\n<p>Amb la revoluci\u00f3 industrial,i l&#8217;arribada de les primeres f\u00e0briques, el Clot es defineix com un barri social i culturalment obrer.<\/p>\n<p>Les associacions obreres es multipliquen fruit de les necessitats del moment, fruit d\u2019una poblaci\u00f3 que creixia molt i no trobava per part de la administraci\u00f3 respostes a les necessitats assistencials, educatives, culturals<\/p>\n<p>Un tomb pel Clot i Camp de l&#8217;Arpa per con\u00e8ixer el passat i el present,la seva hist\u00f2ria, el seu patrimoni, el seu teixit associatiu i les seves curiositats. Ens acompanyes?<\/p>","protected":false},"excerpt":{"rendered":"<p>El Clot constitueix un dels barris m\u00e9s antics de Sant Mart\u00ed de Provensals. Gr\u00e0cies al pas de la s\u00e8quia comtal fou un territori molt ric, la pres\u00e8ncia d\u2019aigua comport\u00e0 la construcci\u00f3 de molins fariners, aix\u00ed com el cultiu de verdures, hortalisses, flors, etc., aix\u00f2, alhora, feu possible la instal-laci\u00f3 de ruscs d\u2019abelles, dels quals se n\u2019obtenia mel de gran qualitat i per aix\u00f2 que encara avui coneixem un part del barri com, el Clot de la mel.<\/p>\n<p>Amb la revoluci\u00f3 industrial,i l&#8217;arribada de les primeres f\u00e0briques, el Clot es defineix com un barri social i culturalment obrer.<\/p>\n<p>Les associacions obreres es multipliquen fruit de les necessitats del moment, fruit d\u2019una poblaci\u00f3 que creixia molt i no trobava per part de la administraci\u00f3 respostes a les necessitats assistencials, educatives, culturals<\/p>\n<p>Un tomb pel Clot per con\u00e8ixer el passat i el present,la seva hist\u00f2ria, el seu patrimoni, el seu teixit associatiu i les seves curiositats. Ens acompanyes?<\/p>\n","protected":false},"featured_media":2662,"comment_status":"open","ping_status":"closed","template":"","meta":[],"product_cat":[275],"product_tag":[],"yoast_head":"<!-- This site is optimized with the Yoast SEO plugin v19.2 - https:\/\/yoast.com\/wordpress\/plugins\/seo\/ -->\n<title>Ruta pel Clot - M\u00f3n Barcino<\/title>\n<meta name=\"robots\" content=\"index, follow, max-snippet:-1, max-image-preview:large, max-video-preview:-1\" \/>\n<link rel=\"canonical\" href=\"https:\/\/monbarcino.com\/producto\/ruta-por-el-clot\/\" \/>\n<meta property=\"og:locale\" content=\"ca_ES\" \/>\n<meta property=\"og:type\" content=\"article\" \/>\n<meta property=\"og:title\" content=\"[:es]Ruta por el Clot[:ca]Ruta pel Clot[:] - M\u00f3n Barcino\" \/>\n<meta property=\"og:description\" content=\"[:es]El Clot constituye uno de los barrios m\u00e1s antiguos de Sant Mart\u00ed de Proven\u00e7als. Gracias al paso de la acequia condal fue un territorio muy rico, la presencia de agua comport\u00f3 la construcci\u00f3n de molinos harineros, as\u00ed como el cultivo de verduras, hortalizas, flores etc., esto, al mismo tiempo, hizo posible la instalaci\u00f3n de colmenas de abejas, de las cuales se obten\u00eda miel de gran calidad y por eso que todav\u00eda hoy conocemos un parte del barrio como, el Clot de la miel.  Con la revoluci\u00f3n industrial, y la llegada de las primeras f\u00e1bricas, el Clot se define como un barrio social y culturalmente obrero.  Las asociaciones obreras se multiplican fruto de las necesidades del momento, fruto de una poblaci\u00f3n que crec\u00eda mucho y no encontraba por parte de la administraci\u00f3n respuestas a las necesidades asistenciales, educativas, culturales  Un paseo por el Clot para conocer el pasado y el presente, su historia, su patrimonio, su tejido asociativo y sus curiosidades. \u00bfNos acompa\u00f1as?[:ca]El Clot constitueix un dels barris m\u00e9s antics de Sant Mart\u00ed de Provensals. Gr\u00e0cies al pas de la s\u00e8quia comtal fou un territori molt ric, la pres\u00e8ncia d\u2019aigua comport\u00e0 la construcci\u00f3 de molins fariners, aix\u00ed com el cultiu de verdures, hortalisses, flors, etc., aix\u00f2, alhora, feu possible la instal-laci\u00f3 de ruscs d\u2019abelles, dels quals se n\u2019obtenia mel de gran qualitat i per aix\u00f2 que encara avui coneixem un part del barri com, el Clot de la mel.  Amb la revoluci\u00f3 industrial,i l&#039;arribada de les primeres f\u00e0briques, el Clot es defineix com un barri social i culturalment obrer.  Les associacions obreres es multipliquen fruit de les necessitats del moment, fruit d\u2019una poblaci\u00f3 que creixia molt i no trobava per part de la administraci\u00f3 respostes a les necessitats assistencials, educatives, culturals  Un tomb pel Clot per con\u00e8ixer el passat i el present,la seva hist\u00f2ria, el seu patrimoni, el seu teixit associatiu i les seves curiositats. Ens acompanyes?[:]\" \/>\n<meta property=\"og:url\" content=\"https:\/\/monbarcino.com\/producto\/ruta-por-el-clot\/\" \/>\n<meta property=\"og:site_name\" content=\"M\u00f3n Barcino\" \/>\n<meta property=\"article:publisher\" content=\"https:\/\/www.facebook.com\/Monbarcino\/\" \/>\n<meta property=\"article:modified_time\" content=\"2026-04-25T09:41:53+00:00\" \/>\n<meta property=\"og:image\" content=\"https:\/\/monbarcino.com\/wp-content\/uploads\/2023\/03\/edifici-clot-2-scaled.jpg\" \/>\n\t<meta property=\"og:image:width\" content=\"2560\" \/>\n\t<meta property=\"og:image:height\" content=\"1920\" \/>\n\t<meta property=\"og:image:type\" content=\"image\/jpeg\" \/>\n<meta name=\"author\" content=\"Juanjo Martinez\" \/>\n<meta name=\"twitter:card\" content=\"summary_large_image\" \/>\n<meta name=\"twitter:site\" content=\"@monbarcino\" \/>\n<meta name=\"twitter:label1\" content=\"Temps estimat de lectura\" \/>\n\t<meta name=\"twitter:data1\" content=\"1 minut\" \/>\n<script type=\"application\/ld+json\" class=\"yoast-schema-graph\">{\"@context\":\"https:\/\/schema.org\",\"@graph\":[{\"@type\":\"Organization\",\"@id\":\"https:\/\/monbarcino.com\/ca\/#organization\",\"name\":\"MonBarcino\",\"url\":\"https:\/\/monbarcino.com\/ca\/\",\"sameAs\":[\"https:\/\/www.instagram.com\/monbarcino\/\",\"https:\/\/www.facebook.com\/Monbarcino\/\",\"https:\/\/twitter.com\/monbarcino\"],\"logo\":{\"@type\":\"ImageObject\",\"inLanguage\":\"ca\",\"@id\":\"https:\/\/monbarcino.com\/ca\/#\/schema\/logo\/image\/\",\"url\":\"https:\/\/monbarcino.com\/wp-content\/uploads\/2019\/04\/logo.jpg\",\"contentUrl\":\"https:\/\/monbarcino.com\/wp-content\/uploads\/2019\/04\/logo.jpg\",\"width\":750,\"height\":703,\"caption\":\"MonBarcino\"},\"image\":{\"@id\":\"https:\/\/monbarcino.com\/ca\/#\/schema\/logo\/image\/\"}},{\"@type\":\"WebSite\",\"@id\":\"https:\/\/monbarcino.com\/ca\/#website\",\"url\":\"https:\/\/monbarcino.com\/ca\/\",\"name\":\"M\u00f3n Barcino\",\"description\":\"Rutes i visites guiades per Barcelona\",\"publisher\":{\"@id\":\"https:\/\/monbarcino.com\/ca\/#organization\"},\"potentialAction\":[{\"@type\":\"SearchAction\",\"target\":{\"@type\":\"EntryPoint\",\"urlTemplate\":\"https:\/\/monbarcino.com\/ca\/?s={search_term_string}\"},\"query-input\":\"required name=search_term_string\"}],\"inLanguage\":\"ca\"},{\"@type\":\"ImageObject\",\"inLanguage\":\"ca\",\"@id\":\"https:\/\/monbarcino.com\/producto\/ruta-por-el-clot\/#primaryimage\",\"url\":\"https:\/\/monbarcino.com\/wp-content\/uploads\/2023\/03\/edifici-clot-2-scaled.jpg\",\"contentUrl\":\"https:\/\/monbarcino.com\/wp-content\/uploads\/2023\/03\/edifici-clot-2-scaled.jpg\",\"width\":2560,\"height\":1920,\"caption\":\"El Clot\"},{\"@type\":\"WebPage\",\"@id\":\"https:\/\/monbarcino.com\/producto\/ruta-por-el-clot\/#webpage\",\"url\":\"https:\/\/monbarcino.com\/producto\/ruta-por-el-clot\/\",\"name\":\"[:es]Ruta por el Clot[:ca]Ruta pel Clot[:] - M\u00f3n Barcino\",\"isPartOf\":{\"@id\":\"https:\/\/monbarcino.com\/ca\/#website\"},\"primaryImageOfPage\":{\"@id\":\"https:\/\/monbarcino.com\/producto\/ruta-por-el-clot\/#primaryimage\"},\"datePublished\":\"2023-03-09T15:18:41+00:00\",\"dateModified\":\"2026-04-25T09:41:53+00:00\",\"breadcrumb\":{\"@id\":\"https:\/\/monbarcino.com\/producto\/ruta-por-el-clot\/#breadcrumb\"},\"inLanguage\":\"ca\",\"potentialAction\":[{\"@type\":\"ReadAction\",\"target\":[\"https:\/\/monbarcino.com\/producto\/ruta-por-el-clot\/\"]}]},{\"@type\":\"BreadcrumbList\",\"@id\":\"https:\/\/monbarcino.com\/producto\/ruta-por-el-clot\/#breadcrumb\",\"itemListElement\":[{\"@type\":\"ListItem\",\"position\":1,\"name\":\"Portada\",\"item\":\"https:\/\/monbarcino.com\/ca\/\"},{\"@type\":\"ListItem\",\"position\":2,\"name\":\"Rutas\",\"item\":\"http:\/\/monbarcino.com\/rutas\/\"},{\"@type\":\"ListItem\",\"position\":3,\"name\":\"Ruta por el Clot\"}]}]}<\/script>\n<!-- \/ Yoast SEO plugin. -->","yoast_head_json":{"title":"[:es]Ruta por el Clot[:ca]Ruta pel Clot[:] - M\u00f3n Barcino","robots":{"index":"index","follow":"follow","max-snippet":"max-snippet:-1","max-image-preview":"max-image-preview:large","max-video-preview":"max-video-preview:-1"},"canonical":"https:\/\/monbarcino.com\/producto\/ruta-por-el-clot\/","og_locale":"ca_ES","og_type":"article","og_title":"[:es]Ruta por el Clot[:ca]Ruta pel Clot[:] - M\u00f3n Barcino","og_description":"[:es]El Clot constituye uno de los barrios m\u00e1s antiguos de Sant Mart\u00ed de Proven\u00e7als. Gracias al paso de la acequia condal fue un territorio muy rico, la presencia de agua comport\u00f3 la construcci\u00f3n de molinos harineros, as\u00ed como el cultivo de verduras, hortalizas, flores etc., esto, al mismo tiempo, hizo posible la instalaci\u00f3n de colmenas de abejas, de las cuales se obten\u00eda miel de gran calidad y por eso que todav\u00eda hoy conocemos un parte del barrio como, el Clot de la miel.  Con la revoluci\u00f3n industrial, y la llegada de las primeras f\u00e1bricas, el Clot se define como un barrio social y culturalmente obrero.  Las asociaciones obreras se multiplican fruto de las necesidades del momento, fruto de una poblaci\u00f3n que crec\u00eda mucho y no encontraba por parte de la administraci\u00f3n respuestas a las necesidades asistenciales, educativas, culturales  Un paseo por el Clot para conocer el pasado y el presente, su historia, su patrimonio, su tejido asociativo y sus curiosidades. \u00bfNos acompa\u00f1as?[:ca]El Clot constitueix un dels barris m\u00e9s antics de Sant Mart\u00ed de Provensals. Gr\u00e0cies al pas de la s\u00e8quia comtal fou un territori molt ric, la pres\u00e8ncia d\u2019aigua comport\u00e0 la construcci\u00f3 de molins fariners, aix\u00ed com el cultiu de verdures, hortalisses, flors, etc., aix\u00f2, alhora, feu possible la instal-laci\u00f3 de ruscs d\u2019abelles, dels quals se n\u2019obtenia mel de gran qualitat i per aix\u00f2 que encara avui coneixem un part del barri com, el Clot de la mel.  Amb la revoluci\u00f3 industrial,i l'arribada de les primeres f\u00e0briques, el Clot es defineix com un barri social i culturalment obrer.  Les associacions obreres es multipliquen fruit de les necessitats del moment, fruit d\u2019una poblaci\u00f3 que creixia molt i no trobava per part de la administraci\u00f3 respostes a les necessitats assistencials, educatives, culturals  Un tomb pel Clot per con\u00e8ixer el passat i el present,la seva hist\u00f2ria, el seu patrimoni, el seu teixit associatiu i les seves curiositats. Ens acompanyes?[:]","og_url":"https:\/\/monbarcino.com\/producto\/ruta-por-el-clot\/","og_site_name":"M\u00f3n Barcino","article_publisher":"https:\/\/www.facebook.com\/Monbarcino\/","article_modified_time":"2026-04-25T09:41:53+00:00","og_image":[{"width":2560,"height":1920,"url":"https:\/\/monbarcino.com\/wp-content\/uploads\/2023\/03\/edifici-clot-2-scaled.jpg","type":"image\/jpeg"}],"author":"Juanjo Martinez","twitter_card":"summary_large_image","twitter_site":"@monbarcino","twitter_misc":{"Temps estimat de lectura":"1 minut"},"schema":{"@context":"https:\/\/schema.org","@graph":[{"@type":"Organization","@id":"https:\/\/monbarcino.com\/ca\/#organization","name":"MonBarcino","url":"https:\/\/monbarcino.com\/ca\/","sameAs":["https:\/\/www.instagram.com\/monbarcino\/","https:\/\/www.facebook.com\/Monbarcino\/","https:\/\/twitter.com\/monbarcino"],"logo":{"@type":"ImageObject","inLanguage":"ca","@id":"https:\/\/monbarcino.com\/ca\/#\/schema\/logo\/image\/","url":"https:\/\/monbarcino.com\/wp-content\/uploads\/2019\/04\/logo.jpg","contentUrl":"https:\/\/monbarcino.com\/wp-content\/uploads\/2019\/04\/logo.jpg","width":750,"height":703,"caption":"MonBarcino"},"image":{"@id":"https:\/\/monbarcino.com\/ca\/#\/schema\/logo\/image\/"}},{"@type":"WebSite","@id":"https:\/\/monbarcino.com\/ca\/#website","url":"https:\/\/monbarcino.com\/ca\/","name":"M\u00f3n Barcino","description":"Rutes i visites guiades per Barcelona","publisher":{"@id":"https:\/\/monbarcino.com\/ca\/#organization"},"potentialAction":[{"@type":"SearchAction","target":{"@type":"EntryPoint","urlTemplate":"https:\/\/monbarcino.com\/ca\/?s={search_term_string}"},"query-input":"required name=search_term_string"}],"inLanguage":"ca"},{"@type":"ImageObject","inLanguage":"ca","@id":"https:\/\/monbarcino.com\/producto\/ruta-por-el-clot\/#primaryimage","url":"https:\/\/monbarcino.com\/wp-content\/uploads\/2023\/03\/edifici-clot-2-scaled.jpg","contentUrl":"https:\/\/monbarcino.com\/wp-content\/uploads\/2023\/03\/edifici-clot-2-scaled.jpg","width":2560,"height":1920,"caption":"El Clot"},{"@type":"WebPage","@id":"https:\/\/monbarcino.com\/producto\/ruta-por-el-clot\/#webpage","url":"https:\/\/monbarcino.com\/producto\/ruta-por-el-clot\/","name":"[:es]Ruta por el Clot[:ca]Ruta pel Clot[:] - M\u00f3n Barcino","isPartOf":{"@id":"https:\/\/monbarcino.com\/ca\/#website"},"primaryImageOfPage":{"@id":"https:\/\/monbarcino.com\/producto\/ruta-por-el-clot\/#primaryimage"},"datePublished":"2023-03-09T15:18:41+00:00","dateModified":"2026-04-25T09:41:53+00:00","breadcrumb":{"@id":"https:\/\/monbarcino.com\/producto\/ruta-por-el-clot\/#breadcrumb"},"inLanguage":"ca","potentialAction":[{"@type":"ReadAction","target":["https:\/\/monbarcino.com\/producto\/ruta-por-el-clot\/"]}]},{"@type":"BreadcrumbList","@id":"https:\/\/monbarcino.com\/producto\/ruta-por-el-clot\/#breadcrumb","itemListElement":[{"@type":"ListItem","position":1,"name":"Portada","item":"https:\/\/monbarcino.com\/ca\/"},{"@type":"ListItem","position":2,"name":"Rutas","item":"http:\/\/monbarcino.com\/rutas\/"},{"@type":"ListItem","position":3,"name":"Ruta por el Clot"}]}]}},"_links":{"self":[{"href":"https:\/\/monbarcino.com\/ca\/wp-json\/wp\/v2\/product\/2661"}],"collection":[{"href":"https:\/\/monbarcino.com\/ca\/wp-json\/wp\/v2\/product"}],"about":[{"href":"https:\/\/monbarcino.com\/ca\/wp-json\/wp\/v2\/types\/product"}],"replies":[{"embeddable":true,"href":"https:\/\/monbarcino.com\/ca\/wp-json\/wp\/v2\/comments?post=2661"}],"wp:featuredmedia":[{"embeddable":true,"href":"https:\/\/monbarcino.com\/ca\/wp-json\/wp\/v2\/media\/2662"}],"wp:attachment":[{"href":"https:\/\/monbarcino.com\/ca\/wp-json\/wp\/v2\/media?parent=2661"}],"wp:term":[{"taxonomy":"product_cat","embeddable":true,"href":"https:\/\/monbarcino.com\/ca\/wp-json\/wp\/v2\/product_cat?post=2661"},{"taxonomy":"product_tag","embeddable":true,"href":"https:\/\/monbarcino.com\/ca\/wp-json\/wp\/v2\/product_tag?post=2661"}],"curies":[{"name":"wp","href":"https:\/\/api.w.org\/{rel}","templated":true}]}}